{"id":3739,"date":"2025-10-09T00:00:00","date_gmt":"2025-10-08T22:00:00","guid":{"rendered":"https:\/\/yotavis.ch\/product\/sds6058l\/"},"modified":"2026-04-24T13:29:24","modified_gmt":"2026-04-24T11:29:24","slug":"sds6058l","status":"publish","type":"product","link":"https:\/\/yotavis.ch\/de\/produkt\/sds6058l\/","title":{"rendered":"SDS6058L"},"content":{"rendered":"<p>Der SDS6058L ist ein 2U-Ger\u00e4t mit einer vertikalen Aufl\u00f6sung von 8 Bit und einer Bandbreite von 500 MHz. Er bietet 8 Kan\u00e4le, die jeweils mit 5 GSa\/s abtasten k\u00f6nnen, mit einer \u00e4quivalenten Abtastrate von 10 GSa\/s im ESR-Modus. Die Speichertiefe pro Kanal betr\u00e4gt 500 Mpts und erm\u00f6glicht eine umfangreiche Datenerfassung. Dieses Modell unterst\u00fctzt eine Wellenform-Erfassungsrate von 170.000 Wellenformen pro Sekunde, was die F\u00e4higkeit zur Analyse schneller Signal\u00e4nderungen verbessert. Es enth\u00e4lt 4 MATH-Spuren und eine 8 Mpts FFT-Funktion f\u00fcr die erweiterte Signalverarbeitung. Das von Siglent hergestellte SDS6058L ist f\u00fcr die pr\u00e4zise und effiziente Erfassung und Analyse von Hochgeschwindigkeitsdaten ausgelegt.<\/p>","protected":false},"excerpt":{"rendered":"<p>2U; 8-bit\uff0c500 MHz; 8 Kan\u00e4le; 5 GSa\/s (10 GSa\/s ESR) bei jedem Kanal; 500Mpts Speichertiefe; 170.000 wfm\/s Wellenformerfassungsrate; 4 MATH-Spuren, 8 Mpts FFT;<\/p>","protected":false},"featured_media":6329,"comment_status":"closed","ping_status":"closed","template":"","meta":{"_acf_changed":false,"slim_seo":{"title":"SDS6058L - YOTAVIS AG","description":"2U; 8-bit\uff0c500 MHz; 8 channels; 5 GSa\/s (10 GSa\/s ESR) @ each channel; 500Mpts memory depth; 170,000 wfm\/s waveform capture rate; 4 MATH traces, 8 Mpts FFT;"}},"product_brand":[506],"product_cat":[507,539],"product_tag":[],"class_list":{"0":"post-3739","1":"product","2":"type-product","3":"status-publish","4":"has-post-thumbnail","6":"product_brand-siglent","7":"product_cat-oscilloscope","8":"product_cat-without-screen-en","9":"pa_bandwidth-mhz-83","10":"pa_channels-459","11":"pa_digital-channels-opt","12":"pa_memory-depht-mpts-77","13":"pa_sampling-rate-channels-ms-s-458","14":"pa_touch-screen-no","15":"pa_vertical-resolution-bits-340","17":"first","18":"instock","19":"taxable","20":"shipping-taxable","21":"purchasable","22":"product-type-simple"},"acf":[],"_links":{"self":[{"href":"https:\/\/yotavis.ch\/de\/wp-json\/wp\/v2\/product\/3739","targetHints":{"allow":["GET"]}}],"collection":[{"href":"https:\/\/yotavis.ch\/de\/wp-json\/wp\/v2\/product"}],"about":[{"href":"https:\/\/yotavis.ch\/de\/wp-json\/wp\/v2\/types\/product"}],"replies":[{"embeddable":true,"href":"https:\/\/yotavis.ch\/de\/wp-json\/wp\/v2\/comments?post=3739"}],"wp:featuredmedia":[{"embeddable":true,"href":"https:\/\/yotavis.ch\/de\/wp-json\/wp\/v2\/media\/6329"}],"wp:attachment":[{"href":"https:\/\/yotavis.ch\/de\/wp-json\/wp\/v2\/media?parent=3739"}],"wp:term":[{"taxonomy":"product_brand","embeddable":true,"href":"https:\/\/yotavis.ch\/de\/wp-json\/wp\/v2\/product_brand?post=3739"},{"taxonomy":"product_cat","embeddable":true,"href":"https:\/\/yotavis.ch\/de\/wp-json\/wp\/v2\/product_cat?post=3739"},{"taxonomy":"product_tag","embeddable":true,"href":"https:\/\/yotavis.ch\/de\/wp-json\/wp\/v2\/product_tag?post=3739"}],"curies":[{"name":"wp","href":"https:\/\/api.w.org\/{rel}","templated":true}]}}