{"id":3740,"date":"2025-10-09T00:00:00","date_gmt":"2025-10-08T22:00:00","guid":{"rendered":"https:\/\/yotavis.ch\/product\/sds6204l\/"},"modified":"2026-04-24T13:29:24","modified_gmt":"2026-04-24T11:29:24","slug":"sds6204l","status":"publish","type":"product","link":"https:\/\/yotavis.ch\/de\/produkt\/sds6204l\/","title":{"rendered":"SDS6204L"},"content":{"rendered":"<p>Der SDS6204L von Siglent ist ein 1U-Ger\u00e4t mit einer vertikalen Aufl\u00f6sung von 8 Bit und einer Bandbreite von 2000 MHz. Er bietet 4 Kan\u00e4le, die jeweils mit 5 GSa\/s abtasten k\u00f6nnen, mit einer \u00e4quivalenten Abtastrate (ESR) von 10 GSa\/s. Die Speichertiefe pro Kanal betr\u00e4gt 500 Mpts und erm\u00f6glicht eine umfangreiche Datenerfassung. Dieses Modell unterst\u00fctzt eine Wellenform-Erfassungsrate von 170.000 Wellenformen pro Sekunde, was die F\u00e4higkeit zur Analyse schneller Signal\u00e4nderungen verbessert. Zus\u00e4tzlich bietet es 4 MATH-Spuren und eine 8 Mpts FFT f\u00fcr die erweiterte Signalverarbeitung. Das Ger\u00e4t verf\u00fcgt nicht \u00fcber eine Touchscreen-Schnittstelle. Seine Abtastrate pro Kanal betr\u00e4gt 5000 MS\/s, und es ist f\u00fcr Hochgeschwindigkeitsdatenerfassung und -analyse ausgelegt.<\/p>","protected":false},"excerpt":{"rendered":"<p>1U; 8-bit\uff0c2 GHz; 4 Kan\u00e4le; 5 GSa\/s (10 GSa\/s ESR) bei jedem Kanal; 500Mpts Speichertiefe; 170.000 wfm\/s Wellenformerfassungsrate; 4 MATH-Spuren, 8 Mpts FFT;<\/p>","protected":false},"featured_media":6333,"comment_status":"closed","ping_status":"closed","template":"","meta":{"_acf_changed":false,"slim_seo":{"title":"SDS6204L - YOTAVIS AG","description":"1U; 8-bit\uff0c2 GHz; 4 Kan\u00e4le; 5 GSa\/s (10 GSa\/s ESR) bei jedem Kanal; 500Mpts Speichertiefe; 170.000 wfm\/s Wellenformerfassungsrate; 4 MATH-Spuren, 8 Mpts FFT;"}},"product_brand":[506],"product_cat":[507,539],"product_tag":[],"class_list":{"0":"post-3740","1":"product","2":"type-product","3":"status-publish","4":"has-post-thumbnail","6":"product_brand-siglent","7":"product_cat-oscilloscope","8":"product_cat-without-screen-en","9":"pa_bandwidth-mhz-238","10":"pa_channels-338","11":"pa_digital-channels-opt","12":"pa_memory-depht-mpts-77","13":"pa_sampling-rate-channels-ms-s-458","14":"pa_touch-screen-no","15":"pa_vertical-resolution-bits-340","17":"first","18":"instock","19":"taxable","20":"shipping-taxable","21":"purchasable","22":"product-type-simple"},"acf":[],"_links":{"self":[{"href":"https:\/\/yotavis.ch\/de\/wp-json\/wp\/v2\/product\/3740","targetHints":{"allow":["GET"]}}],"collection":[{"href":"https:\/\/yotavis.ch\/de\/wp-json\/wp\/v2\/product"}],"about":[{"href":"https:\/\/yotavis.ch\/de\/wp-json\/wp\/v2\/types\/product"}],"replies":[{"embeddable":true,"href":"https:\/\/yotavis.ch\/de\/wp-json\/wp\/v2\/comments?post=3740"}],"wp:featuredmedia":[{"embeddable":true,"href":"https:\/\/yotavis.ch\/de\/wp-json\/wp\/v2\/media\/6333"}],"wp:attachment":[{"href":"https:\/\/yotavis.ch\/de\/wp-json\/wp\/v2\/media?parent=3740"}],"wp:term":[{"taxonomy":"product_brand","embeddable":true,"href":"https:\/\/yotavis.ch\/de\/wp-json\/wp\/v2\/product_brand?post=3740"},{"taxonomy":"product_cat","embeddable":true,"href":"https:\/\/yotavis.ch\/de\/wp-json\/wp\/v2\/product_cat?post=3740"},{"taxonomy":"product_tag","embeddable":true,"href":"https:\/\/yotavis.ch\/de\/wp-json\/wp\/v2\/product_tag?post=3740"}],"curies":[{"name":"wp","href":"https:\/\/api.w.org\/{rel}","templated":true}]}}