{"id":3741,"date":"2025-10-09T00:00:00","date_gmt":"2025-10-08T22:00:00","guid":{"rendered":"https:\/\/yotavis.ch\/product\/sds6104l\/"},"modified":"2026-04-24T13:29:25","modified_gmt":"2026-04-24T11:29:25","slug":"sds6104l","status":"publish","type":"product","link":"https:\/\/yotavis.ch\/de\/produkt\/sds6104l\/","title":{"rendered":"SDS6104L"},"content":{"rendered":"<p>Das Siglent SDS6104L ist ein 1U-Oszilloskop mit 8 Bit vertikaler Aufl\u00f6sung und einer Bandbreite von 1000 MHz \u00fcber seine 4 Kan\u00e4le. Jeder Kanal unterst\u00fctzt eine Abtastrate von 5 GSa\/s, mit einer \u00e4quivalenten Abtastrate von 10 GSa\/s im ESR-Modus. Das Ger\u00e4t bietet eine Speichertiefe von 500 Mpts, was eine umfangreiche Datenerfassung f\u00fcr detaillierte Analysen erm\u00f6glicht. Es verf\u00fcgt \u00fcber eine Wellenform-Erfassungsrate von 170.000 Wellenformen pro Sekunde, was eine schnelle Signalerfassung erm\u00f6glicht. Das Oszilloskop verf\u00fcgt \u00fcber 4 MATH-Spuren und unterst\u00fctzt 8 Mpts FFT f\u00fcr die erweiterte Signalverarbeitung. Das Modell verf\u00fcgt nicht \u00fcber eine Touchscreen-Schnittstelle. Dank dieser Kombination von Merkmalen eignet sich das SDS6104L f\u00fcr schnelle, hochaufl\u00f6sende Signalmessungen und -analysen.<\/p>","protected":false},"excerpt":{"rendered":"<p>1U;8-bit\uff0c 1 GHz; 4 Kan\u00e4le; 5 GSa\/s (10 GSa\/s ESR) bei jedem Kanal; 500Mpts Speichertiefe; 170.000 wfm\/s Wellenformerfassungsrate; 4 MATH Traces, 8 Mpts FFT;<\/p>","protected":false},"featured_media":6336,"comment_status":"closed","ping_status":"closed","template":"","meta":{"_acf_changed":false,"slim_seo":{"title":"SDS6104L - YOTAVIS AG","description":"1U;8-bit\uff0c 1 GHz; 4 Kan\u00e4le; 5 GSa\/s (10 GSa\/s ESR) bei jedem Kanal; 500Mpts Speichertiefe; 170.000 wfm\/s Wellenformerfassungsrate; 4 MATH Traces, 8 Mpts FFT;"}},"product_brand":[506],"product_cat":[507,539],"product_tag":[],"class_list":{"0":"post-3741","1":"product","2":"type-product","3":"status-publish","4":"has-post-thumbnail","6":"product_brand-siglent","7":"product_cat-oscilloscope","8":"product_cat-without-screen-en","9":"pa_bandwidth-mhz-84","10":"pa_channels-338","11":"pa_digital-channels-opt","12":"pa_memory-depht-mpts-77","13":"pa_sampling-rate-channels-ms-s-458","14":"pa_touch-screen-no","15":"pa_vertical-resolution-bits-340","17":"first","18":"instock","19":"taxable","20":"shipping-taxable","21":"purchasable","22":"product-type-simple"},"acf":[],"_links":{"self":[{"href":"https:\/\/yotavis.ch\/de\/wp-json\/wp\/v2\/product\/3741","targetHints":{"allow":["GET"]}}],"collection":[{"href":"https:\/\/yotavis.ch\/de\/wp-json\/wp\/v2\/product"}],"about":[{"href":"https:\/\/yotavis.ch\/de\/wp-json\/wp\/v2\/types\/product"}],"replies":[{"embeddable":true,"href":"https:\/\/yotavis.ch\/de\/wp-json\/wp\/v2\/comments?post=3741"}],"wp:featuredmedia":[{"embeddable":true,"href":"https:\/\/yotavis.ch\/de\/wp-json\/wp\/v2\/media\/6336"}],"wp:attachment":[{"href":"https:\/\/yotavis.ch\/de\/wp-json\/wp\/v2\/media?parent=3741"}],"wp:term":[{"taxonomy":"product_brand","embeddable":true,"href":"https:\/\/yotavis.ch\/de\/wp-json\/wp\/v2\/product_brand?post=3741"},{"taxonomy":"product_cat","embeddable":true,"href":"https:\/\/yotavis.ch\/de\/wp-json\/wp\/v2\/product_cat?post=3741"},{"taxonomy":"product_tag","embeddable":true,"href":"https:\/\/yotavis.ch\/de\/wp-json\/wp\/v2\/product_tag?post=3741"}],"curies":[{"name":"wp","href":"https:\/\/api.w.org\/{rel}","templated":true}]}}