{"id":3742,"date":"2025-10-09T00:00:00","date_gmt":"2025-10-08T22:00:00","guid":{"rendered":"https:\/\/yotavis.ch\/product\/sds6054l\/"},"modified":"2026-04-24T13:29:25","modified_gmt":"2026-04-24T11:29:25","slug":"sds6054l","status":"publish","type":"product","link":"https:\/\/yotavis.ch\/de\/produkt\/sds6054l\/","title":{"rendered":"SDS6054L"},"content":{"rendered":"<p>Der SDS6054L von Siglent ist ein 1U-Ger\u00e4t mit einer vertikalen Aufl\u00f6sung von 8 Bit und einer Bandbreite von 500 MHz \u00fcber seine 4 Kan\u00e4le. Jeder Kanal unterst\u00fctzt eine Abtastrate von 5 GSa\/s, mit einer entsprechenden Abtastrate von 10 GSa\/s im ESR-Modus. Das Ger\u00e4t bietet eine betr\u00e4chtliche Speichertiefe von 500 Mpts, die eine detaillierte Wellenformanalyse erm\u00f6glicht. Es verf\u00fcgt \u00fcber eine Erfassungsrate von 170.000 Wellenformen pro Sekunde, was eine schnelle Datenerfassung erm\u00f6glicht. Das Ger\u00e4t verf\u00fcgt \u00fcber 4 MATH-Spuren und unterst\u00fctzt eine 8-Mpts-FFT f\u00fcr die erweiterte Signalverarbeitung. Das SDS6054L verf\u00fcgt nicht \u00fcber eine Touchscreen-Schnittstelle. Dieses Modell wurde entwickelt, um Hochgeschwindigkeitssignalmessungen mit Pr\u00e4zision und Effizienz durchzuf\u00fchren.<\/p>","protected":false},"excerpt":{"rendered":"<p>1U; 8-bit\uff0c500 MHz; 4 Kan\u00e4le; 5 GSa\/s (10 GSa\/s ESR) bei jedem Kanal; 500Mpts Speichertiefe; 170.000 wfm\/s Wellenformerfassungsrate; 4 MATH-Spuren, 8 Mpts FFT;<\/p>","protected":false},"featured_media":6333,"comment_status":"closed","ping_status":"closed","template":"","meta":{"_acf_changed":false,"slim_seo":{"title":"SDS6054L - YOTAVIS AG","description":"1U; 8-bit\uff0c500 MHz; 4 channels; 5 GSa\/s (10 GSa\/s ESR) @ each channel; 500Mpts memory depth; 170,000 wfm\/s waveform capture rate; 4 MATH traces, 8 Mpts FFT;"}},"product_brand":[506],"product_cat":[507,539],"product_tag":[],"class_list":{"0":"post-3742","1":"product","2":"type-product","3":"status-publish","4":"has-post-thumbnail","6":"product_brand-siglent","7":"product_cat-oscilloscope","8":"product_cat-without-screen-en","9":"pa_bandwidth-mhz-83","10":"pa_channels-338","11":"pa_digital-channels-opt","12":"pa_memory-depht-mpts-77","13":"pa_sampling-rate-channels-ms-s-458","14":"pa_touch-screen-no","15":"pa_vertical-resolution-bits-340","17":"first","18":"instock","19":"taxable","20":"shipping-taxable","21":"purchasable","22":"product-type-simple"},"acf":[],"_links":{"self":[{"href":"https:\/\/yotavis.ch\/de\/wp-json\/wp\/v2\/product\/3742","targetHints":{"allow":["GET"]}}],"collection":[{"href":"https:\/\/yotavis.ch\/de\/wp-json\/wp\/v2\/product"}],"about":[{"href":"https:\/\/yotavis.ch\/de\/wp-json\/wp\/v2\/types\/product"}],"replies":[{"embeddable":true,"href":"https:\/\/yotavis.ch\/de\/wp-json\/wp\/v2\/comments?post=3742"}],"wp:featuredmedia":[{"embeddable":true,"href":"https:\/\/yotavis.ch\/de\/wp-json\/wp\/v2\/media\/6333"}],"wp:attachment":[{"href":"https:\/\/yotavis.ch\/de\/wp-json\/wp\/v2\/media?parent=3742"}],"wp:term":[{"taxonomy":"product_brand","embeddable":true,"href":"https:\/\/yotavis.ch\/de\/wp-json\/wp\/v2\/product_brand?post=3742"},{"taxonomy":"product_cat","embeddable":true,"href":"https:\/\/yotavis.ch\/de\/wp-json\/wp\/v2\/product_cat?post=3742"},{"taxonomy":"product_tag","embeddable":true,"href":"https:\/\/yotavis.ch\/de\/wp-json\/wp\/v2\/product_tag?post=3742"}],"curies":[{"name":"wp","href":"https:\/\/api.w.org\/{rel}","templated":true}]}}