{"id":3743,"date":"2025-10-09T00:00:00","date_gmt":"2025-10-08T22:00:00","guid":{"rendered":"https:\/\/yotavis.ch\/product\/sds5034x-hd\/"},"modified":"2026-04-24T13:29:30","modified_gmt":"2026-04-24T11:29:30","slug":"sds5034x-hd","status":"publish","type":"product","link":"https:\/\/yotavis.ch\/de\/produkt\/sds5034x-hd\/","title":{"rendered":"SDS5034X HD"},"content":{"rendered":"<p>Der Siglent SDS5034X HD verf\u00fcgt \u00fcber vier Kan\u00e4le mit einer Bandbreite von 350 MHz und einer Abtastrate von 2,5 GSa\/s pro Kanal. Es bietet eine vertikale Aufl\u00f6sung von 12 Bit und eine Speichertiefe von 2,5 Gpts pro Kanal, was eine detaillierte Signalanalyse erm\u00f6glicht. Das Ger\u00e4t ist mit einem kapazitiven 12,1-Zoll-Touchscreen ausgestattet, der eine interaktive und benutzerfreundliche Schnittstelle bietet. Dieses Oszilloskop ist mit seiner Abtastrate von 2500 MS\/s und seiner gro\u00dfen Speicherkapazit\u00e4t f\u00fcr die Erfassung von Hochgeschwindigkeitsdaten ausgelegt. Durch die Kombination dieser Spezifikationen eignet es sich f\u00fcr die gleichzeitige Erfassung und Analyse komplexer Wellenformen \u00fcber mehrere Kan\u00e4le. Der Touchscreen erh\u00f6ht die Benutzerfreundlichkeit und erm\u00f6glicht eine pr\u00e4zise Steuerung und Navigation durch verschiedene Funktionen und Einstellungen. Insgesamt bietet das SDS5034X HD fortschrittliche Funktionen, die eine detaillierte und effiziente Signalmessung und -analyse erm\u00f6glichen.<\/p>","protected":false},"excerpt":{"rendered":"<p>4-Kanal, 350 MHz, 5 GSa\/s, 12 Bit, 2,5 Gpts\/Kanal Speichertiefe, 12,1\u201d kapazitiver Touchscreen<\/p>","protected":false},"featured_media":6340,"comment_status":"closed","ping_status":"closed","template":"","meta":{"_acf_changed":false,"slim_seo":{"title":"SDS5034X HD - YOTAVIS AG","description":"4-Kanal, 350 MHz, 5 GSa\/s, 12 Bit, 2,5 Gpts\/Kanal Speichertiefe, 12,1\u201d kapazitiver Touchscreen"}},"product_brand":[506],"product_cat":[508,507],"product_tag":[],"class_list":{"0":"post-3743","1":"product","2":"type-product","3":"status-publish","4":"has-post-thumbnail","6":"product_brand-siglent","7":"product_cat-desktop-en","8":"product_cat-oscilloscope","9":"pa_bandwidth-mhz-76","10":"pa_channels-338","11":"pa_digital-channels-opt","12":"pa_memory-depht-mpts-244","13":"pa_sampling-rate-channels-ms-s-339","14":"pa_touch-screen-yes","15":"pa_vertical-resolution-bits-348","17":"first","18":"instock","19":"taxable","20":"shipping-taxable","21":"purchasable","22":"product-type-simple"},"acf":[],"_links":{"self":[{"href":"https:\/\/yotavis.ch\/de\/wp-json\/wp\/v2\/product\/3743","targetHints":{"allow":["GET"]}}],"collection":[{"href":"https:\/\/yotavis.ch\/de\/wp-json\/wp\/v2\/product"}],"about":[{"href":"https:\/\/yotavis.ch\/de\/wp-json\/wp\/v2\/types\/product"}],"replies":[{"embeddable":true,"href":"https:\/\/yotavis.ch\/de\/wp-json\/wp\/v2\/comments?post=3743"}],"wp:featuredmedia":[{"embeddable":true,"href":"https:\/\/yotavis.ch\/de\/wp-json\/wp\/v2\/media\/6340"}],"wp:attachment":[{"href":"https:\/\/yotavis.ch\/de\/wp-json\/wp\/v2\/media?parent=3743"}],"wp:term":[{"taxonomy":"product_brand","embeddable":true,"href":"https:\/\/yotavis.ch\/de\/wp-json\/wp\/v2\/product_brand?post=3743"},{"taxonomy":"product_cat","embeddable":true,"href":"https:\/\/yotavis.ch\/de\/wp-json\/wp\/v2\/product_cat?post=3743"},{"taxonomy":"product_tag","embeddable":true,"href":"https:\/\/yotavis.ch\/de\/wp-json\/wp\/v2\/product_tag?post=3743"}],"curies":[{"name":"wp","href":"https:\/\/api.w.org\/{rel}","templated":true}]}}