{"id":3747,"date":"2025-10-09T00:00:00","date_gmt":"2025-10-08T22:00:00","guid":{"rendered":"https:\/\/yotavis.ch\/product\/sds5056x-hd\/"},"modified":"2026-04-24T13:29:31","modified_gmt":"2026-04-24T11:29:31","slug":"sds5056x-hd","status":"publish","type":"product","link":"https:\/\/yotavis.ch\/de\/produkt\/sds5056x-hd\/","title":{"rendered":"SDS5056X HD"},"content":{"rendered":"<p>Der Siglent SDS5056X HD verf\u00fcgt \u00fcber sechs Kan\u00e4le mit einer Bandbreite von 500 MHz und einer Abtastrate von 2,5 GSa\/s pro Kanal. Er bietet eine vertikale Aufl\u00f6sung von 12 Bit und erm\u00f6glicht so eine detaillierte Signalanalyse. Jeder Kanal ist mit einer Speichertiefe von 2,5 Millionen Punkten ausgestattet und bietet damit ausreichend Speicherplatz f\u00fcr die Erfassung komplexer Wellenformen. Das Ger\u00e4t verf\u00fcgt \u00fcber einen kapazitiven 12,1-Zoll-Touchscreen, der die Benutzerinteraktion und -steuerung verbessert. Dieses Oszilloskop ist f\u00fcr die Hochgeschwindigkeitsdatenerfassung mit einer Gesamtabtastrate von 5 GSa\/s ausgelegt. Die Kombination aus hoher Bandbreite, gro\u00dfem Speicher und hoher Aufl\u00f6sung macht es f\u00fcr verschiedene Signalmessaufgaben geeignet. Die Touchscreen-Schnittstelle unterst\u00fctzt eine intuitive Bedienung und eine effiziente Navigation durch Einstellungen und Daten.<\/p>","protected":false},"excerpt":{"rendered":"<p>6-Kanal, 500 MHz, 5 GSa\/s, 12 Bit, 2,5 Gpts\/Kanal Speichertiefe, 12,1\u201d kapazitiver Touchscreen<\/p>","protected":false},"featured_media":6348,"comment_status":"closed","ping_status":"closed","template":"","meta":{"_acf_changed":false,"slim_seo":{"title":"SDS5056X HD - YOTAVIS AG","description":"6-Kanal, 500 MHz, 5 GSa\/s, 12 Bit, 2,5 Gpts\/Kanal Speichertiefe, 12,1\u201d kapazitiver Touchscreen"}},"product_brand":[506],"product_cat":[508,507],"product_tag":[],"class_list":{"0":"post-3747","1":"product","2":"type-product","3":"status-publish","4":"has-post-thumbnail","6":"product_brand-siglent","7":"product_cat-desktop-en","8":"product_cat-oscilloscope","9":"pa_bandwidth-mhz-83","10":"pa_channels-461","11":"pa_digital-channels-opt","12":"pa_memory-depht-mpts-244","13":"pa_sampling-rate-channels-ms-s-339","14":"pa_touch-screen-yes","15":"pa_vertical-resolution-bits-348","17":"first","18":"instock","19":"taxable","20":"shipping-taxable","21":"purchasable","22":"product-type-simple"},"acf":[],"_links":{"self":[{"href":"https:\/\/yotavis.ch\/de\/wp-json\/wp\/v2\/product\/3747","targetHints":{"allow":["GET"]}}],"collection":[{"href":"https:\/\/yotavis.ch\/de\/wp-json\/wp\/v2\/product"}],"about":[{"href":"https:\/\/yotavis.ch\/de\/wp-json\/wp\/v2\/types\/product"}],"replies":[{"embeddable":true,"href":"https:\/\/yotavis.ch\/de\/wp-json\/wp\/v2\/comments?post=3747"}],"wp:featuredmedia":[{"embeddable":true,"href":"https:\/\/yotavis.ch\/de\/wp-json\/wp\/v2\/media\/6348"}],"wp:attachment":[{"href":"https:\/\/yotavis.ch\/de\/wp-json\/wp\/v2\/media?parent=3747"}],"wp:term":[{"taxonomy":"product_brand","embeddable":true,"href":"https:\/\/yotavis.ch\/de\/wp-json\/wp\/v2\/product_brand?post=3747"},{"taxonomy":"product_cat","embeddable":true,"href":"https:\/\/yotavis.ch\/de\/wp-json\/wp\/v2\/product_cat?post=3747"},{"taxonomy":"product_tag","embeddable":true,"href":"https:\/\/yotavis.ch\/de\/wp-json\/wp\/v2\/product_tag?post=3747"}],"curies":[{"name":"wp","href":"https:\/\/api.w.org\/{rel}","templated":true}]}}