{"id":3748,"date":"2025-10-09T00:00:00","date_gmt":"2025-10-08T22:00:00","guid":{"rendered":"https:\/\/yotavis.ch\/product\/sds5106x-hd\/"},"modified":"2026-04-24T13:29:31","modified_gmt":"2026-04-24T11:29:31","slug":"sds5106x-hd","status":"publish","type":"product","link":"https:\/\/yotavis.ch\/de\/produkt\/sds5106x-hd\/","title":{"rendered":"SDS5106X HD"},"content":{"rendered":"<p>Der Siglent SDS5106X HD verf\u00fcgt \u00fcber sechs Kan\u00e4le mit einer Bandbreite von 1 GHz und einer Abtastrate von 2,5 GSa\/s pro Kanal. Er bietet eine vertikale Aufl\u00f6sung von 12 Bit und eine Speichertiefe von 2,5 Millionen Punkten pro Kanal, was eine detaillierte Signalanalyse erm\u00f6glicht. Das Ger\u00e4t ist mit einem kapazitiven 12,1-Zoll-Touchscreen ausgestattet, der eine interaktive und benutzerfreundliche Schnittstelle bietet. Jeder Kanal unterst\u00fctzt eine Abtastrate von 2500 MS\/s, was eine schnelle Datenerfassung gew\u00e4hrleistet. Die Speichertiefe des Oszilloskops von 2500 Mpts erm\u00f6glicht eine erweiterte Wellenformerfassung f\u00fcr eine gr\u00fcndliche Untersuchung. Dieses Modell wurde entwickelt, um komplexe Signalmessungen \u00fcber mehrere Kan\u00e4le gleichzeitig durchzuf\u00fchren. Die Kombination aus hoher Bandbreite, gro\u00dfem Speicher und einem gro\u00dfen Touchscreen macht es f\u00fcr verschiedene Pr\u00fcf- und Diagnoseanwendungen geeignet.<\/p>","protected":false},"excerpt":{"rendered":"<p>6-Kanal, 1 GHz, 5 GSa\/s, 12-Bit, 2,5 Gpts\/Kanal Speichertiefe, 12,1\u201d kapazitiver Touchscreen<\/p>","protected":false},"featured_media":6349,"comment_status":"closed","ping_status":"closed","template":"","meta":{"_acf_changed":false,"slim_seo":{"title":"SDS5106X HD - YOTAVIS AG","description":"6-Kanal, 1 GHz, 5 GSa\/s, 12-Bit, 2,5 Gpts\/Kanal Speichertiefe, 12,1\u201d kapazitiver Touchscreen"}},"product_brand":[506],"product_cat":[508,507],"product_tag":[],"class_list":{"0":"post-3748","1":"product","2":"type-product","3":"status-publish","4":"has-post-thumbnail","6":"product_brand-siglent","7":"product_cat-desktop-en","8":"product_cat-oscilloscope","9":"pa_bandwidth-mhz-84","10":"pa_channels-461","11":"pa_digital-channels-opt","12":"pa_memory-depht-mpts-244","13":"pa_sampling-rate-channels-ms-s-339","14":"pa_touch-screen-yes","15":"pa_vertical-resolution-bits-348","17":"first","18":"instock","19":"taxable","20":"shipping-taxable","21":"purchasable","22":"product-type-simple"},"acf":[],"_links":{"self":[{"href":"https:\/\/yotavis.ch\/de\/wp-json\/wp\/v2\/product\/3748","targetHints":{"allow":["GET"]}}],"collection":[{"href":"https:\/\/yotavis.ch\/de\/wp-json\/wp\/v2\/product"}],"about":[{"href":"https:\/\/yotavis.ch\/de\/wp-json\/wp\/v2\/types\/product"}],"replies":[{"embeddable":true,"href":"https:\/\/yotavis.ch\/de\/wp-json\/wp\/v2\/comments?post=3748"}],"wp:featuredmedia":[{"embeddable":true,"href":"https:\/\/yotavis.ch\/de\/wp-json\/wp\/v2\/media\/6349"}],"wp:attachment":[{"href":"https:\/\/yotavis.ch\/de\/wp-json\/wp\/v2\/media?parent=3748"}],"wp:term":[{"taxonomy":"product_brand","embeddable":true,"href":"https:\/\/yotavis.ch\/de\/wp-json\/wp\/v2\/product_brand?post=3748"},{"taxonomy":"product_cat","embeddable":true,"href":"https:\/\/yotavis.ch\/de\/wp-json\/wp\/v2\/product_cat?post=3748"},{"taxonomy":"product_tag","embeddable":true,"href":"https:\/\/yotavis.ch\/de\/wp-json\/wp\/v2\/product_tag?post=3748"}],"curies":[{"name":"wp","href":"https:\/\/api.w.org\/{rel}","templated":true}]}}