{"id":3749,"date":"2025-10-09T00:00:00","date_gmt":"2025-10-08T22:00:00","guid":{"rendered":"https:\/\/yotavis.ch\/product\/sds5038x-hd\/"},"modified":"2026-04-24T13:29:32","modified_gmt":"2026-04-24T11:29:32","slug":"sds5038x-hd","status":"publish","type":"product","link":"https:\/\/yotavis.ch\/de\/produkt\/sds5038x-hd\/","title":{"rendered":"SDS5038X HD"},"content":{"rendered":"<p>Der Siglent SDS5038X HD verf\u00fcgt \u00fcber 8 Kan\u00e4le mit einer Bandbreite von 350 MHz und einer Abtastrate von 2,5 GSa\/s pro Kanal. Jeder Kanal bietet eine vertikale Aufl\u00f6sung von 12 Bit, was eine detaillierte Signalanalyse erm\u00f6glicht. Das Ger\u00e4t ist mit einer Speichertiefe von 2,5 Gpts pro Kanal ausgestattet und bietet damit ausreichend Speicherplatz f\u00fcr die Erfassung langer Signalsequenzen. Das Ger\u00e4t verf\u00fcgt \u00fcber einen 12,1-Zoll-Touchscreen, der die Benutzerinteraktion und -steuerung verbessert. Die Kombination aus hoher Abtastrate und gro\u00dfer Speichertiefe unterst\u00fctzt die Erfassung und Analyse komplexer Signalformen. Dieses Modell ist f\u00fcr die gleichzeitige Verarbeitung mehrerer Eingangssignale ausgelegt und eignet sich daher f\u00fcr verschiedene Pr\u00fcf- und Messanwendungen. Die Touchscreen-Oberfl\u00e4che erleichtert die intuitive Bedienung und den schnellen Zugriff auf Funktionen.<\/p>","protected":false},"excerpt":{"rendered":"<p>8-Kanal, 350 MHz, 5 GSa\/s, 12 Bit, 2,5 Gpts\/Kanal Speichertiefe, 12,1\u201d kapazitiver Touchscreen<\/p>","protected":false},"featured_media":6351,"comment_status":"closed","ping_status":"closed","template":"","meta":{"_acf_changed":false,"slim_seo":{"title":"SDS5038X HD - YOTAVIS AG","description":"8-Kanal, 350 MHz, 5 GSa\/s, 12 Bit, 2,5 Gpts\/Kanal Speichertiefe, 12,1\u201d kapazitiver Touchscreen"}},"product_brand":[506],"product_cat":[508,507],"product_tag":[],"class_list":{"0":"post-3749","1":"product","2":"type-product","3":"status-publish","4":"has-post-thumbnail","6":"product_brand-siglent","7":"product_cat-desktop-en","8":"product_cat-oscilloscope","9":"pa_bandwidth-mhz-76","10":"pa_channels-459","11":"pa_digital-channels-opt","12":"pa_memory-depht-mpts-244","13":"pa_sampling-rate-channels-ms-s-339","14":"pa_touch-screen-yes","15":"pa_vertical-resolution-bits-348","17":"first","18":"instock","19":"taxable","20":"shipping-taxable","21":"purchasable","22":"product-type-simple"},"acf":[],"_links":{"self":[{"href":"https:\/\/yotavis.ch\/de\/wp-json\/wp\/v2\/product\/3749","targetHints":{"allow":["GET"]}}],"collection":[{"href":"https:\/\/yotavis.ch\/de\/wp-json\/wp\/v2\/product"}],"about":[{"href":"https:\/\/yotavis.ch\/de\/wp-json\/wp\/v2\/types\/product"}],"replies":[{"embeddable":true,"href":"https:\/\/yotavis.ch\/de\/wp-json\/wp\/v2\/comments?post=3749"}],"wp:featuredmedia":[{"embeddable":true,"href":"https:\/\/yotavis.ch\/de\/wp-json\/wp\/v2\/media\/6351"}],"wp:attachment":[{"href":"https:\/\/yotavis.ch\/de\/wp-json\/wp\/v2\/media?parent=3749"}],"wp:term":[{"taxonomy":"product_brand","embeddable":true,"href":"https:\/\/yotavis.ch\/de\/wp-json\/wp\/v2\/product_brand?post=3749"},{"taxonomy":"product_cat","embeddable":true,"href":"https:\/\/yotavis.ch\/de\/wp-json\/wp\/v2\/product_cat?post=3749"},{"taxonomy":"product_tag","embeddable":true,"href":"https:\/\/yotavis.ch\/de\/wp-json\/wp\/v2\/product_tag?post=3749"}],"curies":[{"name":"wp","href":"https:\/\/api.w.org\/{rel}","templated":true}]}}