{"id":3750,"date":"2025-10-09T00:00:00","date_gmt":"2025-10-08T22:00:00","guid":{"rendered":"https:\/\/yotavis.ch\/product\/sds5058x-hd\/"},"modified":"2026-04-24T13:29:32","modified_gmt":"2026-04-24T11:29:32","slug":"sds5058x-hd","status":"publish","type":"product","link":"https:\/\/yotavis.ch\/de\/produkt\/sds5058x-hd\/","title":{"rendered":"SDS5058X HD"},"content":{"rendered":"<p>Der Siglent SDS5058X HD verf\u00fcgt \u00fcber 8 Kan\u00e4le mit einer Bandbreite von 500 MHz und einer Abtastrate von 2,5 GSa\/s pro Kanal. Es bietet eine vertikale Aufl\u00f6sung von 12 Bit und eine Speichertiefe von 2,5 Gpts pro Kanal, was eine detaillierte Signalanalyse erm\u00f6glicht. Das Ger\u00e4t ist mit einem kapazitiven 12,1-Zoll-Touchscreen ausgestattet, der dem Benutzer eine interaktive Schnittstelle bietet. Mit seiner hohen Abtastrate und umfangreichen Speichertiefe ist der SDS5058X HD f\u00fcr die effiziente Erfassung und Analyse komplexer Signalformen ausgelegt. Die Kombination aus 8 Kan\u00e4len und 500 MHz Bandbreite unterst\u00fctzt die mehrkanalige Signalerfassung und -verarbeitung. Die vertikale Aufl\u00f6sung von 12 Bit gew\u00e4hrleistet pr\u00e4zise Amplitudenmessungen \u00fcber alle Kan\u00e4le hinweg. Dieses Modell verf\u00fcgt \u00fcber fortschrittliche Funktionen, die sich f\u00fcr verschiedene Pr\u00fcf- und Messanwendungen eignen.<\/p>","protected":false},"excerpt":{"rendered":"<p>8-Kanal, 500 MHz, 5 GSa\/s, 12 Bit, 2,5 Gpts\/Kanal Speichertiefe, 12,1\u201d kapazitiver Touchscreen<\/p>","protected":false},"featured_media":6352,"comment_status":"closed","ping_status":"closed","template":"","meta":{"_acf_changed":false,"slim_seo":{"title":"SDS5058X HD - YOTAVIS AG","description":"8-Kanal, 500 MHz, 5 GSa\/s, 12 Bit, 2,5 Gpts\/Kanal Speichertiefe, 12,1\u201d kapazitiver Touchscreen"}},"product_brand":[506],"product_cat":[508,507],"product_tag":[],"class_list":{"0":"post-3750","1":"product","2":"type-product","3":"status-publish","4":"has-post-thumbnail","6":"product_brand-siglent","7":"product_cat-desktop-en","8":"product_cat-oscilloscope","9":"pa_bandwidth-mhz-83","10":"pa_channels-459","11":"pa_digital-channels-opt","12":"pa_memory-depht-mpts-244","13":"pa_sampling-rate-channels-ms-s-339","14":"pa_touch-screen-yes","15":"pa_vertical-resolution-bits-348","17":"first","18":"instock","19":"taxable","20":"shipping-taxable","21":"purchasable","22":"product-type-simple"},"acf":[],"_links":{"self":[{"href":"https:\/\/yotavis.ch\/de\/wp-json\/wp\/v2\/product\/3750","targetHints":{"allow":["GET"]}}],"collection":[{"href":"https:\/\/yotavis.ch\/de\/wp-json\/wp\/v2\/product"}],"about":[{"href":"https:\/\/yotavis.ch\/de\/wp-json\/wp\/v2\/types\/product"}],"replies":[{"embeddable":true,"href":"https:\/\/yotavis.ch\/de\/wp-json\/wp\/v2\/comments?post=3750"}],"wp:featuredmedia":[{"embeddable":true,"href":"https:\/\/yotavis.ch\/de\/wp-json\/wp\/v2\/media\/6352"}],"wp:attachment":[{"href":"https:\/\/yotavis.ch\/de\/wp-json\/wp\/v2\/media?parent=3750"}],"wp:term":[{"taxonomy":"product_brand","embeddable":true,"href":"https:\/\/yotavis.ch\/de\/wp-json\/wp\/v2\/product_brand?post=3750"},{"taxonomy":"product_cat","embeddable":true,"href":"https:\/\/yotavis.ch\/de\/wp-json\/wp\/v2\/product_cat?post=3750"},{"taxonomy":"product_tag","embeddable":true,"href":"https:\/\/yotavis.ch\/de\/wp-json\/wp\/v2\/product_tag?post=3750"}],"curies":[{"name":"wp","href":"https:\/\/api.w.org\/{rel}","templated":true}]}}