{"id":3752,"date":"2025-10-09T00:00:00","date_gmt":"2025-10-08T22:00:00","guid":{"rendered":"https:\/\/yotavis.ch\/product\/sds5038l\/"},"modified":"2026-04-24T13:29:38","modified_gmt":"2026-04-24T11:29:38","slug":"sds5038l","status":"publish","type":"product","link":"https:\/\/yotavis.ch\/de\/produkt\/sds5038l\/","title":{"rendered":"SDS5038L"},"content":{"rendered":"<p>Der Siglent SDS5038L ist ein 8-Kanal-Ger\u00e4t mit einer Bandbreite von 350 MHz und einer Abtastrate von 5 GSa\/s. Es bietet eine vertikale Aufl\u00f6sung von 12 Bit, die eine detaillierte Signaldarstellung gew\u00e4hrleistet. Jeder Kanal unterst\u00fctzt eine Abtastrate von 2500 MS\/s und eine Speichertiefe von 2500 Mpts, was eine umfangreiche Datenerfassung und -analyse erm\u00f6glicht. Das Ger\u00e4t verf\u00fcgt \u00fcber digitale Kan\u00e4le, die seine Funktionalit\u00e4t f\u00fcr verschiedene Anwendungen erweitern. Das SDS5038L wurde mit einem niedrigen Profil entwickelt und verf\u00fcgt nicht \u00fcber eine Touchscreen-Schnittstelle. Dieses Modell ist f\u00fcr die gleichzeitige Verarbeitung mehrerer Eingangssignale ausgelegt und eignet sich daher f\u00fcr komplexe Pr\u00fcfumgebungen. Seine Spezifikationen zeigen ein ausgewogenes Verh\u00e4ltnis zwischen hoher Abtastgeschwindigkeit und gro\u00dfer Speicherkapazit\u00e4t.<\/p>","protected":false},"excerpt":{"rendered":"<p>8-Kanal, 350 MHz, 5 GSa\/s, 12-Bit, niedriges Profil<\/p>","protected":false},"featured_media":6362,"comment_status":"closed","ping_status":"closed","template":"","meta":{"_acf_changed":false,"slim_seo":{"title":"SDS5038L - YOTAVIS AG","description":"8-Kanal, 350 MHz, 5 GSa\/s, 12-Bit, niedriges Profil"}},"product_brand":[506],"product_cat":[507,539],"product_tag":[],"class_list":{"0":"post-3752","1":"product","2":"type-product","3":"status-publish","4":"has-post-thumbnail","6":"product_brand-siglent","7":"product_cat-oscilloscope","8":"product_cat-without-screen-en","9":"pa_bandwidth-mhz-76","10":"pa_channels-459","11":"pa_digital-channels-yes","12":"pa_memory-depht-mpts-244","13":"pa_sampling-rate-channels-ms-s-339","14":"pa_touch-screen-no","15":"pa_vertical-resolution-bits-348","17":"first","18":"instock","19":"taxable","20":"shipping-taxable","21":"purchasable","22":"product-type-simple"},"acf":[],"_links":{"self":[{"href":"https:\/\/yotavis.ch\/de\/wp-json\/wp\/v2\/product\/3752","targetHints":{"allow":["GET"]}}],"collection":[{"href":"https:\/\/yotavis.ch\/de\/wp-json\/wp\/v2\/product"}],"about":[{"href":"https:\/\/yotavis.ch\/de\/wp-json\/wp\/v2\/types\/product"}],"replies":[{"embeddable":true,"href":"https:\/\/yotavis.ch\/de\/wp-json\/wp\/v2\/comments?post=3752"}],"wp:featuredmedia":[{"embeddable":true,"href":"https:\/\/yotavis.ch\/de\/wp-json\/wp\/v2\/media\/6362"}],"wp:attachment":[{"href":"https:\/\/yotavis.ch\/de\/wp-json\/wp\/v2\/media?parent=3752"}],"wp:term":[{"taxonomy":"product_brand","embeddable":true,"href":"https:\/\/yotavis.ch\/de\/wp-json\/wp\/v2\/product_brand?post=3752"},{"taxonomy":"product_cat","embeddable":true,"href":"https:\/\/yotavis.ch\/de\/wp-json\/wp\/v2\/product_cat?post=3752"},{"taxonomy":"product_tag","embeddable":true,"href":"https:\/\/yotavis.ch\/de\/wp-json\/wp\/v2\/product_tag?post=3752"}],"curies":[{"name":"wp","href":"https:\/\/api.w.org\/{rel}","templated":true}]}}