{"id":3753,"date":"2025-10-09T00:00:00","date_gmt":"2025-10-08T22:00:00","guid":{"rendered":"https:\/\/yotavis.ch\/product\/sds5058l\/"},"modified":"2026-04-24T13:29:38","modified_gmt":"2026-04-24T11:29:38","slug":"sds5058l","status":"publish","type":"product","link":"https:\/\/yotavis.ch\/de\/produkt\/sds5058l\/","title":{"rendered":"SDS5058L"},"content":{"rendered":"<p>Der Siglent SDS5058L ist ein 8-Kanal-Ger\u00e4t mit einer Bandbreite von 500 MHz und einer Abtastrate von 2,5 GSa\/s pro Kanal. Es bietet eine vertikale Aufl\u00f6sung von 12 Bit und damit eine detaillierte Signaldarstellung. Die Speichertiefe betr\u00e4gt 2500 Mpts und erm\u00f6glicht eine umfangreiche Datenerfassung und -analyse. Dieses Modell umfasst digitale Kan\u00e4le, die seine Funktionalit\u00e4t f\u00fcr verschiedene Anwendungen erweitern. Das Ger\u00e4t hat ein niedriges Profil, so dass es sich f\u00fcr Umgebungen eignet, in denen Platz eine Rolle spielt. Es verf\u00fcgt nicht \u00fcber eine Touchscreen-Schnittstelle. Der SDS5058L arbeitet mit einer Abtastrate von insgesamt 5 GSa\/s und unterst\u00fctzt die Hochgeschwindigkeitsdatenerfassung \u00fcber alle Kan\u00e4le.<\/p>","protected":false},"excerpt":{"rendered":"<p>8-Kanal, 500 MHz, 5 GSa\/s, 12-Bit, niedriges Profil<\/p>","protected":false},"featured_media":6363,"comment_status":"closed","ping_status":"closed","template":"","meta":{"_acf_changed":false,"slim_seo":{"title":"SDS5058L - YOTAVIS AG","description":"8-Kanal, 500 MHz, 5 GSa\/s, 12-Bit, niedriges Profil"}},"product_brand":[506],"product_cat":[507,539],"product_tag":[],"class_list":{"0":"post-3753","1":"product","2":"type-product","3":"status-publish","4":"has-post-thumbnail","6":"product_brand-siglent","7":"product_cat-oscilloscope","8":"product_cat-without-screen-en","9":"pa_bandwidth-mhz-83","10":"pa_channels-459","11":"pa_digital-channels-yes","12":"pa_memory-depht-mpts-244","13":"pa_sampling-rate-channels-ms-s-339","14":"pa_touch-screen-no","15":"pa_vertical-resolution-bits-348","17":"first","18":"instock","19":"taxable","20":"shipping-taxable","21":"purchasable","22":"product-type-simple"},"acf":[],"_links":{"self":[{"href":"https:\/\/yotavis.ch\/de\/wp-json\/wp\/v2\/product\/3753","targetHints":{"allow":["GET"]}}],"collection":[{"href":"https:\/\/yotavis.ch\/de\/wp-json\/wp\/v2\/product"}],"about":[{"href":"https:\/\/yotavis.ch\/de\/wp-json\/wp\/v2\/types\/product"}],"replies":[{"embeddable":true,"href":"https:\/\/yotavis.ch\/de\/wp-json\/wp\/v2\/comments?post=3753"}],"wp:featuredmedia":[{"embeddable":true,"href":"https:\/\/yotavis.ch\/de\/wp-json\/wp\/v2\/media\/6363"}],"wp:attachment":[{"href":"https:\/\/yotavis.ch\/de\/wp-json\/wp\/v2\/media?parent=3753"}],"wp:term":[{"taxonomy":"product_brand","embeddable":true,"href":"https:\/\/yotavis.ch\/de\/wp-json\/wp\/v2\/product_brand?post=3753"},{"taxonomy":"product_cat","embeddable":true,"href":"https:\/\/yotavis.ch\/de\/wp-json\/wp\/v2\/product_cat?post=3753"},{"taxonomy":"product_tag","embeddable":true,"href":"https:\/\/yotavis.ch\/de\/wp-json\/wp\/v2\/product_tag?post=3753"}],"curies":[{"name":"wp","href":"https:\/\/api.w.org\/{rel}","templated":true}]}}