{"id":3754,"date":"2025-10-09T00:00:00","date_gmt":"2025-10-08T22:00:00","guid":{"rendered":"https:\/\/yotavis.ch\/product\/sds5108l\/"},"modified":"2026-04-24T13:29:39","modified_gmt":"2026-04-24T11:29:39","slug":"sds5108l","status":"publish","type":"product","link":"https:\/\/yotavis.ch\/de\/produkt\/sds5108l\/","title":{"rendered":"SDS5108L"},"content":{"rendered":"<p>Der Siglent SDS5108L ist ein 8-Kanal-Ger\u00e4t mit einer Bandbreite von 1000 MHz und einer Abtastrate von 2500 MS\/s pro Kanal. Er bietet eine vertikale Aufl\u00f6sung von 12 Bit und damit eine detaillierte Signaldarstellung. Die Speichertiefe betr\u00e4gt 2500 Mpts, was eine umfangreiche Datenerfassung w\u00e4hrend des Betriebs erm\u00f6glicht. Dieses Modell umfasst digitale Kan\u00e4le, was seine Vielseitigkeit f\u00fcr verschiedene Anwendungen erh\u00f6ht. Das Ger\u00e4t hat ein niedriges Profil und eignet sich daher f\u00fcr Installationen, bei denen der Platz eine Rolle spielt. Es verf\u00fcgt nicht \u00fcber eine Touchscreen-Schnittstelle. Der SDS5108L arbeitet mit einer maximalen Bandbreite von 1 GHz und unterst\u00fctzt eine Abtastrate von insgesamt 5 GSa\/s.<\/p>","protected":false},"excerpt":{"rendered":"<p>8-Kanal, 1 GHz, 5 GSa\/s, 12-Bit, niedriges Profil<\/p>","protected":false},"featured_media":6361,"comment_status":"closed","ping_status":"closed","template":"","meta":{"_acf_changed":false,"slim_seo":{"title":"SDS5108L - YOTAVIS AG","description":"8-Kanal, 1 GHz, 5 GSa\/s, 12-Bit, niedriges Profil"}},"product_brand":[506],"product_cat":[507,539],"product_tag":[],"class_list":{"0":"post-3754","1":"product","2":"type-product","3":"status-publish","4":"has-post-thumbnail","6":"product_brand-siglent","7":"product_cat-oscilloscope","8":"product_cat-without-screen-en","9":"pa_bandwidth-mhz-84","10":"pa_channels-459","11":"pa_digital-channels-yes","12":"pa_memory-depht-mpts-244","13":"pa_sampling-rate-channels-ms-s-339","14":"pa_touch-screen-no","15":"pa_vertical-resolution-bits-348","17":"first","18":"instock","19":"taxable","20":"shipping-taxable","21":"purchasable","22":"product-type-simple"},"acf":[],"_links":{"self":[{"href":"https:\/\/yotavis.ch\/de\/wp-json\/wp\/v2\/product\/3754","targetHints":{"allow":["GET"]}}],"collection":[{"href":"https:\/\/yotavis.ch\/de\/wp-json\/wp\/v2\/product"}],"about":[{"href":"https:\/\/yotavis.ch\/de\/wp-json\/wp\/v2\/types\/product"}],"replies":[{"embeddable":true,"href":"https:\/\/yotavis.ch\/de\/wp-json\/wp\/v2\/comments?post=3754"}],"wp:featuredmedia":[{"embeddable":true,"href":"https:\/\/yotavis.ch\/de\/wp-json\/wp\/v2\/media\/6361"}],"wp:attachment":[{"href":"https:\/\/yotavis.ch\/de\/wp-json\/wp\/v2\/media?parent=3754"}],"wp:term":[{"taxonomy":"product_brand","embeddable":true,"href":"https:\/\/yotavis.ch\/de\/wp-json\/wp\/v2\/product_brand?post=3754"},{"taxonomy":"product_cat","embeddable":true,"href":"https:\/\/yotavis.ch\/de\/wp-json\/wp\/v2\/product_cat?post=3754"},{"taxonomy":"product_tag","embeddable":true,"href":"https:\/\/yotavis.ch\/de\/wp-json\/wp\/v2\/product_tag?post=3754"}],"curies":[{"name":"wp","href":"https:\/\/api.w.org\/{rel}","templated":true}]}}