{"id":3755,"date":"2025-10-09T00:00:00","date_gmt":"2025-10-08T22:00:00","guid":{"rendered":"https:\/\/yotavis.ch\/product\/odp6050b\/"},"modified":"2026-04-24T13:29:46","modified_gmt":"2026-04-24T11:29:46","slug":"odp6050b","status":"publish","type":"product","link":"https:\/\/yotavis.ch\/de\/produkt\/odp6050b\/","title":{"rendered":"ODP6050B"},"content":{"rendered":"<p>Der ODP6050B ist ein optisch isolierter Tastkopf mit einer Bandbreite von 500 MHz und einem 50-fachen D\u00e4mpfungsfaktor. Sie unterst\u00fctzt eine maximale differentielle Pr\u00fcfspannung von plus oder minus 25 Volt f\u00fcr Gleichstrom- und Spitzenwechselstrommessungen. Die Sonde verf\u00fcgt \u00fcber einen isolierten Spannungswert von bis zu 60 Kilovolt, was einen sicheren Betrieb in Hochspannungsumgebungen gew\u00e4hrleistet. Die Stromversorgung kann entweder \u00fcber einen 5-Volt-Gleichstromadapter oder eine 7,4-Volt-Batterie erfolgen, was Flexibilit\u00e4t f\u00fcr verschiedene Einsatzszenarien bietet. Das Ger\u00e4t enth\u00e4lt Standardabschw\u00e4cher mit Optionen f\u00fcr 50X, 1000X, 2000X und 5000X, die eine breite Palette von Signalskalierungen erm\u00f6glichen. Die von Siglent hergestellte Sonde ist so konzipiert, dass sie universell einsetzbar ist und sich f\u00fcr verschiedene Testaufbauten eignet. Dank dieser Kombination von Merkmalen eignet sich der ODP6050B f\u00fcr pr\u00e4zise und isolierte Spannungsmessungen \u00fcber einen breiten Frequenzbereich.<\/p>","protected":false},"excerpt":{"rendered":"<p>Optisch isolierte Sonde: 500 MHz, 50X, Max. Differenzielle Pr\u00fcfspannung (DC + Peak AC) +\/-25 V, Isolierte Spannung +\/-60 kV, DC 5 V Adapter oder 7,4 V Batterie Stromversorgung, Standard 50X\/1000X\/2000X\/5000X Abschw\u00e4cher<\/p>","protected":false},"featured_media":6366,"comment_status":"closed","ping_status":"closed","template":"","meta":{"_acf_changed":false,"slim_seo":{"title":"ODP6050B - YOTAVIS AG","description":"Optical isolated probe: 500 MHz, 50X, Max. Differential Test Voltage (DC + Peak AC) +\/-25 V, Isolated Voltage +\/-60 kV, DC 5 V adapter or 7.4 V battery Power su"}},"product_brand":[506],"product_cat":[535,509],"product_tag":[],"class_list":{"0":"post-3755","1":"product","2":"type-product","3":"status-publish","4":"has-post-thumbnail","6":"product_brand-siglent","7":"product_cat-differential-probes-en","8":"product_cat-probes-en","9":"pa_bandwidth-mhz-83","10":"pa_interface-uniiversal","11":"pa_voltage-max-v-246","13":"first","14":"instock","15":"taxable","16":"shipping-taxable","17":"purchasable","18":"product-type-simple"},"acf":[],"_links":{"self":[{"href":"https:\/\/yotavis.ch\/de\/wp-json\/wp\/v2\/product\/3755","targetHints":{"allow":["GET"]}}],"collection":[{"href":"https:\/\/yotavis.ch\/de\/wp-json\/wp\/v2\/product"}],"about":[{"href":"https:\/\/yotavis.ch\/de\/wp-json\/wp\/v2\/types\/product"}],"replies":[{"embeddable":true,"href":"https:\/\/yotavis.ch\/de\/wp-json\/wp\/v2\/comments?post=3755"}],"wp:featuredmedia":[{"embeddable":true,"href":"https:\/\/yotavis.ch\/de\/wp-json\/wp\/v2\/media\/6366"}],"wp:attachment":[{"href":"https:\/\/yotavis.ch\/de\/wp-json\/wp\/v2\/media?parent=3755"}],"wp:term":[{"taxonomy":"product_brand","embeddable":true,"href":"https:\/\/yotavis.ch\/de\/wp-json\/wp\/v2\/product_brand?post=3755"},{"taxonomy":"product_cat","embeddable":true,"href":"https:\/\/yotavis.ch\/de\/wp-json\/wp\/v2\/product_cat?post=3755"},{"taxonomy":"product_tag","embeddable":true,"href":"https:\/\/yotavis.ch\/de\/wp-json\/wp\/v2\/product_tag?post=3755"}],"curies":[{"name":"wp","href":"https:\/\/api.w.org\/{rel}","templated":true}]}}