{"id":3756,"date":"2025-10-09T00:00:00","date_gmt":"2025-10-08T22:00:00","guid":{"rendered":"https:\/\/yotavis.ch\/product\/odp6100b\/"},"modified":"2026-04-24T13:29:47","modified_gmt":"2026-04-24T11:29:47","slug":"odp6100b","status":"publish","type":"product","link":"https:\/\/yotavis.ch\/de\/produkt\/odp6100b\/","title":{"rendered":"ODP6100B"},"content":{"rendered":"<p>Der Siglent ODP6100B ist ein isolierter optischer Tastkopf, der mit einer Bandbreite von 1 GHz und einer Standardabschw\u00e4chung von 50X, 1000X, 2000X und 5000X arbeitet. Er unterst\u00fctzt eine maximale differentielle Pr\u00fcfspannung von plus\/minus 25 Volt f\u00fcr DC- und AC-Spitzenmessungen, w\u00e4hrend seine isolierte Spannungsf\u00e4higkeit bis zu plus\/minus 60 Kilovolt reicht. Das Ger\u00e4t kann entweder \u00fcber einen 5-Volt-Gleichstromadapter oder eine 7,4-Volt-Batterie mit Strom versorgt werden und bietet so Flexibilit\u00e4t in verschiedenen Pr\u00fcfumgebungen. Dieser Tastkopf ist f\u00fcr Anwendungen geeignet, die eine hohe Spannungsisolierung und eine pr\u00e4zise Signald\u00e4mpfung erfordern. Sein Design gew\u00e4hrleistet die Kompatibilit\u00e4t mit einer Reihe von Messaufbauten, insbesondere dort, wo die elektrische Isolierung kritisch ist. Die Einbeziehung mehrerer D\u00e4mpfungsoptionen erm\u00f6glicht die Anpassung an die Signalst\u00e4rke und die Messanforderungen. Der ODP6100B ist Teil der Produktpalette von Siglent, die f\u00fcr ihre technischen Spezifikationen bekannt ist, die den fortschrittlichen Anforderungen der Elektronikpr\u00fcfung gerecht werden.<\/p>","protected":false},"excerpt":{"rendered":"<p>Optisch isolierte Sonde: 1 GHz, 50X, Max. Differenzielle Pr\u00fcfspannung (DC + Peak AC) +\/-25 V, Isolierte Spannung +\/-60 kV, DC 5 V Adapter oder 7,4 V Batterie Stromversorgung, Standard 50X\/1000X\/2000X\/5000X Abschw\u00e4cher<\/p>","protected":false},"featured_media":6367,"comment_status":"closed","ping_status":"closed","template":"","meta":{"_acf_changed":false,"slim_seo":{"title":"ODP6100B - YOTAVIS AG","description":"Optical isolated probe: 1 GHz, 50X, Max. Differential Test Voltage (DC + Peak AC) +\/-25 V, Isolated Voltage +\/-60 kV, DC 5 V adapter or 7.4 V battery Power supp"}},"product_brand":[506],"product_cat":[535,509],"product_tag":[],"class_list":{"0":"post-3756","1":"product","2":"type-product","3":"status-publish","4":"has-post-thumbnail","6":"product_brand-siglent","7":"product_cat-differential-probes-en","8":"product_cat-probes-en","9":"pa_bandwidth-mhz-84","10":"pa_interface-uniiversal","11":"pa_voltage-max-v-246","13":"first","14":"instock","15":"taxable","16":"shipping-taxable","17":"purchasable","18":"product-type-simple"},"acf":[],"_links":{"self":[{"href":"https:\/\/yotavis.ch\/de\/wp-json\/wp\/v2\/product\/3756","targetHints":{"allow":["GET"]}}],"collection":[{"href":"https:\/\/yotavis.ch\/de\/wp-json\/wp\/v2\/product"}],"about":[{"href":"https:\/\/yotavis.ch\/de\/wp-json\/wp\/v2\/types\/product"}],"replies":[{"embeddable":true,"href":"https:\/\/yotavis.ch\/de\/wp-json\/wp\/v2\/comments?post=3756"}],"wp:featuredmedia":[{"embeddable":true,"href":"https:\/\/yotavis.ch\/de\/wp-json\/wp\/v2\/media\/6367"}],"wp:attachment":[{"href":"https:\/\/yotavis.ch\/de\/wp-json\/wp\/v2\/media?parent=3756"}],"wp:term":[{"taxonomy":"product_brand","embeddable":true,"href":"https:\/\/yotavis.ch\/de\/wp-json\/wp\/v2\/product_brand?post=3756"},{"taxonomy":"product_cat","embeddable":true,"href":"https:\/\/yotavis.ch\/de\/wp-json\/wp\/v2\/product_cat?post=3756"},{"taxonomy":"product_tag","embeddable":true,"href":"https:\/\/yotavis.ch\/de\/wp-json\/wp\/v2\/product_tag?post=3756"}],"curies":[{"name":"wp","href":"https:\/\/api.w.org\/{rel}","templated":true}]}}