{"id":3757,"date":"2025-10-09T00:00:00","date_gmt":"2025-10-08T22:00:00","guid":{"rendered":"https:\/\/yotavis.ch\/product\/sna5002a\/"},"modified":"2026-04-24T13:29:50","modified_gmt":"2026-04-24T11:29:50","slug":"sna5002a","status":"publish","type":"product","link":"https:\/\/yotavis.ch\/de\/produkt\/sna5002a\/","title":{"rendered":"SNA5002A"},"content":{"rendered":"<p>Der Siglent SNA5002A arbeitet in einem Frequenzbereich von 9 kHz bis 4,5 GHz und verf\u00fcgt \u00fcber zwei Anschl\u00fcsse f\u00fcr eine vielseitige Konnektivit\u00e4t. Es bietet eine Frequenzaufl\u00f6sung von 1 Hz, was pr\u00e4zise Frequenzmessungen erm\u00f6glicht. Die Zwischenfrequenzbandbreite (IFBW) des Ger\u00e4ts reicht von 10 Hz bis 3 MHz und unterst\u00fctzt eine detaillierte Signalanalyse. Mit einem Dynamikbereich von 125 dB kann es ein breites Spektrum von Signalamplituden verarbeiten. Der Ausgangspegelbereich reicht von -55 dBm bis +10 dBm und bietet damit Flexibilit\u00e4t bei den Signalausgangspegeln. Das Ger\u00e4t ist mit einem 12,1-Zoll-Touchscreen ausgestattet, der dem Benutzer die Interaktion und Steuerung erleichtert. Die maximale Frequenzkapazit\u00e4t liegt bei 4,5 GHz, die minimale Frequenz bei 9 kHz und deckt damit ein breites Spektrum an Anwendungen ab. Durch diese Kombination von Merkmalen ist das SNA5002A f\u00fcr verschiedene Frequenz- und Signalmessaufgaben geeignet.<\/p>","protected":false},"excerpt":{"rendered":"<p>Frequency Range: 9 kHz~4.5 GHz, 2 ports\uff0cFrequencey Resolution 1 Hz, IFBW 10 Hz~3 MHz, Dynamic Range 125 dB, Output Level Range -55 dBm ~ +10 dBm, 12.1&#8221; Touch Screen<\/p>","protected":false},"featured_media":6378,"comment_status":"closed","ping_status":"closed","template":"","meta":{"_acf_changed":false,"slim_seo":{"title":"SNA5002A - YOTAVIS AG","description":"Frequency Range: 9 kHz~4.5 GHz, 2 ports\uff0cFrequencey Resolution 1 Hz, IFBW 10 Hz~3 MHz, Dynamic Range 125 dB, Output Level Range -55 dBm ~ +10 dBm, 12.1'' Touch S"}},"product_brand":[506],"product_cat":[523,525],"product_tag":[],"class_list":{"0":"post-3757","1":"product","2":"type-product","3":"status-publish","4":"has-post-thumbnail","6":"product_brand-siglent","7":"product_cat-analyser","8":"product_cat-vna","9":"pa_dynamic-range-db-248","10":"pa_frequency-max-mhz-462","11":"pa_frequency-min-hz-177","12":"pa_handheld-no","13":"pa_ports-188","15":"first","16":"instock","17":"taxable","18":"shipping-taxable","19":"purchasable","20":"product-type-simple"},"acf":[],"_links":{"self":[{"href":"https:\/\/yotavis.ch\/de\/wp-json\/wp\/v2\/product\/3757","targetHints":{"allow":["GET"]}}],"collection":[{"href":"https:\/\/yotavis.ch\/de\/wp-json\/wp\/v2\/product"}],"about":[{"href":"https:\/\/yotavis.ch\/de\/wp-json\/wp\/v2\/types\/product"}],"replies":[{"embeddable":true,"href":"https:\/\/yotavis.ch\/de\/wp-json\/wp\/v2\/comments?post=3757"}],"wp:featuredmedia":[{"embeddable":true,"href":"https:\/\/yotavis.ch\/de\/wp-json\/wp\/v2\/media\/6378"}],"wp:attachment":[{"href":"https:\/\/yotavis.ch\/de\/wp-json\/wp\/v2\/media?parent=3757"}],"wp:term":[{"taxonomy":"product_brand","embeddable":true,"href":"https:\/\/yotavis.ch\/de\/wp-json\/wp\/v2\/product_brand?post=3757"},{"taxonomy":"product_cat","embeddable":true,"href":"https:\/\/yotavis.ch\/de\/wp-json\/wp\/v2\/product_cat?post=3757"},{"taxonomy":"product_tag","embeddable":true,"href":"https:\/\/yotavis.ch\/de\/wp-json\/wp\/v2\/product_tag?post=3757"}],"curies":[{"name":"wp","href":"https:\/\/api.w.org\/{rel}","templated":true}]}}