{"id":3758,"date":"2025-10-09T00:00:00","date_gmt":"2025-10-08T22:00:00","guid":{"rendered":"https:\/\/yotavis.ch\/product\/sna5004a\/"},"modified":"2026-04-24T13:29:50","modified_gmt":"2026-04-24T11:29:50","slug":"sna5004a","status":"publish","type":"product","link":"https:\/\/yotavis.ch\/de\/produkt\/sna5004a\/","title":{"rendered":"SNA5004A"},"content":{"rendered":"<p>Der Siglent SNA5004A arbeitet in einem Frequenzbereich von 9 kHz bis 4,5 GHz und bietet eine vielseitige Abdeckung f\u00fcr verschiedene Signalanalyseanforderungen. Er verf\u00fcgt \u00fcber vier Anschl\u00fcsse, die eine Vielzahl von Eingangs- und Ausgangskonfigurationen erm\u00f6glichen. Das Ger\u00e4t bietet eine Frequenzaufl\u00f6sung von 1 Hz und erm\u00f6glicht so pr\u00e4zise Frequenzmessungen. Seine Zwischenfrequenz-Bandbreite (IFBW) reicht von 10 Hz bis 3 MHz und unterst\u00fctzt eine detaillierte Signalfilterung und -analyse. Der Dynamikbereich des SNA5004A betr\u00e4gt 125 dB, was die Erfassung von Signalen mit einem breiten Amplitudenbereich erm\u00f6glicht. Der Ausgangspegelbereich reicht von -55 dBm bis +10 dBm und wird so den unterschiedlichen Anforderungen an die Signalst\u00e4rke gerecht. Dar\u00fcber hinaus ist das Ger\u00e4t mit einem 12,1-Zoll-Touchscreen ausgestattet, der die Benutzerinteraktion und -steuerung verbessert. Dank dieser Kombination von Merkmalen eignet sich das SNA5004A f\u00fcr umfassende Signalanalyseaufgaben.<\/p>","protected":false},"excerpt":{"rendered":"<p>Frequency Range: 9 kHz~4.5 GHz, 4 ports\uff0cFrequencey Resolution 1 Hz, IFBW 10 Hz~3 MHz, Dynamic Range 125 dB, Output Level Range -55 dBm ~ +10 dBm, 12.1&#8221; Touch Screen<\/p>","protected":false},"featured_media":6379,"comment_status":"closed","ping_status":"closed","template":"","meta":{"_acf_changed":false,"slim_seo":{"title":"SNA5004A - YOTAVIS AG","description":"Frequency Range: 9 kHz~4.5 GHz, 4 ports\uff0cFrequencey Resolution 1 Hz, IFBW 10 Hz~3 MHz, Dynamic Range 125 dB, Output Level Range -55 dBm ~ +10 dBm, 12.1'' Touch S"}},"product_brand":[506],"product_cat":[523,525],"product_tag":[],"class_list":{"0":"post-3758","1":"product","2":"type-product","3":"status-publish","4":"has-post-thumbnail","6":"product_brand-siglent","7":"product_cat-analyser","8":"product_cat-vna","9":"pa_dynamic-range-db-248","10":"pa_frequency-max-mhz-462","11":"pa_frequency-min-hz-177","12":"pa_handheld-no","13":"pa_ports-249","15":"first","16":"instock","17":"taxable","18":"shipping-taxable","19":"purchasable","20":"product-type-simple"},"acf":[],"_links":{"self":[{"href":"https:\/\/yotavis.ch\/de\/wp-json\/wp\/v2\/product\/3758","targetHints":{"allow":["GET"]}}],"collection":[{"href":"https:\/\/yotavis.ch\/de\/wp-json\/wp\/v2\/product"}],"about":[{"href":"https:\/\/yotavis.ch\/de\/wp-json\/wp\/v2\/types\/product"}],"replies":[{"embeddable":true,"href":"https:\/\/yotavis.ch\/de\/wp-json\/wp\/v2\/comments?post=3758"}],"wp:featuredmedia":[{"embeddable":true,"href":"https:\/\/yotavis.ch\/de\/wp-json\/wp\/v2\/media\/6379"}],"wp:attachment":[{"href":"https:\/\/yotavis.ch\/de\/wp-json\/wp\/v2\/media?parent=3758"}],"wp:term":[{"taxonomy":"product_brand","embeddable":true,"href":"https:\/\/yotavis.ch\/de\/wp-json\/wp\/v2\/product_brand?post=3758"},{"taxonomy":"product_cat","embeddable":true,"href":"https:\/\/yotavis.ch\/de\/wp-json\/wp\/v2\/product_cat?post=3758"},{"taxonomy":"product_tag","embeddable":true,"href":"https:\/\/yotavis.ch\/de\/wp-json\/wp\/v2\/product_tag?post=3758"}],"curies":[{"name":"wp","href":"https:\/\/api.w.org\/{rel}","templated":true}]}}