{"id":3760,"date":"2025-10-09T00:00:00","date_gmt":"2025-10-08T22:00:00","guid":{"rendered":"https:\/\/yotavis.ch\/product\/sna5014a\/"},"modified":"2026-04-24T13:29:51","modified_gmt":"2026-04-24T11:29:51","slug":"sna5014a","status":"publish","type":"product","link":"https:\/\/yotavis.ch\/de\/produkt\/sna5014a\/","title":{"rendered":"SNA5014A"},"content":{"rendered":"<p>Der Siglent SNA5014A arbeitet in einem Frequenzbereich von 9 kHz bis 8,5 GHz und bietet damit ein breites Spektrum f\u00fcr verschiedene Anwendungen. Er verf\u00fcgt \u00fcber vier Anschl\u00fcsse, die mehrere Verbindungen und Messungen gleichzeitig erm\u00f6glichen. Das Ger\u00e4t bietet eine Frequenzaufl\u00f6sung von 1 Hz und erm\u00f6glicht so eine pr\u00e4zise Frequenzanalyse. Seine Zwischenfrequenz-Bandbreite (IFBW) reicht von 10 Hz bis 3 MHz und erm\u00f6glicht eine detaillierte Signaluntersuchung. Der Dynamikbereich des SNA5014A betr\u00e4gt 125 dB, was die Erkennung von Signalen mit erheblichen Amplitudenunterschieden erleichtert. Der Ausgangspegelbereich reicht von -55 dBm bis +10 dBm, wodurch eine Vielzahl von Signalst\u00e4rken abgedeckt wird. Dar\u00fcber hinaus ist das Ger\u00e4t mit einem 12,1-Zoll-Touchscreen ausgestattet, der die Benutzerinteraktion und -steuerung verbessert. Mit dieser Kombination von Spezifikationen eignet sich das SNA5014A f\u00fcr umfassende Frequenz- und Signalanalyseaufgaben.<\/p>","protected":false},"excerpt":{"rendered":"<p>Frequency Range: 9 kHz~8.5 GHz, 4 ports\uff0cFrequencey Resolution 1 Hz, IFBW 10 Hz~3 MHz, Dynamic Range 125 dB, Output Level Range -55 dBm ~ +10 dBm, 12.1&#8221; Touch Screen<\/p>","protected":false},"featured_media":6385,"comment_status":"closed","ping_status":"closed","template":"","meta":{"_acf_changed":false,"slim_seo":{"title":"SNA5014A - YOTAVIS AG","description":"Frequency Range: 9 kHz~8.5 GHz, 4 ports\uff0cFrequencey Resolution 1 Hz, IFBW 10 Hz~3 MHz, Dynamic Range 125 dB, Output Level Range -55 dBm ~ +10 dBm, 12.1'' Touch S"}},"product_brand":[506],"product_cat":[523,525],"product_tag":[],"class_list":{"0":"post-3760","1":"product","2":"type-product","3":"status-publish","4":"has-post-thumbnail","6":"product_brand-siglent","7":"product_cat-analyser","8":"product_cat-vna","9":"pa_dynamic-range-db-248","10":"pa_frequency-max-mhz-463","11":"pa_frequency-min-hz-177","12":"pa_handheld-no","13":"pa_ports-249","15":"first","16":"instock","17":"taxable","18":"shipping-taxable","19":"purchasable","20":"product-type-simple"},"acf":[],"_links":{"self":[{"href":"https:\/\/yotavis.ch\/de\/wp-json\/wp\/v2\/product\/3760","targetHints":{"allow":["GET"]}}],"collection":[{"href":"https:\/\/yotavis.ch\/de\/wp-json\/wp\/v2\/product"}],"about":[{"href":"https:\/\/yotavis.ch\/de\/wp-json\/wp\/v2\/types\/product"}],"replies":[{"embeddable":true,"href":"https:\/\/yotavis.ch\/de\/wp-json\/wp\/v2\/comments?post=3760"}],"wp:featuredmedia":[{"embeddable":true,"href":"https:\/\/yotavis.ch\/de\/wp-json\/wp\/v2\/media\/6385"}],"wp:attachment":[{"href":"https:\/\/yotavis.ch\/de\/wp-json\/wp\/v2\/media?parent=3760"}],"wp:term":[{"taxonomy":"product_brand","embeddable":true,"href":"https:\/\/yotavis.ch\/de\/wp-json\/wp\/v2\/product_brand?post=3760"},{"taxonomy":"product_cat","embeddable":true,"href":"https:\/\/yotavis.ch\/de\/wp-json\/wp\/v2\/product_cat?post=3760"},{"taxonomy":"product_tag","embeddable":true,"href":"https:\/\/yotavis.ch\/de\/wp-json\/wp\/v2\/product_tag?post=3760"}],"curies":[{"name":"wp","href":"https:\/\/api.w.org\/{rel}","templated":true}]}}