{"id":3763,"date":"2025-10-09T00:00:00","date_gmt":"2025-10-08T22:00:00","guid":{"rendered":"https:\/\/yotavis.ch\/product\/sna6022a\/"},"modified":"2026-04-24T13:29:54","modified_gmt":"2026-04-24T11:29:54","slug":"sna6022a","status":"publish","type":"product","link":"https:\/\/yotavis.ch\/de\/produkt\/sna6022a\/","title":{"rendered":"SNA6022A"},"content":{"rendered":"<p>Der Siglent SNA6022A ist ein Vektor-Netzwerkanalysator mit einem Frequenzbereich von 100 kHz bis 13,5 GHz. Er ist mit zwei Anschl\u00fcssen ausgestattet, die vielseitige Messm\u00f6glichkeiten bieten. Das Ger\u00e4t bietet einen Dynamikbereich von 135 dB und unterst\u00fctzt eine detaillierte Signalanalyse \u00fcber die gesamte Betriebsbandbreite. Der SNA6022A ist f\u00fcr den Tischeinsatz konzipiert und erm\u00f6glicht pr\u00e4zise Messungen von Netzwerkparametern innerhalb der angegebenen Frequenzgrenzen. Sein maximaler Frequenzbereich reicht bis zu 13,5 GHz, w\u00e4hrend die minimale Frequenz bei 100 kHz beginnt. Der Analysator ist nicht tragbar, was bedeutet, dass er f\u00fcr station\u00e4re Labor- oder Produktionsumgebungen bestimmt ist. Dieses Modell eignet sich f\u00fcr Anwendungen, die eine genaue vektorielle Netzwerkanalyse \u00fcber ein breites Frequenzspektrum erfordern.<\/p>","protected":false},"excerpt":{"rendered":"<p>100k~13,5GHz, 2 Anschl\u00fcsse VNA<\/p>","protected":false},"featured_media":6392,"comment_status":"closed","ping_status":"closed","template":"","meta":{"_acf_changed":false,"slim_seo":{"title":"SNA6022A - YOTAVIS AG","description":"100k~13,5GHz, 2 Anschl\u00fcsse VNA"}},"product_brand":[506],"product_cat":[523,525],"product_tag":[],"class_list":{"0":"post-3763","1":"product","2":"type-product","3":"status-publish","4":"has-post-thumbnail","6":"product_brand-siglent","7":"product_cat-analyser","8":"product_cat-vna","9":"pa_dynamic-range-db-251","10":"pa_frequency-max-mhz-464","11":"pa_frequency-min-hz-250","12":"pa_handheld-no","13":"pa_ports-188","15":"first","16":"instock","17":"taxable","18":"shipping-taxable","19":"purchasable","20":"product-type-simple"},"acf":[],"_links":{"self":[{"href":"https:\/\/yotavis.ch\/de\/wp-json\/wp\/v2\/product\/3763","targetHints":{"allow":["GET"]}}],"collection":[{"href":"https:\/\/yotavis.ch\/de\/wp-json\/wp\/v2\/product"}],"about":[{"href":"https:\/\/yotavis.ch\/de\/wp-json\/wp\/v2\/types\/product"}],"replies":[{"embeddable":true,"href":"https:\/\/yotavis.ch\/de\/wp-json\/wp\/v2\/comments?post=3763"}],"wp:featuredmedia":[{"embeddable":true,"href":"https:\/\/yotavis.ch\/de\/wp-json\/wp\/v2\/media\/6392"}],"wp:attachment":[{"href":"https:\/\/yotavis.ch\/de\/wp-json\/wp\/v2\/media?parent=3763"}],"wp:term":[{"taxonomy":"product_brand","embeddable":true,"href":"https:\/\/yotavis.ch\/de\/wp-json\/wp\/v2\/product_brand?post=3763"},{"taxonomy":"product_cat","embeddable":true,"href":"https:\/\/yotavis.ch\/de\/wp-json\/wp\/v2\/product_cat?post=3763"},{"taxonomy":"product_tag","embeddable":true,"href":"https:\/\/yotavis.ch\/de\/wp-json\/wp\/v2\/product_tag?post=3763"}],"curies":[{"name":"wp","href":"https:\/\/api.w.org\/{rel}","templated":true}]}}