{"id":3765,"date":"2025-10-09T00:00:00","date_gmt":"2025-10-08T22:00:00","guid":{"rendered":"https:\/\/yotavis.ch\/product\/sna6032a\/"},"modified":"2026-04-24T13:29:55","modified_gmt":"2026-04-24T11:29:55","slug":"sna6032a","status":"publish","type":"product","link":"https:\/\/yotavis.ch\/de\/produkt\/sna6032a\/","title":{"rendered":"SNA6032A"},"content":{"rendered":"<p>Der Siglent SNA6032A ist ein Vektor-Netzwerkanalysator mit einem Frequenzbereich von 100 kHz bis 26,5 GHz, der sich f\u00fcr eine Vielzahl von Hochfrequenz-Testanwendungen eignet. Er ist mit zwei Anschl\u00fcssen ausgestattet, die vielseitige Messkonfigurationen erm\u00f6glichen. Das Ger\u00e4t bietet einen Dynamikbereich von 135 dB, der eine pr\u00e4zise Signalanalyse \u00fcber die gesamte Betriebsbandbreite erm\u00f6glicht. Das Ger\u00e4t ist als Tischger\u00e4t konzipiert und wird nicht in der Hand gehalten, was den Einsatz in Labor- oder Produktionsumgebungen nahelegt. Die maximale Frequenzkapazit\u00e4t reicht bis zu 26,5 GHz, w\u00e4hrend die minimale Frequenz bei 100 kHz beginnt und sowohl nieder- als auch hochfrequente Signale abdeckt. Dieses Modell ist Teil der Produktlinie von Siglent, die f\u00fcr ihren Fokus auf elektronische Testger\u00e4te bekannt ist. Das SNA6032A verf\u00fcgt \u00fcber keine zus\u00e4tzlichen Funktionen wie Touchscreen oder Fernbedienung und konzentriert sich auf die Kernfunktionen der Vektornetzwerkanalyse. Aufgrund seiner Spezifikationen eignet es sich f\u00fcr die detaillierte Charakterisierung von HF-Komponenten und -Systemen innerhalb seiner Frequenz- und Dynamikbereichsgrenzen.<\/p>","protected":false},"excerpt":{"rendered":"<p>100k~26.5GHz, 2 Anschl\u00fcsse VNA<\/p>","protected":false},"featured_media":6397,"comment_status":"closed","ping_status":"closed","template":"","meta":{"_acf_changed":false,"slim_seo":{"title":"SNA6032A - YOTAVIS AG","description":"100k~26.5GHz, 2 Anschl\u00fcsse VNA"}},"product_brand":[506],"product_cat":[523,525],"product_tag":[],"class_list":{"0":"post-3765","1":"product","2":"type-product","3":"status-publish","4":"has-post-thumbnail","6":"product_brand-siglent","7":"product_cat-analyser","8":"product_cat-vna","9":"pa_dynamic-range-db-251","10":"pa_frequency-max-mhz-465","11":"pa_frequency-min-hz-250","12":"pa_handheld-no","13":"pa_ports-188","15":"first","16":"instock","17":"taxable","18":"shipping-taxable","19":"purchasable","20":"product-type-simple"},"acf":[],"_links":{"self":[{"href":"https:\/\/yotavis.ch\/de\/wp-json\/wp\/v2\/product\/3765","targetHints":{"allow":["GET"]}}],"collection":[{"href":"https:\/\/yotavis.ch\/de\/wp-json\/wp\/v2\/product"}],"about":[{"href":"https:\/\/yotavis.ch\/de\/wp-json\/wp\/v2\/types\/product"}],"replies":[{"embeddable":true,"href":"https:\/\/yotavis.ch\/de\/wp-json\/wp\/v2\/comments?post=3765"}],"wp:featuredmedia":[{"embeddable":true,"href":"https:\/\/yotavis.ch\/de\/wp-json\/wp\/v2\/media\/6397"}],"wp:attachment":[{"href":"https:\/\/yotavis.ch\/de\/wp-json\/wp\/v2\/media?parent=3765"}],"wp:term":[{"taxonomy":"product_brand","embeddable":true,"href":"https:\/\/yotavis.ch\/de\/wp-json\/wp\/v2\/product_brand?post=3765"},{"taxonomy":"product_cat","embeddable":true,"href":"https:\/\/yotavis.ch\/de\/wp-json\/wp\/v2\/product_cat?post=3765"},{"taxonomy":"product_tag","embeddable":true,"href":"https:\/\/yotavis.ch\/de\/wp-json\/wp\/v2\/product_tag?post=3765"}],"curies":[{"name":"wp","href":"https:\/\/api.w.org\/{rel}","templated":true}]}}