{"id":3766,"date":"2025-10-09T00:00:00","date_gmt":"2025-10-08T22:00:00","guid":{"rendered":"https:\/\/yotavis.ch\/product\/sna6034a\/"},"modified":"2026-04-24T13:29:57","modified_gmt":"2026-04-24T11:29:57","slug":"sna6034a","status":"publish","type":"product","link":"https:\/\/yotavis.ch\/de\/produkt\/sna6034a\/","title":{"rendered":"SNA6034A"},"content":{"rendered":"<p>Der Siglent SNA6034A ist ein Vektor-Netzwerkanalysator, der in einem Frequenzbereich von 100 kHz bis 26,5 GHz arbeitet. Er verf\u00fcgt \u00fcber vier Anschl\u00fcsse, die vielseitige Messkonfigurationen erm\u00f6glichen. Das Ger\u00e4t bietet einen Dynamikbereich von 135 dB, der eine detaillierte Signalanalyse \u00fcber seine Betriebsfrequenzen hinweg unterst\u00fctzt. Das Ger\u00e4t ist als Tischger\u00e4t konzipiert und wird nicht in der Hand gehalten, was seine Eignung f\u00fcr Labor- oder Industrieumgebungen verdeutlicht. Die maximale Frequenzkapazit\u00e4t von 26,5 GHz erm\u00f6glicht die Bearbeitung von Hochfrequenzanwendungen, w\u00e4hrend die minimale Frequenz von 100 kHz auch Niederfrequenzmessungen zul\u00e4sst. Durch diese Kombination von Merkmalen eignet sich das SNA6034A f\u00fcr ein breites Spektrum von Pr\u00fcfszenarien mit HF- und Mikrowellenkomponenten.<\/p>","protected":false},"excerpt":{"rendered":"<p>100k~26.5GHz, 4 Anschl\u00fcsse VNA<\/p>","protected":false},"featured_media":6398,"comment_status":"closed","ping_status":"closed","template":"","meta":{"_acf_changed":false,"slim_seo":{"title":"SNA6034A - YOTAVIS AG","description":"100k~26.5GHz, 4 Anschl\u00fcsse VNA"}},"product_brand":[506],"product_cat":[523,525],"product_tag":[],"class_list":{"0":"post-3766","1":"product","2":"type-product","3":"status-publish","4":"has-post-thumbnail","6":"product_brand-siglent","7":"product_cat-analyser","8":"product_cat-vna","9":"pa_dynamic-range-db-251","10":"pa_frequency-max-mhz-465","11":"pa_frequency-min-hz-250","12":"pa_handheld-no","13":"pa_ports-249","15":"first","16":"instock","17":"taxable","18":"shipping-taxable","19":"purchasable","20":"product-type-simple"},"acf":[],"_links":{"self":[{"href":"https:\/\/yotavis.ch\/de\/wp-json\/wp\/v2\/product\/3766","targetHints":{"allow":["GET"]}}],"collection":[{"href":"https:\/\/yotavis.ch\/de\/wp-json\/wp\/v2\/product"}],"about":[{"href":"https:\/\/yotavis.ch\/de\/wp-json\/wp\/v2\/types\/product"}],"replies":[{"embeddable":true,"href":"https:\/\/yotavis.ch\/de\/wp-json\/wp\/v2\/comments?post=3766"}],"wp:featuredmedia":[{"embeddable":true,"href":"https:\/\/yotavis.ch\/de\/wp-json\/wp\/v2\/media\/6398"}],"wp:attachment":[{"href":"https:\/\/yotavis.ch\/de\/wp-json\/wp\/v2\/media?parent=3766"}],"wp:term":[{"taxonomy":"product_brand","embeddable":true,"href":"https:\/\/yotavis.ch\/de\/wp-json\/wp\/v2\/product_brand?post=3766"},{"taxonomy":"product_cat","embeddable":true,"href":"https:\/\/yotavis.ch\/de\/wp-json\/wp\/v2\/product_cat?post=3766"},{"taxonomy":"product_tag","embeddable":true,"href":"https:\/\/yotavis.ch\/de\/wp-json\/wp\/v2\/product_tag?post=3766"}],"curies":[{"name":"wp","href":"https:\/\/api.w.org\/{rel}","templated":true}]}}