{"id":3767,"date":"2025-10-09T00:00:00","date_gmt":"2025-10-08T22:00:00","guid":{"rendered":"https:\/\/yotavis.ch\/product\/sna6122a\/"},"modified":"2026-04-24T13:29:57","modified_gmt":"2026-04-24T11:29:57","slug":"sna6122a","status":"publish","type":"product","link":"https:\/\/yotavis.ch\/de\/produkt\/sna6122a\/","title":{"rendered":"SNA6122A"},"content":{"rendered":"<p>Der SNA6122A von Siglent ist ein Vektor-Netzwerkanalysator mit einem Frequenzbereich von 100 kHz bis 13,5 GHz, der mit zwei Anschl\u00fcssen ausgestattet ist. Er bietet direkten Zugriff auf den Empf\u00e4nger und erm\u00f6glicht so eine detaillierte Signalanalyse. Das Ger\u00e4t verf\u00fcgt \u00fcber einen Standard-Ausgangspegel-Einstellbereich von -55 bis +10 dBm und bietet damit Flexibilit\u00e4t bei der Steuerung der Signalausgabe. Mit einem Dynamikbereich von 135 dB unterst\u00fctzt er hochpr\u00e4zise Messungen \u00fcber ein breites Spektrum. Der Analysator verf\u00fcgt \u00fcber einen 12,1-Zoll-Touchscreen, der die Interaktion mit dem Benutzer und die Bedienung erleichtert. Dieses Modell wurde entwickelt, um komplexe Testszenarien zu bew\u00e4ltigen, da es \u00fcber einen gro\u00dfen Frequenzbereich verf\u00fcgt und der Ausgangspegel eingestellt werden kann. Aufgrund seiner Spezifikationen eignet es sich f\u00fcr verschiedene Anwendungen, die eine genaue Netzwerkanalyse innerhalb der angegebenen Frequenz- und Leistungsbereiche erfordern.<\/p>","protected":false},"excerpt":{"rendered":"<p>100k~13.5GHz, 2 ports VNA with direct receiver access; stanadard setting range of output level: -55 ~ +10 dBm; dynamic range 135 dB; 12.1&#8221; touch screen<\/p>","protected":false},"featured_media":6399,"comment_status":"closed","ping_status":"closed","template":"","meta":{"_acf_changed":false,"slim_seo":{"title":"SNA6122A - YOTAVIS AG","description":"100k~13.5GHz, 2 Ports VNA mit direktem Empf\u00e4ngerzugriff; Standard-Einstellbereich des Ausgangspegels: -55 ~ +10 dBm; Dynamikbereich 135 dB; 12.1'' Touch Screen"}},"product_brand":[506],"product_cat":[523,525],"product_tag":[],"class_list":{"0":"post-3767","1":"product","2":"type-product","3":"status-publish","4":"has-post-thumbnail","6":"product_brand-siglent","7":"product_cat-analyser","8":"product_cat-vna","9":"pa_dynamic-range-db-251","10":"pa_frequency-max-mhz-464","11":"pa_frequency-min-hz-250","12":"pa_handheld-no","13":"pa_ports-188","15":"first","16":"instock","17":"taxable","18":"shipping-taxable","19":"purchasable","20":"product-type-simple"},"acf":[],"_links":{"self":[{"href":"https:\/\/yotavis.ch\/de\/wp-json\/wp\/v2\/product\/3767","targetHints":{"allow":["GET"]}}],"collection":[{"href":"https:\/\/yotavis.ch\/de\/wp-json\/wp\/v2\/product"}],"about":[{"href":"https:\/\/yotavis.ch\/de\/wp-json\/wp\/v2\/types\/product"}],"replies":[{"embeddable":true,"href":"https:\/\/yotavis.ch\/de\/wp-json\/wp\/v2\/comments?post=3767"}],"wp:featuredmedia":[{"embeddable":true,"href":"https:\/\/yotavis.ch\/de\/wp-json\/wp\/v2\/media\/6399"}],"wp:attachment":[{"href":"https:\/\/yotavis.ch\/de\/wp-json\/wp\/v2\/media?parent=3767"}],"wp:term":[{"taxonomy":"product_brand","embeddable":true,"href":"https:\/\/yotavis.ch\/de\/wp-json\/wp\/v2\/product_brand?post=3767"},{"taxonomy":"product_cat","embeddable":true,"href":"https:\/\/yotavis.ch\/de\/wp-json\/wp\/v2\/product_cat?post=3767"},{"taxonomy":"product_tag","embeddable":true,"href":"https:\/\/yotavis.ch\/de\/wp-json\/wp\/v2\/product_tag?post=3767"}],"curies":[{"name":"wp","href":"https:\/\/api.w.org\/{rel}","templated":true}]}}