{"id":3768,"date":"2025-10-09T00:00:00","date_gmt":"2025-10-08T22:00:00","guid":{"rendered":"https:\/\/yotavis.ch\/product\/sna6124a\/"},"modified":"2026-04-24T13:29:58","modified_gmt":"2026-04-24T11:29:58","slug":"sna6124a","status":"publish","type":"product","link":"https:\/\/yotavis.ch\/de\/produkt\/sna6124a\/","title":{"rendered":"SNA6124A"},"content":{"rendered":"<p>Der SNA6124A von Siglent ist ein Vektor-Netzwerkanalysator mit einem Frequenzbereich von 100 kHz bis 13,5 GHz, der mit vier Anschl\u00fcssen ausgestattet ist. Er bietet direkten Zugriff auf den Empf\u00e4nger und erm\u00f6glicht so eine detaillierte Signalanalyse. Das Ger\u00e4t verf\u00fcgt \u00fcber einen Standard-Ausgangspegel-Einstellbereich von -55 bis +10 dBm und bietet damit Flexibilit\u00e4t bei der Steuerung der Signalausgabe. Sein Dynamikbereich erreicht bis zu 135 dB und unterst\u00fctzt damit hochpr\u00e4zise Messungen. Der Analysator verf\u00fcgt \u00fcber einen 12,1-Zoll-Touchscreen, der die Interaktion mit dem Benutzer und die Bedienung erleichtert. Mit einer maximalen Frequenzkapazit\u00e4t von 13.500 MHz und einer minimalen Frequenz von 100.000 Hz deckt er ein breites Spektrum ab, das sich f\u00fcr verschiedene Testanwendungen eignet. Die Kombination dieser Merkmale macht das SNA6124A zu einem vielseitigen Instrument f\u00fcr Netzwerkanalyseaufgaben.<\/p>","protected":false},"excerpt":{"rendered":"<p>100k~13.5GHz, 4 ports VNA  with direct receiver access; stanadard setting range of output level: -55 ~ +10 dBm; dynamic range 135 dB; 12.1&#8221; touch screen<\/p>","protected":false},"featured_media":6400,"comment_status":"closed","ping_status":"closed","template":"","meta":{"_acf_changed":false,"slim_seo":{"title":"SNA6124A - YOTAVIS AG","description":"100k~13.5GHz, 4 ports VNA with direct receiver access; stanadard setting range of output level: -55 ~ +10 dBm; dynamic range 135 dB; 12.1'' touch screen"}},"product_brand":[506],"product_cat":[523,525],"product_tag":[],"class_list":{"0":"post-3768","1":"product","2":"type-product","3":"status-publish","4":"has-post-thumbnail","6":"product_brand-siglent","7":"product_cat-analyser","8":"product_cat-vna","9":"pa_dynamic-range-db-251","10":"pa_frequency-max-mhz-464","11":"pa_frequency-min-hz-250","12":"pa_handheld-no","13":"pa_ports-249","15":"first","16":"instock","17":"taxable","18":"shipping-taxable","19":"purchasable","20":"product-type-simple"},"acf":[],"_links":{"self":[{"href":"https:\/\/yotavis.ch\/de\/wp-json\/wp\/v2\/product\/3768","targetHints":{"allow":["GET"]}}],"collection":[{"href":"https:\/\/yotavis.ch\/de\/wp-json\/wp\/v2\/product"}],"about":[{"href":"https:\/\/yotavis.ch\/de\/wp-json\/wp\/v2\/types\/product"}],"replies":[{"embeddable":true,"href":"https:\/\/yotavis.ch\/de\/wp-json\/wp\/v2\/comments?post=3768"}],"wp:featuredmedia":[{"embeddable":true,"href":"https:\/\/yotavis.ch\/de\/wp-json\/wp\/v2\/media\/6400"}],"wp:attachment":[{"href":"https:\/\/yotavis.ch\/de\/wp-json\/wp\/v2\/media?parent=3768"}],"wp:term":[{"taxonomy":"product_brand","embeddable":true,"href":"https:\/\/yotavis.ch\/de\/wp-json\/wp\/v2\/product_brand?post=3768"},{"taxonomy":"product_cat","embeddable":true,"href":"https:\/\/yotavis.ch\/de\/wp-json\/wp\/v2\/product_cat?post=3768"},{"taxonomy":"product_tag","embeddable":true,"href":"https:\/\/yotavis.ch\/de\/wp-json\/wp\/v2\/product_tag?post=3768"}],"curies":[{"name":"wp","href":"https:\/\/api.w.org\/{rel}","templated":true}]}}