{"id":3769,"date":"2025-10-09T00:00:00","date_gmt":"2025-10-08T22:00:00","guid":{"rendered":"https:\/\/yotavis.ch\/product\/sna6132a\/"},"modified":"2026-04-24T13:29:58","modified_gmt":"2026-04-24T11:29:58","slug":"sna6132a","status":"publish","type":"product","link":"https:\/\/yotavis.ch\/de\/produkt\/sna6132a\/","title":{"rendered":"SNA6132A"},"content":{"rendered":"<p>Der SNA6132A von Siglent ist ein Vektor-Netzwerkanalysator mit einem Frequenzbereich von 100 kHz bis 26,5 GHz, der mit zwei Anschl\u00fcssen ausgestattet ist. Er bietet direkten Zugang zum Empf\u00e4nger und erm\u00f6glicht so eine detaillierte Signalanalyse. Das Ger\u00e4t verf\u00fcgt \u00fcber einen 12,1-Zoll-Touchscreen f\u00fcr die Benutzerinteraktion und -steuerung. Seine Standard-Ausgangspegeleinstellung reicht von -55 dBm bis +10 dBm und bietet damit Flexibilit\u00e4t bei der Signalausgabe. Der Dynamikbereich des Analysators betr\u00e4gt 135 dB und unterst\u00fctzt hochpr\u00e4zise Messungen \u00fcber das gesamte Frequenzspektrum. Dieses Modell ist f\u00fcr den Einsatz in verschiedenen Pr\u00fcf- und Messanwendungen konzipiert, die eine genaue Vektornetzwerkanalyse innerhalb der angegebenen Frequenz- und Amplitudenbereiche erfordern.<\/p>","protected":false},"excerpt":{"rendered":"<p>100k~26.5GHz, 2 ports VNA  with direct receiver access; stanadard setting range of output level: -55 ~ +10 dBm; dynamic range 135 dB; 12.1&#8221; touch screen<\/p>","protected":false},"featured_media":6401,"comment_status":"closed","ping_status":"closed","template":"","meta":{"_acf_changed":false,"slim_seo":{"title":"SNA6132A - YOTAVIS AG","description":"100k~26.5GHz, 2 ports VNA with direct receiver access; stanadard setting range of output level: -55 ~ +10 dBm; dynamic range 135 dB; 12.1'' touch screen"}},"product_brand":[506],"product_cat":[523,525],"product_tag":[],"class_list":{"0":"post-3769","1":"product","2":"type-product","3":"status-publish","4":"has-post-thumbnail","6":"product_brand-siglent","7":"product_cat-analyser","8":"product_cat-vna","9":"pa_dynamic-range-db-251","10":"pa_frequency-max-mhz-465","11":"pa_frequency-min-hz-250","12":"pa_handheld-no","13":"pa_ports-188","15":"first","16":"instock","17":"taxable","18":"shipping-taxable","19":"purchasable","20":"product-type-simple"},"acf":[],"_links":{"self":[{"href":"https:\/\/yotavis.ch\/de\/wp-json\/wp\/v2\/product\/3769","targetHints":{"allow":["GET"]}}],"collection":[{"href":"https:\/\/yotavis.ch\/de\/wp-json\/wp\/v2\/product"}],"about":[{"href":"https:\/\/yotavis.ch\/de\/wp-json\/wp\/v2\/types\/product"}],"replies":[{"embeddable":true,"href":"https:\/\/yotavis.ch\/de\/wp-json\/wp\/v2\/comments?post=3769"}],"wp:featuredmedia":[{"embeddable":true,"href":"https:\/\/yotavis.ch\/de\/wp-json\/wp\/v2\/media\/6401"}],"wp:attachment":[{"href":"https:\/\/yotavis.ch\/de\/wp-json\/wp\/v2\/media?parent=3769"}],"wp:term":[{"taxonomy":"product_brand","embeddable":true,"href":"https:\/\/yotavis.ch\/de\/wp-json\/wp\/v2\/product_brand?post=3769"},{"taxonomy":"product_cat","embeddable":true,"href":"https:\/\/yotavis.ch\/de\/wp-json\/wp\/v2\/product_cat?post=3769"},{"taxonomy":"product_tag","embeddable":true,"href":"https:\/\/yotavis.ch\/de\/wp-json\/wp\/v2\/product_tag?post=3769"}],"curies":[{"name":"wp","href":"https:\/\/api.w.org\/{rel}","templated":true}]}}