{"id":3773,"date":"2025-10-09T00:00:00","date_gmt":"2025-10-08T22:00:00","guid":{"rendered":"https:\/\/yotavis.ch\/product\/shn926a\/"},"modified":"2026-04-24T13:30:01","modified_gmt":"2026-04-24T11:30:01","slug":"shn926a","status":"publish","type":"product","link":"https:\/\/yotavis.ch\/de\/produkt\/shn926a\/","title":{"rendered":"SHN926A"},"content":{"rendered":"<p>Der Siglent SHN926A arbeitet in einem Frequenzbereich von 30 kHz bis 26,5 GHz und bietet zwei Anschl\u00fcsse f\u00fcr vielseitige Konnektivit\u00e4t. Er verf\u00fcgt \u00fcber einen typischen Dynamikbereich von 110 dB, der eine pr\u00e4zise Signalmessung \u00fcber ein breites Spektrum erm\u00f6glicht. Der Ausgangseinstellbereich reicht von -45 dBm bis +10 dBm und wird damit verschiedenen Pr\u00fcfanforderungen gerecht. Dieses Modell ist mit einem 8,4-Zoll-Touchscreen ausgestattet, der die Benutzerinteraktion und -steuerung verbessert. Die maximale Frequenzkapazit\u00e4t betr\u00e4gt 26.500 MHz und unterst\u00fctzt damit Hochfrequenzanwendungen. Mit seinem Dual-Port-Design und dem gro\u00dfen Dynamikbereich eignet sich das SHN926A f\u00fcr detaillierte Signalanalysen und Messaufgaben. Die Einstellungen der Ausgangsleistung und die Touchscreen-Oberfl\u00e4che tragen zur Funktionalit\u00e4t des Ger\u00e4ts in komplexen Testumgebungen bei.<\/p>","protected":false},"excerpt":{"rendered":"<p>30 kHz ~ 26.5 GHz, 2 ports, 110 dB (typ.) dynamic range, -45 ~ +10 dBm output setting range, 8.4&#8221; touch screen<\/p>","protected":false},"featured_media":6409,"comment_status":"closed","ping_status":"closed","template":"","meta":{"_acf_changed":false,"slim_seo":{"title":"SHN926A - YOTAVIS AG","description":"30 kHz ~ 26,5 GHz, 2 Anschl\u00fcsse, 110 dB (typ.) Dynamikbereich, -45 ~ +10 dBm Ausgangseinstellbereich, 8,4'' Touchscreen"}},"product_brand":[506],"product_cat":[523,525],"product_tag":[],"class_list":{"0":"post-3773","1":"product","2":"type-product","3":"status-publish","4":"has-post-thumbnail","6":"product_brand-siglent","7":"product_cat-analyser","8":"product_cat-vna","9":"pa_dynamic-range-db-253","10":"pa_frequency-max-mhz-465","11":"pa_frequency-min-hz-252","12":"pa_handheld-yes","13":"pa_ports-188","15":"first","16":"instock","17":"taxable","18":"shipping-taxable","19":"purchasable","20":"product-type-simple"},"acf":[],"_links":{"self":[{"href":"https:\/\/yotavis.ch\/de\/wp-json\/wp\/v2\/product\/3773","targetHints":{"allow":["GET"]}}],"collection":[{"href":"https:\/\/yotavis.ch\/de\/wp-json\/wp\/v2\/product"}],"about":[{"href":"https:\/\/yotavis.ch\/de\/wp-json\/wp\/v2\/types\/product"}],"replies":[{"embeddable":true,"href":"https:\/\/yotavis.ch\/de\/wp-json\/wp\/v2\/comments?post=3773"}],"wp:featuredmedia":[{"embeddable":true,"href":"https:\/\/yotavis.ch\/de\/wp-json\/wp\/v2\/media\/6409"}],"wp:attachment":[{"href":"https:\/\/yotavis.ch\/de\/wp-json\/wp\/v2\/media?parent=3773"}],"wp:term":[{"taxonomy":"product_brand","embeddable":true,"href":"https:\/\/yotavis.ch\/de\/wp-json\/wp\/v2\/product_brand?post=3773"},{"taxonomy":"product_cat","embeddable":true,"href":"https:\/\/yotavis.ch\/de\/wp-json\/wp\/v2\/product_cat?post=3773"},{"taxonomy":"product_tag","embeddable":true,"href":"https:\/\/yotavis.ch\/de\/wp-json\/wp\/v2\/product_tag?post=3773"}],"curies":[{"name":"wp","href":"https:\/\/api.w.org\/{rel}","templated":true}]}}