{"id":3775,"date":"2025-10-09T00:00:00","date_gmt":"2025-10-08T22:00:00","guid":{"rendered":"https:\/\/yotavis.ch\/product\/adp-26\/"},"modified":"2026-04-24T13:30:02","modified_gmt":"2026-04-24T11:30:02","slug":"adp-26","status":"publish","type":"product","link":"https:\/\/yotavis.ch\/de\/produkt\/adp-26\/","title":{"rendered":"ADP-26"},"content":{"rendered":"<p>Der ADP-26 ist ein einstellbarer differentieller TDR-Tastkopf, der f\u00fcr den Betrieb von DC bis zu 26,5 GHz ausgelegt ist. Sie wird von Siglent hergestellt und hat eine Bandbreite von 18.000 MHz. Der Tastkopf verf\u00fcgt \u00fcber eine SMA-Schnittstelle, die die Kompatibilit\u00e4t mit einer Vielzahl von Testger\u00e4ten gew\u00e4hrleistet. Dieses Ger\u00e4t eignet sich f\u00fcr Hochfrequenzanwendungen, die pr\u00e4zise Reflektometriemessungen im Zeitbereich erfordern. Sein einstellbares Design erm\u00f6glicht Flexibilit\u00e4t in verschiedenen Testszenarien. Der ADP-26 wurde entwickelt, um eine detaillierte Signalanalyse innerhalb seines spezifizierten Frequenzbereichs zu unterst\u00fctzen.<\/p>","protected":false},"excerpt":{"rendered":"<p>Einstellbarer Differential-TDR-Messkopf DC~26,5 GHz<\/p>","protected":false},"featured_media":6413,"comment_status":"closed","ping_status":"closed","template":"","meta":{"_acf_changed":false,"slim_seo":{"title":"ADP-26 - YOTAVIS AG","description":"Einstellbarer Differential-TDR-Messkopf DC~26,5 GHz"}},"product_brand":[506],"product_cat":[535,509],"product_tag":[],"class_list":{"0":"post-3775","1":"product","2":"type-product","3":"status-publish","4":"has-post-thumbnail","6":"product_brand-siglent","7":"product_cat-differential-probes-en","8":"product_cat-probes-en","9":"pa_bandwidth-mhz-255","10":"pa_interface-sma","12":"first","13":"instock","14":"taxable","15":"shipping-taxable","16":"purchasable","17":"product-type-simple"},"acf":[],"_links":{"self":[{"href":"https:\/\/yotavis.ch\/de\/wp-json\/wp\/v2\/product\/3775","targetHints":{"allow":["GET"]}}],"collection":[{"href":"https:\/\/yotavis.ch\/de\/wp-json\/wp\/v2\/product"}],"about":[{"href":"https:\/\/yotavis.ch\/de\/wp-json\/wp\/v2\/types\/product"}],"replies":[{"embeddable":true,"href":"https:\/\/yotavis.ch\/de\/wp-json\/wp\/v2\/comments?post=3775"}],"wp:featuredmedia":[{"embeddable":true,"href":"https:\/\/yotavis.ch\/de\/wp-json\/wp\/v2\/media\/6413"}],"wp:attachment":[{"href":"https:\/\/yotavis.ch\/de\/wp-json\/wp\/v2\/media?parent=3775"}],"wp:term":[{"taxonomy":"product_brand","embeddable":true,"href":"https:\/\/yotavis.ch\/de\/wp-json\/wp\/v2\/product_brand?post=3775"},{"taxonomy":"product_cat","embeddable":true,"href":"https:\/\/yotavis.ch\/de\/wp-json\/wp\/v2\/product_cat?post=3775"},{"taxonomy":"product_tag","embeddable":true,"href":"https:\/\/yotavis.ch\/de\/wp-json\/wp\/v2\/product_tag?post=3775"}],"curies":[{"name":"wp","href":"https:\/\/api.w.org\/{rel}","templated":true}]}}