{"id":3776,"date":"2025-10-09T00:00:00","date_gmt":"2025-10-08T22:00:00","guid":{"rendered":"https:\/\/yotavis.ch\/product\/asp-18\/"},"modified":"2026-04-24T13:30:04","modified_gmt":"2026-04-24T11:30:04","slug":"asp-18","status":"publish","type":"product","link":"https:\/\/yotavis.ch\/de\/produkt\/asp-18\/","title":{"rendered":"ASP-18"},"content":{"rendered":"<p>Der ASP-18 ist ein einstellbarer Single-End-TDR-Tastkopf, der f\u00fcr den Betrieb von DC bis 18 GHz ausgelegt ist. Sie wird von Siglent hergestellt und hat eine Bandbreite von 26.500 MHz. Die Sonde verwendet eine SMA-Schnittstelle, die \u00fcblicherweise f\u00fcr Hochfrequenzsignalverbindungen verwendet wird. Dieses Produkt eignet sich f\u00fcr Anwendungen, die pr\u00e4zise Reflektometriemessungen im Zeitbereich innerhalb des angegebenen Frequenzbereichs erfordern. Das Design erm\u00f6glicht Anpassungen an verschiedene Pr\u00fcfszenarien, was seine Vielseitigkeit erh\u00f6ht. Die Kombination aus hoher Bandbreite und einer zuverl\u00e4ssigen SMA-Schnittstelle macht den ASP-18 zu einem Spezialwerkzeug f\u00fcr die detaillierte Signalanalyse in Hochfrequenzumgebungen.<\/p>","protected":false},"excerpt":{"rendered":"<p>Einstellbarer einseitiger TDR-Messkopf DC~18 GHz<\/p>","protected":false},"featured_media":6416,"comment_status":"closed","ping_status":"closed","template":"","meta":{"_acf_changed":false,"slim_seo":{"title":"ASP-18 - YOTAVIS AG","description":"Einstellbarer einseitiger TDR-Messkopf DC~18 GHz"}},"product_brand":[506],"product_cat":[511,509],"product_tag":[],"class_list":{"0":"post-3776","1":"product","2":"type-product","3":"status-publish","4":"has-post-thumbnail","6":"product_brand-siglent","7":"product_cat-active-probes-en","8":"product_cat-probes-en","9":"pa_bandwidth-mhz-257","10":"pa_interface-sma","12":"first","13":"instock","14":"taxable","15":"shipping-taxable","16":"purchasable","17":"product-type-simple"},"acf":[],"_links":{"self":[{"href":"https:\/\/yotavis.ch\/de\/wp-json\/wp\/v2\/product\/3776","targetHints":{"allow":["GET"]}}],"collection":[{"href":"https:\/\/yotavis.ch\/de\/wp-json\/wp\/v2\/product"}],"about":[{"href":"https:\/\/yotavis.ch\/de\/wp-json\/wp\/v2\/types\/product"}],"replies":[{"embeddable":true,"href":"https:\/\/yotavis.ch\/de\/wp-json\/wp\/v2\/comments?post=3776"}],"wp:featuredmedia":[{"embeddable":true,"href":"https:\/\/yotavis.ch\/de\/wp-json\/wp\/v2\/media\/6416"}],"wp:attachment":[{"href":"https:\/\/yotavis.ch\/de\/wp-json\/wp\/v2\/media?parent=3776"}],"wp:term":[{"taxonomy":"product_brand","embeddable":true,"href":"https:\/\/yotavis.ch\/de\/wp-json\/wp\/v2\/product_brand?post=3776"},{"taxonomy":"product_cat","embeddable":true,"href":"https:\/\/yotavis.ch\/de\/wp-json\/wp\/v2\/product_cat?post=3776"},{"taxonomy":"product_tag","embeddable":true,"href":"https:\/\/yotavis.ch\/de\/wp-json\/wp\/v2\/product_tag?post=3776"}],"curies":[{"name":"wp","href":"https:\/\/api.w.org\/{rel}","templated":true}]}}