{"id":3777,"date":"2025-10-09T00:00:00","date_gmt":"2025-10-08T22:00:00","guid":{"rendered":"https:\/\/yotavis.ch\/product\/asp-26\/"},"modified":"2026-04-24T13:30:05","modified_gmt":"2026-04-24T11:30:05","slug":"asp-26","status":"publish","type":"product","link":"https:\/\/yotavis.ch\/de\/produkt\/asp-26\/","title":{"rendered":"ASP-26"},"content":{"rendered":"<p>Der ASP-26 ist ein einstellbarer einseitiger TDR-Tastkopf, der f\u00fcr den Betrieb in einem Frequenzbereich von DC bis 26,5 GHz ausgelegt ist. Die von Siglent hergestellte Sonde verf\u00fcgt \u00fcber eine Bandbreite von 26.500 MHz und kann somit hochfrequente Signale pr\u00e4zise verarbeiten. Er verf\u00fcgt \u00fcber eine SMA-Schnittstelle, die \u00fcblicherweise f\u00fcr HF-Anschl\u00fcsse verwendet wird und die Kompatibilit\u00e4t mit einer Vielzahl von Test- und Messger\u00e4ten gew\u00e4hrleistet. Das Design des ASP-26 erm\u00f6glicht einen einstellbaren Betrieb, so dass er sich f\u00fcr verschiedene Pr\u00fcfszenarien eignet, die Reflektometrie im Zeitbereich erfordern. Diese Sonde ist f\u00fcr Anwendungen vorgesehen, die genaue Signalreflexionsmessungen \u00fcber ein breites Frequenzspektrum erfordern. Seine Konstruktion und Spezifikationen machen ihn zu einem Spezialwerkzeug f\u00fcr Fachleute, die mit elektronischen Hochfrequenzkomponenten und -systemen arbeiten. Die Kombination seiner Frequenzf\u00e4higkeiten und seines Schnittstellentyps unterst\u00fctzt detaillierte Analysen in elektronischen Testumgebungen.<\/p>","protected":false},"excerpt":{"rendered":"<p>Einstellbarer einseitiger TDR-Messkopf DC~26,5 GHz<\/p>","protected":false},"featured_media":6418,"comment_status":"closed","ping_status":"closed","template":"","meta":{"_acf_changed":false,"slim_seo":{"title":"ASP-26 - YOTAVIS AG","description":"Einstellbarer einseitiger TDR-Messkopf DC~26,5 GHz"}},"product_brand":[506],"product_cat":[511,509],"product_tag":[],"class_list":{"0":"post-3777","1":"product","2":"type-product","3":"status-publish","4":"has-post-thumbnail","6":"product_brand-siglent","7":"product_cat-active-probes-en","8":"product_cat-probes-en","9":"pa_bandwidth-mhz-257","10":"pa_interface-sma","12":"first","13":"instock","14":"taxable","15":"shipping-taxable","16":"purchasable","17":"product-type-simple"},"acf":[],"_links":{"self":[{"href":"https:\/\/yotavis.ch\/de\/wp-json\/wp\/v2\/product\/3777","targetHints":{"allow":["GET"]}}],"collection":[{"href":"https:\/\/yotavis.ch\/de\/wp-json\/wp\/v2\/product"}],"about":[{"href":"https:\/\/yotavis.ch\/de\/wp-json\/wp\/v2\/types\/product"}],"replies":[{"embeddable":true,"href":"https:\/\/yotavis.ch\/de\/wp-json\/wp\/v2\/comments?post=3777"}],"wp:featuredmedia":[{"embeddable":true,"href":"https:\/\/yotavis.ch\/de\/wp-json\/wp\/v2\/media\/6418"}],"wp:attachment":[{"href":"https:\/\/yotavis.ch\/de\/wp-json\/wp\/v2\/media?parent=3777"}],"wp:term":[{"taxonomy":"product_brand","embeddable":true,"href":"https:\/\/yotavis.ch\/de\/wp-json\/wp\/v2\/product_brand?post=3777"},{"taxonomy":"product_cat","embeddable":true,"href":"https:\/\/yotavis.ch\/de\/wp-json\/wp\/v2\/product_cat?post=3777"},{"taxonomy":"product_tag","embeddable":true,"href":"https:\/\/yotavis.ch\/de\/wp-json\/wp\/v2\/product_tag?post=3777"}],"curies":[{"name":"wp","href":"https:\/\/api.w.org\/{rel}","templated":true}]}}