{"id":3780,"date":"2025-10-09T00:00:00","date_gmt":"2025-10-08T22:00:00","guid":{"rendered":"https:\/\/yotavis.ch\/product\/ssm5142a\/"},"modified":"2026-04-24T13:30:06","modified_gmt":"2026-04-24T11:30:06","slug":"ssm5142a","status":"publish","type":"product","link":"https:\/\/yotavis.ch\/de\/produkt\/ssm5142a\/","title":{"rendered":"SSM5142A"},"content":{"rendered":"<p>Der SSM5142A von Siglent verf\u00fcgt \u00fcber 4 Eingangsanschl\u00fcsse und 12 Ausgangsanschl\u00fcsse und bietet damit vielf\u00e4ltige Anschlussm\u00f6glichkeiten f\u00fcr verschiedene Anwendungen. Er nutzt eine 3,5-mm-Buchse, die \u00fcblicherweise f\u00fcr HF- und Signalpr\u00fcfger\u00e4te verwendet wird. Das Ger\u00e4t arbeitet in einem weiten Frequenzbereich von 9 kHz bis 9 GHz und ist damit f\u00fcr die Verarbeitung von Signalen in diesem Spektrum geeignet. Diese breite Frequenzabdeckung erm\u00f6glicht einen vielseitigen Einsatz in verschiedenen Pr\u00fcf- und Messszenarien. Die Kombination von Eingangs- und Ausgangsanschl\u00fcssen sowie der spezifizierte Steckertyp unterst\u00fctzen die flexible Integration in bestehende Anlagen. Das Produkt ist f\u00fcr eine Reihe von Signalfrequenzen ausgelegt und gew\u00e4hrleistet so die Kompatibilit\u00e4t mit verschiedenen Signalquellen und -zielen. Die Spezifikationen konzentrieren sich auf die Konnektivit\u00e4t und den Frequenzbereich ohne zus\u00e4tzliche Angaben zu Leistung, Spannung oder anderen elektrischen Eigenschaften.<\/p>","protected":false},"excerpt":{"rendered":"<p>4 Eingangsanschl\u00fcsse, 12 Ausgangsanschl\u00fcsse, 3,5-mm-Buchse, 9 kHz~9 GHz<\/p>","protected":false},"featured_media":6424,"comment_status":"closed","ping_status":"closed","template":"","meta":{"_acf_changed":false,"slim_seo":{"title":"SSM5142A - YOTAVIS AG","description":"4 Eingangsanschl\u00fcsse, 12 Ausgangsanschl\u00fcsse, 3,5-mm-Buchse, 9 kHz~9 GHz"}},"product_brand":[506],"product_cat":[526,540],"product_tag":[],"class_list":{"0":"post-3780","1":"product","2":"type-product","3":"status-publish","4":"has-post-thumbnail","6":"product_brand-siglent","7":"product_cat-accessories","8":"product_cat-others-accessories","10":"first","11":"instock","12":"taxable","13":"shipping-taxable","14":"purchasable","15":"product-type-simple"},"acf":[],"_links":{"self":[{"href":"https:\/\/yotavis.ch\/de\/wp-json\/wp\/v2\/product\/3780","targetHints":{"allow":["GET"]}}],"collection":[{"href":"https:\/\/yotavis.ch\/de\/wp-json\/wp\/v2\/product"}],"about":[{"href":"https:\/\/yotavis.ch\/de\/wp-json\/wp\/v2\/types\/product"}],"replies":[{"embeddable":true,"href":"https:\/\/yotavis.ch\/de\/wp-json\/wp\/v2\/comments?post=3780"}],"wp:featuredmedia":[{"embeddable":true,"href":"https:\/\/yotavis.ch\/de\/wp-json\/wp\/v2\/media\/6424"}],"wp:attachment":[{"href":"https:\/\/yotavis.ch\/de\/wp-json\/wp\/v2\/media?parent=3780"}],"wp:term":[{"taxonomy":"product_brand","embeddable":true,"href":"https:\/\/yotavis.ch\/de\/wp-json\/wp\/v2\/product_brand?post=3780"},{"taxonomy":"product_cat","embeddable":true,"href":"https:\/\/yotavis.ch\/de\/wp-json\/wp\/v2\/product_cat?post=3780"},{"taxonomy":"product_tag","embeddable":true,"href":"https:\/\/yotavis.ch\/de\/wp-json\/wp\/v2\/product_tag?post=3780"}],"curies":[{"name":"wp","href":"https:\/\/api.w.org\/{rel}","templated":true}]}}