{"id":3781,"date":"2025-10-09T00:00:00","date_gmt":"2025-10-08T22:00:00","guid":{"rendered":"https:\/\/yotavis.ch\/product\/ssm5144a\/"},"modified":"2026-04-24T13:30:06","modified_gmt":"2026-04-24T11:30:06","slug":"ssm5144a","status":"publish","type":"product","link":"https:\/\/yotavis.ch\/de\/produkt\/ssm5144a\/","title":{"rendered":"SSM5144A"},"content":{"rendered":"<p>Der SSM5144A von Siglent verf\u00fcgt \u00fcber 4 Eingangs- und 24 Ausgangsanschl\u00fcsse, die mit 3,5-mm-Buchsen ausgestattet sind. Er arbeitet in einem weiten Frequenzbereich von 9 kHz bis 9 GHz und erf\u00fcllt damit die unterschiedlichsten Anforderungen an die Signalverarbeitung. Dieses Ger\u00e4t eignet sich f\u00fcr Anwendungen, die mehrere Eingangs- und Ausgangskan\u00e4le innerhalb dieses Frequenzspektrums ben\u00f6tigen. Die Konfiguration erm\u00f6glicht eine effiziente Signalverteilung und -weiterleitung, wodurch es sich an komplexe Aufbauten anpassen l\u00e4sst. Das Design unterst\u00fctzt den Hochfrequenzbetrieb und gew\u00e4hrleistet die Kompatibilit\u00e4t mit einer Vielzahl von elektronischen Test- und Messger\u00e4ten. Die Verwendung von 3,5-mm-Buchsen erm\u00f6glicht sichere und zuverl\u00e4ssige Verbindungen. Insgesamt bietet der SSM5144A eine vielseitige Schnittstelle f\u00fcr die Verwaltung von Signalen \u00fcber einen gro\u00dfen Frequenzbereich.<\/p>","protected":false},"excerpt":{"rendered":"<p>4 Eingangsanschl\u00fcsse, 24 Ausgangsanschl\u00fcsse, 3,5-mm-Buchse, 9 kHz~9 GHz<\/p>","protected":false},"featured_media":6424,"comment_status":"closed","ping_status":"closed","template":"","meta":{"_acf_changed":false,"slim_seo":{"title":"SSM5144A - YOTAVIS AG","description":"4 Eingangsanschl\u00fcsse, 24 Ausgangsanschl\u00fcsse, 3,5-mm-Buchse, 9 kHz~9 GHz"}},"product_brand":[506],"product_cat":[526,540],"product_tag":[],"class_list":{"0":"post-3781","1":"product","2":"type-product","3":"status-publish","4":"has-post-thumbnail","6":"product_brand-siglent","7":"product_cat-accessories","8":"product_cat-others-accessories","10":"first","11":"instock","12":"taxable","13":"shipping-taxable","14":"purchasable","15":"product-type-simple"},"acf":[],"_links":{"self":[{"href":"https:\/\/yotavis.ch\/de\/wp-json\/wp\/v2\/product\/3781","targetHints":{"allow":["GET"]}}],"collection":[{"href":"https:\/\/yotavis.ch\/de\/wp-json\/wp\/v2\/product"}],"about":[{"href":"https:\/\/yotavis.ch\/de\/wp-json\/wp\/v2\/types\/product"}],"replies":[{"embeddable":true,"href":"https:\/\/yotavis.ch\/de\/wp-json\/wp\/v2\/comments?post=3781"}],"wp:featuredmedia":[{"embeddable":true,"href":"https:\/\/yotavis.ch\/de\/wp-json\/wp\/v2\/media\/6424"}],"wp:attachment":[{"href":"https:\/\/yotavis.ch\/de\/wp-json\/wp\/v2\/media?parent=3781"}],"wp:term":[{"taxonomy":"product_brand","embeddable":true,"href":"https:\/\/yotavis.ch\/de\/wp-json\/wp\/v2\/product_brand?post=3781"},{"taxonomy":"product_cat","embeddable":true,"href":"https:\/\/yotavis.ch\/de\/wp-json\/wp\/v2\/product_cat?post=3781"},{"taxonomy":"product_tag","embeddable":true,"href":"https:\/\/yotavis.ch\/de\/wp-json\/wp\/v2\/product_tag?post=3781"}],"curies":[{"name":"wp","href":"https:\/\/api.w.org\/{rel}","templated":true}]}}