{"id":3782,"date":"2025-10-09T00:00:00","date_gmt":"2025-10-08T22:00:00","guid":{"rendered":"https:\/\/yotavis.ch\/product\/ssm5321a\/"},"modified":"2026-04-24T13:30:07","modified_gmt":"2026-04-24T11:30:07","slug":"ssm5321a","status":"publish","type":"product","link":"https:\/\/yotavis.ch\/de\/produkt\/ssm5321a\/","title":{"rendered":"SSM5321A"},"content":{"rendered":"<p>Der SSM5321A von Siglent verf\u00fcgt \u00fcber 2 Eingangs- und 6 Ausgangsanschl\u00fcsse, die alle mit 3,5-mm-Buchsen ausgestattet sind. Er arbeitet in einem Frequenzbereich von 100 kHz bis 26,5 GHz und ist damit f\u00fcr eine Vielzahl von Signalanwendungen geeignet. Das Ger\u00e4t ist so konzipiert, dass es mehrere Ausg\u00e4nge gleichzeitig verarbeiten kann, was eine flexible Signalverteilung erm\u00f6glicht. Die Verwendung von 3,5-mm-Buchsen gew\u00e4hrleistet die Kompatibilit\u00e4t mit Standard-HF-Kabeln und -Ger\u00e4ten. Der breite Frequenzbereich unterst\u00fctzt sowohl nieder- als auch hochfrequente Signale und erf\u00fcllt damit die unterschiedlichsten Pr\u00fcf- und Messanforderungen. Die Konfiguration der Eingangs- und Ausgangsanschl\u00fcsse erm\u00f6glicht ein effizientes Signalrouting und -management in komplexen Aufbauten. Das SSM5321A ist ein Produkt von Siglent, einer Marke, die f\u00fcr ihre elektronischen Pr\u00fcfger\u00e4te bekannt ist.<\/p>","protected":false},"excerpt":{"rendered":"<p>2 Eingangsanschl\u00fcsse, 6 Ausgangsanschl\u00fcsse, 3,5 mm Buchse, 100 kHz~26,5 GHz<\/p>","protected":false},"featured_media":6424,"comment_status":"closed","ping_status":"closed","template":"","meta":{"_acf_changed":false,"slim_seo":{"title":"SSM5321A - YOTAVIS AG","description":"2 Eingangsanschl\u00fcsse, 6 Ausgangsanschl\u00fcsse, 3,5 mm Buchse, 100 kHz~26,5 GHz"}},"product_brand":[506],"product_cat":[526,540],"product_tag":[],"class_list":{"0":"post-3782","1":"product","2":"type-product","3":"status-publish","4":"has-post-thumbnail","6":"product_brand-siglent","7":"product_cat-accessories","8":"product_cat-others-accessories","10":"first","11":"instock","12":"taxable","13":"shipping-taxable","14":"purchasable","15":"product-type-simple"},"acf":[],"_links":{"self":[{"href":"https:\/\/yotavis.ch\/de\/wp-json\/wp\/v2\/product\/3782","targetHints":{"allow":["GET"]}}],"collection":[{"href":"https:\/\/yotavis.ch\/de\/wp-json\/wp\/v2\/product"}],"about":[{"href":"https:\/\/yotavis.ch\/de\/wp-json\/wp\/v2\/types\/product"}],"replies":[{"embeddable":true,"href":"https:\/\/yotavis.ch\/de\/wp-json\/wp\/v2\/comments?post=3782"}],"wp:featuredmedia":[{"embeddable":true,"href":"https:\/\/yotavis.ch\/de\/wp-json\/wp\/v2\/media\/6424"}],"wp:attachment":[{"href":"https:\/\/yotavis.ch\/de\/wp-json\/wp\/v2\/media?parent=3782"}],"wp:term":[{"taxonomy":"product_brand","embeddable":true,"href":"https:\/\/yotavis.ch\/de\/wp-json\/wp\/v2\/product_brand?post=3782"},{"taxonomy":"product_cat","embeddable":true,"href":"https:\/\/yotavis.ch\/de\/wp-json\/wp\/v2\/product_cat?post=3782"},{"taxonomy":"product_tag","embeddable":true,"href":"https:\/\/yotavis.ch\/de\/wp-json\/wp\/v2\/product_tag?post=3782"}],"curies":[{"name":"wp","href":"https:\/\/api.w.org\/{rel}","templated":true}]}}