{"id":3783,"date":"2025-10-09T00:00:00","date_gmt":"2025-10-08T22:00:00","guid":{"rendered":"https:\/\/yotavis.ch\/product\/ssm5342a\/"},"modified":"2026-04-24T13:30:07","modified_gmt":"2026-04-24T11:30:07","slug":"ssm5342a","status":"publish","type":"product","link":"https:\/\/yotavis.ch\/de\/produkt\/ssm5342a\/","title":{"rendered":"SSM5342A"},"content":{"rendered":"<p>Der Siglent SSM5342A verf\u00fcgt \u00fcber 4 Eingangsanschl\u00fcsse und 12 Ausgangsanschl\u00fcsse, die alle mit 3,5-mm-Buchsen ausgestattet sind. Er arbeitet in einem Frequenzbereich von 100 kHz bis 26,5 GHz und ist damit f\u00fcr eine Vielzahl von Signalverarbeitungsanwendungen geeignet. Das Ger\u00e4t ist so konzipiert, dass es mehrere Signale gleichzeitig verarbeiten kann, was durch seine zahlreichen Eingangs- und Ausgangsanschl\u00fcsse erleichtert wird. Sein Steckertyp gew\u00e4hrleistet die Kompatibilit\u00e4t mit Standard-HF-Ger\u00e4ten und erm\u00f6glicht eine einfache Integration in bestehende Anlagen. Der breite Frequenzbereich unterst\u00fctzt sowohl nieder- als auch hochfrequente Signale und bietet so eine gro\u00dfe Vielseitigkeit in Test- und Messszenarien. Dieses Modell ist Teil der Produktpalette von Siglent, die f\u00fcr Pr\u00e4zision und Zuverl\u00e4ssigkeit in der elektronischen Messtechnik bekannt ist.<\/p>","protected":false},"excerpt":{"rendered":"<p>4 Eingangsanschl\u00fcsse, 12 Ausgangsanschl\u00fcsse, 3,5-mm-Buchse, 100 kHz~26,5 GHz<\/p>","protected":false},"featured_media":6424,"comment_status":"closed","ping_status":"closed","template":"","meta":{"_acf_changed":false,"slim_seo":{"title":"SSM5342A - YOTAVIS AG","description":"4 Eingangsanschl\u00fcsse, 12 Ausgangsanschl\u00fcsse, 3,5-mm-Buchse, 100 kHz~26,5 GHz"}},"product_brand":[506],"product_cat":[526,540],"product_tag":[],"class_list":{"0":"post-3783","1":"product","2":"type-product","3":"status-publish","4":"has-post-thumbnail","6":"product_brand-siglent","7":"product_cat-accessories","8":"product_cat-others-accessories","10":"first","11":"instock","12":"taxable","13":"shipping-taxable","14":"purchasable","15":"product-type-simple"},"acf":[],"_links":{"self":[{"href":"https:\/\/yotavis.ch\/de\/wp-json\/wp\/v2\/product\/3783","targetHints":{"allow":["GET"]}}],"collection":[{"href":"https:\/\/yotavis.ch\/de\/wp-json\/wp\/v2\/product"}],"about":[{"href":"https:\/\/yotavis.ch\/de\/wp-json\/wp\/v2\/types\/product"}],"replies":[{"embeddable":true,"href":"https:\/\/yotavis.ch\/de\/wp-json\/wp\/v2\/comments?post=3783"}],"wp:featuredmedia":[{"embeddable":true,"href":"https:\/\/yotavis.ch\/de\/wp-json\/wp\/v2\/media\/6424"}],"wp:attachment":[{"href":"https:\/\/yotavis.ch\/de\/wp-json\/wp\/v2\/media?parent=3783"}],"wp:term":[{"taxonomy":"product_brand","embeddable":true,"href":"https:\/\/yotavis.ch\/de\/wp-json\/wp\/v2\/product_brand?post=3783"},{"taxonomy":"product_cat","embeddable":true,"href":"https:\/\/yotavis.ch\/de\/wp-json\/wp\/v2\/product_cat?post=3783"},{"taxonomy":"product_tag","embeddable":true,"href":"https:\/\/yotavis.ch\/de\/wp-json\/wp\/v2\/product_tag?post=3783"}],"curies":[{"name":"wp","href":"https:\/\/api.w.org\/{rel}","templated":true}]}}