{"id":3786,"date":"2025-10-09T00:00:00","date_gmt":"2025-10-08T22:00:00","guid":{"rendered":"https:\/\/yotavis.ch\/product\/ssu5183a\/"},"modified":"2026-04-24T13:30:08","modified_gmt":"2026-04-24T11:30:08","slug":"ssu5183a","status":"publish","type":"product","link":"https:\/\/yotavis.ch\/de\/produkt\/ssu5183a\/","title":{"rendered":"SSU5183A"},"content":{"rendered":"<p>Der SSU5183A von Siglent arbeitet in einem Frequenzbereich von DC bis 18GHz und verf\u00fcgt \u00fcber drei mechanische SPDT-Schalter. Er ist mit SMA-Buchsen ausgestattet, die die Kompatibilit\u00e4t mit einer Vielzahl von HF-Systemen gew\u00e4hrleisten. Dieses Produkt ist f\u00fcr die Verarbeitung von Hochfrequenzsignalen bis zu 18GHz ausgelegt und eignet sich daher f\u00fcr Anwendungen, die eine pr\u00e4zise Signalf\u00fchrung erfordern. Die drei einpoligen Umschalter erm\u00f6glichen flexible Signalpfadkonfigurationen. Das mechanische Schalterdesign sorgt f\u00fcr eine zuverl\u00e4ssige Schaltleistung. Die SMA-Buchsen sind in HF-Anwendungen Standard und erleichtern die Integration in bestehende Anlagen. Dieses Ger\u00e4t ist f\u00fcr den Einsatz in Umgebungen geeignet, in denen das Management von Hochfrequenzsignalen unerl\u00e4sslich ist.<\/p>","protected":false},"excerpt":{"rendered":"<p>DC-18GHz, mit drei mechanischen SPDT-Schaltern, SMA-Buchse<\/p>","protected":false},"featured_media":6860,"comment_status":"closed","ping_status":"closed","template":"","meta":{"_acf_changed":false,"slim_seo":{"title":"SSU5183A - YOTAVIS AG","description":"DC-18GHz, mit drei mechanischen SPDT-Schaltern, SMA-Buchse"}},"product_brand":[506],"product_cat":[526,540],"product_tag":[],"class_list":{"0":"post-3786","1":"product","2":"type-product","3":"status-publish","4":"has-post-thumbnail","6":"product_brand-siglent","7":"product_cat-accessories","8":"product_cat-others-accessories","10":"first","11":"instock","12":"taxable","13":"shipping-taxable","14":"purchasable","15":"product-type-simple"},"acf":[],"_links":{"self":[{"href":"https:\/\/yotavis.ch\/de\/wp-json\/wp\/v2\/product\/3786","targetHints":{"allow":["GET"]}}],"collection":[{"href":"https:\/\/yotavis.ch\/de\/wp-json\/wp\/v2\/product"}],"about":[{"href":"https:\/\/yotavis.ch\/de\/wp-json\/wp\/v2\/types\/product"}],"replies":[{"embeddable":true,"href":"https:\/\/yotavis.ch\/de\/wp-json\/wp\/v2\/comments?post=3786"}],"wp:featuredmedia":[{"embeddable":true,"href":"https:\/\/yotavis.ch\/de\/wp-json\/wp\/v2\/media\/6860"}],"wp:attachment":[{"href":"https:\/\/yotavis.ch\/de\/wp-json\/wp\/v2\/media?parent=3786"}],"wp:term":[{"taxonomy":"product_brand","embeddable":true,"href":"https:\/\/yotavis.ch\/de\/wp-json\/wp\/v2\/product_brand?post=3786"},{"taxonomy":"product_cat","embeddable":true,"href":"https:\/\/yotavis.ch\/de\/wp-json\/wp\/v2\/product_cat?post=3786"},{"taxonomy":"product_tag","embeddable":true,"href":"https:\/\/yotavis.ch\/de\/wp-json\/wp\/v2\/product_tag?post=3786"}],"curies":[{"name":"wp","href":"https:\/\/api.w.org\/{rel}","templated":true}]}}