{"id":3788,"date":"2025-10-09T00:00:00","date_gmt":"2025-10-08T22:00:00","guid":{"rendered":"https:\/\/yotavis.ch\/product\/ssu5261a\/"},"modified":"2026-04-24T13:30:09","modified_gmt":"2026-04-24T11:30:09","slug":"ssu5261a","status":"publish","type":"product","link":"https:\/\/yotavis.ch\/de\/produkt\/ssu5261a\/","title":{"rendered":"SSU5261A"},"content":{"rendered":"<p>Der SSU5261A von Siglent arbeitet in einem Frequenzbereich von DC bis 26,5GHz und enth\u00e4lt einen mechanischen SPDT-Schalter. Er ist mit einer SMA-Buchse ausgestattet, die \u00fcblicherweise f\u00fcr HF-Anwendungen verwendet wird. Dieses Produkt ist f\u00fcr die Verarbeitung von Hochfrequenzsignalen bis zu 26,5 GHz ausgelegt und eignet sich daher f\u00fcr verschiedene Pr\u00fcf- und Messszenarien. Ein mechanischer Schalter sorgt f\u00fcr eine zuverl\u00e4ssige Signalf\u00fchrung innerhalb des angegebenen Frequenzbereichs. Die SMA-Buchse gew\u00e4hrleistet die Kompatibilit\u00e4t mit einer breiten Palette von HF-Kabeln und -Ger\u00e4ten. Dieses Modell macht keine Angaben zu Leistung, Spannung, Strom oder anderen elektrischen Parametern, sondern konzentriert sich in erster Linie auf seine Frequenzf\u00e4higkeiten und den Schaltertyp. Sein Design unterst\u00fctzt Anwendungen, die pr\u00e4zises Schalten bei Mikrowellenfrequenzen erfordern.<\/p>","protected":false},"excerpt":{"rendered":"<p>DC-26,5GHz, einschlie\u00dflich eines mechanischen SPDT-Schalters, SMA-Buchse<\/p>","protected":false},"featured_media":6860,"comment_status":"closed","ping_status":"closed","template":"","meta":{"_acf_changed":false,"slim_seo":{"title":"SSU5261A - YOTAVIS AG","description":"DC-26,5GHz, einschlie\u00dflich eines mechanischen SPDT-Schalters, SMA-Buchse"}},"product_brand":[506],"product_cat":[526,540],"product_tag":[],"class_list":{"0":"post-3788","1":"product","2":"type-product","3":"status-publish","4":"has-post-thumbnail","6":"product_brand-siglent","7":"product_cat-accessories","8":"product_cat-others-accessories","10":"first","11":"instock","12":"taxable","13":"shipping-taxable","14":"purchasable","15":"product-type-simple"},"acf":[],"_links":{"self":[{"href":"https:\/\/yotavis.ch\/de\/wp-json\/wp\/v2\/product\/3788","targetHints":{"allow":["GET"]}}],"collection":[{"href":"https:\/\/yotavis.ch\/de\/wp-json\/wp\/v2\/product"}],"about":[{"href":"https:\/\/yotavis.ch\/de\/wp-json\/wp\/v2\/types\/product"}],"replies":[{"embeddable":true,"href":"https:\/\/yotavis.ch\/de\/wp-json\/wp\/v2\/comments?post=3788"}],"wp:featuredmedia":[{"embeddable":true,"href":"https:\/\/yotavis.ch\/de\/wp-json\/wp\/v2\/media\/6860"}],"wp:attachment":[{"href":"https:\/\/yotavis.ch\/de\/wp-json\/wp\/v2\/media?parent=3788"}],"wp:term":[{"taxonomy":"product_brand","embeddable":true,"href":"https:\/\/yotavis.ch\/de\/wp-json\/wp\/v2\/product_brand?post=3788"},{"taxonomy":"product_cat","embeddable":true,"href":"https:\/\/yotavis.ch\/de\/wp-json\/wp\/v2\/product_cat?post=3788"},{"taxonomy":"product_tag","embeddable":true,"href":"https:\/\/yotavis.ch\/de\/wp-json\/wp\/v2\/product_tag?post=3788"}],"curies":[{"name":"wp","href":"https:\/\/api.w.org\/{rel}","templated":true}]}}