{"id":3789,"date":"2025-10-09T00:00:00","date_gmt":"2025-10-08T22:00:00","guid":{"rendered":"https:\/\/yotavis.ch\/product\/ssu5262a\/"},"modified":"2026-04-24T13:30:09","modified_gmt":"2026-04-24T11:30:09","slug":"ssu5262a","status":"publish","type":"product","link":"https:\/\/yotavis.ch\/de\/produkt\/ssu5262a\/","title":{"rendered":"SSU5262A"},"content":{"rendered":"<p>Der SSU5262A von Siglent arbeitet in einem Frequenzbereich von DC bis 26,5GHz und verf\u00fcgt \u00fcber zwei mechanische SPDT-Schalter. Er ist mit SMA-Buchsen ausgestattet, die eine zuverl\u00e4ssige und sichere Verbindung erm\u00f6glichen. Dieses Produkt ist f\u00fcr die Verarbeitung von Hochfrequenzsignalen bis zu 26,5 GHz ausgelegt und eignet sich daher f\u00fcr verschiedene Anwendungen, die pr\u00e4zise Schaltfunktionen erfordern. Durch die Verwendung von zwei einpoligen Umschaltern sind vielseitige Signalrouting-Optionen in einem kompakten Formfaktor m\u00f6glich. Die mechanische Beschaffenheit der Schalter gew\u00e4hrleistet eine gleichbleibende Leistung und Langlebigkeit im Laufe der Zeit. Die SMA-Buchsen entsprechen dem Industriestandard und bieten Kompatibilit\u00e4t mit einer Vielzahl von HF-Ger\u00e4ten und Testaufbauten. Dieses Ger\u00e4t ist f\u00fcr den Einsatz in Umgebungen vorgesehen, in denen die Verwaltung von Hochfrequenzsignalen von entscheidender Bedeutung ist, und unterst\u00fctzt eine effiziente und effektive Signalsteuerung ohne zus\u00e4tzliche Leistungs- oder Steuerspezifikationen.<\/p>","protected":false},"excerpt":{"rendered":"<p>DC-26,5GHz, mit zwei mechanischen SPDT-Schaltern, SMA-Buchse<\/p>","protected":false},"featured_media":6860,"comment_status":"closed","ping_status":"closed","template":"","meta":{"_acf_changed":false,"slim_seo":{"title":"SSU5262A - YOTAVIS AG","description":"DC-26,5GHz, mit zwei mechanischen SPDT-Schaltern, SMA-Buchse"}},"product_brand":[506],"product_cat":[526,540],"product_tag":[],"class_list":{"0":"post-3789","1":"product","2":"type-product","3":"status-publish","4":"has-post-thumbnail","6":"product_brand-siglent","7":"product_cat-accessories","8":"product_cat-others-accessories","10":"first","11":"instock","12":"taxable","13":"shipping-taxable","14":"purchasable","15":"product-type-simple"},"acf":[],"_links":{"self":[{"href":"https:\/\/yotavis.ch\/de\/wp-json\/wp\/v2\/product\/3789","targetHints":{"allow":["GET"]}}],"collection":[{"href":"https:\/\/yotavis.ch\/de\/wp-json\/wp\/v2\/product"}],"about":[{"href":"https:\/\/yotavis.ch\/de\/wp-json\/wp\/v2\/types\/product"}],"replies":[{"embeddable":true,"href":"https:\/\/yotavis.ch\/de\/wp-json\/wp\/v2\/comments?post=3789"}],"wp:featuredmedia":[{"embeddable":true,"href":"https:\/\/yotavis.ch\/de\/wp-json\/wp\/v2\/media\/6860"}],"wp:attachment":[{"href":"https:\/\/yotavis.ch\/de\/wp-json\/wp\/v2\/media?parent=3789"}],"wp:term":[{"taxonomy":"product_brand","embeddable":true,"href":"https:\/\/yotavis.ch\/de\/wp-json\/wp\/v2\/product_brand?post=3789"},{"taxonomy":"product_cat","embeddable":true,"href":"https:\/\/yotavis.ch\/de\/wp-json\/wp\/v2\/product_cat?post=3789"},{"taxonomy":"product_tag","embeddable":true,"href":"https:\/\/yotavis.ch\/de\/wp-json\/wp\/v2\/product_tag?post=3789"}],"curies":[{"name":"wp","href":"https:\/\/api.w.org\/{rel}","templated":true}]}}