{"id":3792,"date":"2025-10-09T00:00:00","date_gmt":"2025-10-08T22:00:00","guid":{"rendered":"https:\/\/yotavis.ch\/product\/ssu5265a\/"},"modified":"2026-04-24T13:30:10","modified_gmt":"2026-04-24T11:30:10","slug":"ssu5265a","status":"publish","type":"product","link":"https:\/\/yotavis.ch\/de\/produkt\/ssu5265a\/","title":{"rendered":"SSU5265A"},"content":{"rendered":"<p>Der SSU5265A von Siglent arbeitet in einem Frequenzbereich von DC bis 26,5 GHz und enth\u00e4lt einen mechanischen Schalter SP6T. Er ist mit einer SMA-Buchse ausgestattet, die \u00fcblicherweise f\u00fcr HF-Anwendungen verwendet wird. Dieses Produkt ist f\u00fcr die Verarbeitung von Hochfrequenzsignalen bis 26,5 GHz ausgelegt und eignet sich daher f\u00fcr verschiedene Test- und Messszenarien. Der mechanische Schalter erm\u00f6glicht mehrere Signalpfade, was seine Vielseitigkeit bei der Signalf\u00fchrung erh\u00f6ht. Mit dem SP6T-Schalter kann zwischen sechs verschiedenen Signaleing\u00e4ngen oder -ausg\u00e4ngen gew\u00e4hlt werden. Die SMA-Buchse gew\u00e4hrleistet die Kompatibilit\u00e4t mit einer breiten Palette von HF-Kabeln und -Ger\u00e4ten. Diese Kombination von Merkmalen unterst\u00fctzt das pr\u00e4zise und zuverl\u00e4ssige Signalmanagement in Hochfrequenzumgebungen.<\/p>","protected":false},"excerpt":{"rendered":"<p>DC-26,5GHz, einschlie\u00dflich eines mechanischen SP6T-Schalters, SMA-Buchse<\/p>","protected":false},"featured_media":6863,"comment_status":"closed","ping_status":"closed","template":"","meta":{"_acf_changed":false,"slim_seo":{"title":"SSU5265A - YOTAVIS AG","description":"DC-26,5GHz, einschlie\u00dflich eines mechanischen SP6T-Schalters, SMA-Buchse"}},"product_brand":[506],"product_cat":[526,540],"product_tag":[],"class_list":{"0":"post-3792","1":"product","2":"type-product","3":"status-publish","4":"has-post-thumbnail","6":"product_brand-siglent","7":"product_cat-accessories","8":"product_cat-others-accessories","10":"first","11":"instock","12":"taxable","13":"shipping-taxable","14":"purchasable","15":"product-type-simple"},"acf":[],"_links":{"self":[{"href":"https:\/\/yotavis.ch\/de\/wp-json\/wp\/v2\/product\/3792","targetHints":{"allow":["GET"]}}],"collection":[{"href":"https:\/\/yotavis.ch\/de\/wp-json\/wp\/v2\/product"}],"about":[{"href":"https:\/\/yotavis.ch\/de\/wp-json\/wp\/v2\/types\/product"}],"replies":[{"embeddable":true,"href":"https:\/\/yotavis.ch\/de\/wp-json\/wp\/v2\/comments?post=3792"}],"wp:featuredmedia":[{"embeddable":true,"href":"https:\/\/yotavis.ch\/de\/wp-json\/wp\/v2\/media\/6863"}],"wp:attachment":[{"href":"https:\/\/yotavis.ch\/de\/wp-json\/wp\/v2\/media?parent=3792"}],"wp:term":[{"taxonomy":"product_brand","embeddable":true,"href":"https:\/\/yotavis.ch\/de\/wp-json\/wp\/v2\/product_brand?post=3792"},{"taxonomy":"product_cat","embeddable":true,"href":"https:\/\/yotavis.ch\/de\/wp-json\/wp\/v2\/product_cat?post=3792"},{"taxonomy":"product_tag","embeddable":true,"href":"https:\/\/yotavis.ch\/de\/wp-json\/wp\/v2\/product_tag?post=3792"}],"curies":[{"name":"wp","href":"https:\/\/api.w.org\/{rel}","templated":true}]}}