{"id":3794,"date":"2025-10-09T00:00:00","date_gmt":"2025-10-08T22:00:00","guid":{"rendered":"https:\/\/yotavis.ch\/product\/ssu5501a\/"},"modified":"2026-04-24T13:30:11","modified_gmt":"2026-04-24T11:30:11","slug":"ssu5501a","status":"publish","type":"product","link":"https:\/\/yotavis.ch\/de\/produkt\/ssu5501a\/","title":{"rendered":"SSU5501A"},"content":{"rendered":"<p>Der SSU5501A von Siglent arbeitet in einem Frequenzbereich von DC bis 50 GHz und enth\u00e4lt einen mechanischen SPDT-Schalter. Er ist mit einer 2,4-mm-Buchse ausgestattet, die f\u00fcr Hochfrequenzanwendungen geeignet ist. Dieses Produkt ist f\u00fcr die Verarbeitung von Signalen innerhalb des spezifizierten Frequenzbereichs ausgelegt, wodurch es mit verschiedenen Test- und Messaufbauten kompatibel ist. Der in das Ger\u00e4t integrierte mechanische Schalter erm\u00f6glicht eine zuverl\u00e4ssige Signalweiterleitung und -umschaltung. Seine Konstruktion und sein Steckertyp gew\u00e4hrleisten eine stabile Leistung in anspruchsvollen Umgebungen. Der SSU5501A ist Teil der Siglent-Produktreihe von Pr\u00e4zisionsinstrumenten, die f\u00fcr HF- und Mikrowellentests zugeschnitten sind. Dieses Ger\u00e4t ist f\u00fcr den Einsatz in Szenarien vorgesehen, die eine genaue Frequenzbehandlung bis zu 50 GHz erfordern.<\/p>","protected":false},"excerpt":{"rendered":"<p>DC-50GHz, einschlie\u00dflich eines mechanischen SPDT-Schalters, 2,4 mm Buchse<\/p>","protected":false},"featured_media":6860,"comment_status":"closed","ping_status":"closed","template":"","meta":{"_acf_changed":false,"slim_seo":{"title":"SSU5501A - YOTAVIS AG","description":"DC-50GHz, einschlie\u00dflich eines mechanischen SPDT-Schalters, 2,4 mm Buchse"}},"product_brand":[506],"product_cat":[526,540],"product_tag":[],"class_list":{"0":"post-3794","1":"product","2":"type-product","3":"status-publish","4":"has-post-thumbnail","6":"product_brand-siglent","7":"product_cat-accessories","8":"product_cat-others-accessories","10":"first","11":"instock","12":"taxable","13":"shipping-taxable","14":"purchasable","15":"product-type-simple"},"acf":[],"_links":{"self":[{"href":"https:\/\/yotavis.ch\/de\/wp-json\/wp\/v2\/product\/3794","targetHints":{"allow":["GET"]}}],"collection":[{"href":"https:\/\/yotavis.ch\/de\/wp-json\/wp\/v2\/product"}],"about":[{"href":"https:\/\/yotavis.ch\/de\/wp-json\/wp\/v2\/types\/product"}],"replies":[{"embeddable":true,"href":"https:\/\/yotavis.ch\/de\/wp-json\/wp\/v2\/comments?post=3794"}],"wp:featuredmedia":[{"embeddable":true,"href":"https:\/\/yotavis.ch\/de\/wp-json\/wp\/v2\/media\/6860"}],"wp:attachment":[{"href":"https:\/\/yotavis.ch\/de\/wp-json\/wp\/v2\/media?parent=3794"}],"wp:term":[{"taxonomy":"product_brand","embeddable":true,"href":"https:\/\/yotavis.ch\/de\/wp-json\/wp\/v2\/product_brand?post=3794"},{"taxonomy":"product_cat","embeddable":true,"href":"https:\/\/yotavis.ch\/de\/wp-json\/wp\/v2\/product_cat?post=3794"},{"taxonomy":"product_tag","embeddable":true,"href":"https:\/\/yotavis.ch\/de\/wp-json\/wp\/v2\/product_tag?post=3794"}],"curies":[{"name":"wp","href":"https:\/\/api.w.org\/{rel}","templated":true}]}}