{"id":3795,"date":"2025-10-09T00:00:00","date_gmt":"2025-10-08T22:00:00","guid":{"rendered":"https:\/\/yotavis.ch\/product\/ssu5502a\/"},"modified":"2026-04-24T13:30:11","modified_gmt":"2026-04-24T11:30:11","slug":"ssu5502a","status":"publish","type":"product","link":"https:\/\/yotavis.ch\/de\/produkt\/ssu5502a\/","title":{"rendered":"SSU5502A"},"content":{"rendered":"<p>Der SSU5502A von Siglent arbeitet in einem Frequenzbereich von DC bis 50 GHz und verf\u00fcgt \u00fcber zwei mechanische SPDT-Schalter. Er ist mit 2,4-mm-Buchsen ausgestattet, die eine zuverl\u00e4ssige und pr\u00e4zise Verbindung f\u00fcr Hochfrequenzanwendungen erm\u00f6glichen. Dieses Produkt ist f\u00fcr die Verarbeitung von Signalen innerhalb des angegebenen Frequenzbereichs ausgelegt und eignet sich daher f\u00fcr verschiedene Pr\u00fcf- und Messszenarien. Der Einsatz von mechanischen Schaltern erm\u00f6glicht eine effiziente Signalf\u00fchrung und Umschaltm\u00f6glichkeiten. Die Konstruktion und der Steckertyp des Ger\u00e4ts unterst\u00fctzen die Hochfrequenzleistung und Haltbarkeit. Das Design richtet sich an Benutzer, die stabile und genaue Schaltfunktionen in HF-Umgebungen ben\u00f6tigen. Der SSU5502A integriert diese Eigenschaften, um die Anforderungen fortschrittlicher elektronischer Testaufbauten zu erf\u00fcllen.<\/p>","protected":false},"excerpt":{"rendered":"<p>DC-50GHz, mit zwei mechanischen SPDT-Schaltern, 2,4 mm Buchse<\/p>","protected":false},"featured_media":6860,"comment_status":"closed","ping_status":"closed","template":"","meta":{"_acf_changed":false,"slim_seo":{"title":"SSU5502A - YOTAVIS AG","description":"DC-50GHz, mit zwei mechanischen SPDT-Schaltern, 2,4 mm Buchse"}},"product_brand":[506],"product_cat":[526,540],"product_tag":[],"class_list":{"0":"post-3795","1":"product","2":"type-product","3":"status-publish","4":"has-post-thumbnail","6":"product_brand-siglent","7":"product_cat-accessories","8":"product_cat-others-accessories","10":"first","11":"instock","12":"taxable","13":"shipping-taxable","14":"purchasable","15":"product-type-simple"},"acf":[],"_links":{"self":[{"href":"https:\/\/yotavis.ch\/de\/wp-json\/wp\/v2\/product\/3795","targetHints":{"allow":["GET"]}}],"collection":[{"href":"https:\/\/yotavis.ch\/de\/wp-json\/wp\/v2\/product"}],"about":[{"href":"https:\/\/yotavis.ch\/de\/wp-json\/wp\/v2\/types\/product"}],"replies":[{"embeddable":true,"href":"https:\/\/yotavis.ch\/de\/wp-json\/wp\/v2\/comments?post=3795"}],"wp:featuredmedia":[{"embeddable":true,"href":"https:\/\/yotavis.ch\/de\/wp-json\/wp\/v2\/media\/6860"}],"wp:attachment":[{"href":"https:\/\/yotavis.ch\/de\/wp-json\/wp\/v2\/media?parent=3795"}],"wp:term":[{"taxonomy":"product_brand","embeddable":true,"href":"https:\/\/yotavis.ch\/de\/wp-json\/wp\/v2\/product_brand?post=3795"},{"taxonomy":"product_cat","embeddable":true,"href":"https:\/\/yotavis.ch\/de\/wp-json\/wp\/v2\/product_cat?post=3795"},{"taxonomy":"product_tag","embeddable":true,"href":"https:\/\/yotavis.ch\/de\/wp-json\/wp\/v2\/product_tag?post=3795"}],"curies":[{"name":"wp","href":"https:\/\/api.w.org\/{rel}","templated":true}]}}