{"id":3798,"date":"2025-10-09T00:00:00","date_gmt":"2025-10-08T22:00:00","guid":{"rendered":"https:\/\/yotavis.ch\/product\/f504ts\/"},"modified":"2026-04-24T13:30:16","modified_gmt":"2026-04-24T11:30:16","slug":"f504ts","status":"publish","type":"product","link":"https:\/\/yotavis.ch\/de\/produkt\/f504ts\/","title":{"rendered":"F504TS"},"content":{"rendered":"<p>Das mechanische Kalibrierungs-Kit F504TS von Siglent ist f\u00fcr die OSLT-Kalibrierung im Frequenzbereich von DC bis 9 GHz konzipiert. Es verf\u00fcgt sowohl \u00fcber N-Male- als auch N-Female-Anschl\u00fcsse, die vielseitige Anschlussm\u00f6glichkeiten bieten. Dieses Kalibrierungs-Kit ist zur Unterst\u00fctzung pr\u00e4ziser mechanischer Kalibrierungsaufgaben innerhalb des spezifizierten Frequenzbereichs vorgesehen. Die Einbeziehung von OSLT-Kalibrierungsf\u00e4higkeiten weist auf die Verwendung bei Leerlauf-, Kurzschluss-, Last- und Durchgangskalibrierungsverfahren hin. Das Produkt ist ein Markenprodukt von Siglent, einem bekannten Hersteller in diesem Bereich. Das Design des Kits unterst\u00fctzt genaue Kalibrierungsprozesse f\u00fcr Ger\u00e4te, die bis zu 9 GHz arbeiten, und gew\u00e4hrleistet die Kompatibilit\u00e4t mit einer breiten Palette von Testger\u00e4ten. Die mechanische Konstruktion ist so ausgelegt, dass die Integrit\u00e4t der Kalibrierung \u00fcber das angegebene Frequenzspektrum erhalten bleibt.<\/p>","protected":false},"excerpt":{"rendered":"<p>Mechanical Calibration Kit: OSLT, DC &#8211; 9 GHz, N-Male and Female connector<\/p>","protected":false},"featured_media":6871,"comment_status":"closed","ping_status":"closed","template":"","meta":{"_acf_changed":false,"slim_seo":{"title":"F504TS - YOTAVIS AG","description":"Mechanischer Kalibrierungssatz: OSLT, DC - 9 GHz, N-Stecker und -Buchse"}},"product_brand":[506],"product_cat":[526,528],"product_tag":[],"class_list":{"0":"post-3798","1":"product","2":"type-product","3":"status-publish","4":"has-post-thumbnail","6":"product_brand-siglent","7":"product_cat-accessories","8":"product_cat-calibration-kits","9":"pa_connector-type-n","11":"first","12":"instock","13":"taxable","14":"shipping-taxable","15":"purchasable","16":"product-type-simple"},"acf":[],"_links":{"self":[{"href":"https:\/\/yotavis.ch\/de\/wp-json\/wp\/v2\/product\/3798","targetHints":{"allow":["GET"]}}],"collection":[{"href":"https:\/\/yotavis.ch\/de\/wp-json\/wp\/v2\/product"}],"about":[{"href":"https:\/\/yotavis.ch\/de\/wp-json\/wp\/v2\/types\/product"}],"replies":[{"embeddable":true,"href":"https:\/\/yotavis.ch\/de\/wp-json\/wp\/v2\/comments?post=3798"}],"wp:featuredmedia":[{"embeddable":true,"href":"https:\/\/yotavis.ch\/de\/wp-json\/wp\/v2\/media\/6871"}],"wp:attachment":[{"href":"https:\/\/yotavis.ch\/de\/wp-json\/wp\/v2\/media?parent=3798"}],"wp:term":[{"taxonomy":"product_brand","embeddable":true,"href":"https:\/\/yotavis.ch\/de\/wp-json\/wp\/v2\/product_brand?post=3798"},{"taxonomy":"product_cat","embeddable":true,"href":"https:\/\/yotavis.ch\/de\/wp-json\/wp\/v2\/product_cat?post=3798"},{"taxonomy":"product_tag","embeddable":true,"href":"https:\/\/yotavis.ch\/de\/wp-json\/wp\/v2\/product_tag?post=3798"}],"curies":[{"name":"wp","href":"https:\/\/api.w.org\/{rel}","templated":true}]}}