{"id":3799,"date":"2025-10-09T00:00:00","date_gmt":"2025-10-08T22:00:00","guid":{"rendered":"https:\/\/yotavis.ch\/product\/f505ts\/"},"modified":"2026-04-24T13:30:17","modified_gmt":"2026-04-24T11:30:17","slug":"f505ts","status":"publish","type":"product","link":"https:\/\/yotavis.ch\/de\/produkt\/f505ts\/","title":{"rendered":"F505TS"},"content":{"rendered":"<p>Das Siglent F505TS Mechanische Kalibrierungs-Kit ist f\u00fcr die OSLT-Kalibrierung in einem Frequenzbereich von DC bis 18 GHz ausgelegt. Es verf\u00fcgt sowohl \u00fcber N-Male- als auch N-Female-Anschl\u00fcsse, die die Kompatibilit\u00e4t mit einer Vielzahl von Testaufbauten gew\u00e4hrleisten. Dieses Kalibrierungs-Kit ist f\u00fcr die pr\u00e4zise mechanische Kalibrierung von Ger\u00e4ten gedacht, die innerhalb des spezifizierten Frequenzbereichs arbeiten. Die Tatsache, dass sowohl Stecker als auch Buchsen vorhanden sind, erm\u00f6glicht vielseitige Anschlussm\u00f6glichkeiten w\u00e4hrend der Kalibrierverfahren. Das Kit unterst\u00fctzt Kalibrierungsaufgaben, die genaue Referenzstandards f\u00fcr Signalintegrit\u00e4t und Messgenauigkeit erfordern. Sein Design erleichtert zuverl\u00e4ssige und wiederholbare Kalibrierungsprozesse in Hochfrequenzanwendungen. Das F505TS ist ein Spezialwerkzeug, das sich f\u00fcr den Einsatz in Umgebungen eignet, in denen eine pr\u00e4zise mechanische Kalibrierung unerl\u00e4sslich ist.<\/p>","protected":false},"excerpt":{"rendered":"<p>Mechanical Calibration Kit: OSLT, DC &#8211; 18 GHz, N-Male and Female connector<\/p>","protected":false},"featured_media":6871,"comment_status":"closed","ping_status":"closed","template":"","meta":{"_acf_changed":false,"slim_seo":{"title":"F505TS - YOTAVIS AG","description":"Mechanischer Kalibrierungssatz: OSLT, DC - 18 GHz, N-Stecker und -Buchse"}},"product_brand":[506],"product_cat":[526,528],"product_tag":[],"class_list":{"0":"post-3799","1":"product","2":"type-product","3":"status-publish","4":"has-post-thumbnail","6":"product_brand-siglent","7":"product_cat-accessories","8":"product_cat-calibration-kits","9":"pa_connector-type-n","11":"first","12":"instock","13":"taxable","14":"shipping-taxable","15":"purchasable","16":"product-type-simple"},"acf":[],"_links":{"self":[{"href":"https:\/\/yotavis.ch\/de\/wp-json\/wp\/v2\/product\/3799","targetHints":{"allow":["GET"]}}],"collection":[{"href":"https:\/\/yotavis.ch\/de\/wp-json\/wp\/v2\/product"}],"about":[{"href":"https:\/\/yotavis.ch\/de\/wp-json\/wp\/v2\/types\/product"}],"replies":[{"embeddable":true,"href":"https:\/\/yotavis.ch\/de\/wp-json\/wp\/v2\/comments?post=3799"}],"wp:featuredmedia":[{"embeddable":true,"href":"https:\/\/yotavis.ch\/de\/wp-json\/wp\/v2\/media\/6871"}],"wp:attachment":[{"href":"https:\/\/yotavis.ch\/de\/wp-json\/wp\/v2\/media?parent=3799"}],"wp:term":[{"taxonomy":"product_brand","embeddable":true,"href":"https:\/\/yotavis.ch\/de\/wp-json\/wp\/v2\/product_brand?post=3799"},{"taxonomy":"product_cat","embeddable":true,"href":"https:\/\/yotavis.ch\/de\/wp-json\/wp\/v2\/product_cat?post=3799"},{"taxonomy":"product_tag","embeddable":true,"href":"https:\/\/yotavis.ch\/de\/wp-json\/wp\/v2\/product_tag?post=3799"}],"curies":[{"name":"wp","href":"https:\/\/api.w.org\/{rel}","templated":true}]}}