{"id":3800,"date":"2025-10-09T00:00:00","date_gmt":"2025-10-08T22:00:00","guid":{"rendered":"https:\/\/yotavis.ch\/product\/f606ts\/"},"modified":"2026-04-24T13:30:17","modified_gmt":"2026-04-24T11:30:17","slug":"f606ts","status":"publish","type":"product","link":"https:\/\/yotavis.ch\/de\/produkt\/f606ts\/","title":{"rendered":"F606TS"},"content":{"rendered":"<p>Das mechanische Kalibrierungs-Kit F606TS von Siglent ist f\u00fcr die OSLT-Kalibrierung in einem Frequenzbereich von DC bis 27 GHz ausgelegt. Es verf\u00fcgt sowohl \u00fcber 3,5-mm-Stecker als auch -Buchsen und ist somit mit einer Vielzahl von Testger\u00e4ten kompatibel. Dieses Kit ist f\u00fcr die pr\u00e4zise mechanische Kalibrierung bei Hochfrequenzmessungen gedacht. Die Tatsache, dass sowohl Stecker als auch Buchsen vorhanden sind, erm\u00f6glicht vielseitige Anschlussm\u00f6glichkeiten w\u00e4hrend der Kalibrierverfahren. Der Frequenzbereich von bis zu 27 GHz eignet sich f\u00fcr den Einsatz in fortschrittlichen HF- und Mikrowellen-Testumgebungen. Das mechanische Design unterst\u00fctzt zuverl\u00e4ssige und wiederholbare Kalibrierungsergebnisse. Dieses Kalibrierungsset ist ein spezielles Werkzeug f\u00fcr die Aufrechterhaltung der Genauigkeit bei Hochfrequenzsignalmessungen.<\/p>","protected":false},"excerpt":{"rendered":"<p>Mechanical Calibration Kit: OSLT, DC &#8211; 27 GHz, 3.5mm-Male and Female connector<\/p>","protected":false},"featured_media":6874,"comment_status":"closed","ping_status":"closed","template":"","meta":{"_acf_changed":false,"slim_seo":{"title":"F606TS - YOTAVIS AG","description":"Mechanischer Kalibrierungssatz: OSLT, DC - 27 GHz, 3,5mm-Stecker und -Buchse"}},"product_brand":[506],"product_cat":[526,528],"product_tag":[],"class_list":{"0":"post-3800","1":"product","2":"type-product","3":"status-publish","4":"has-post-thumbnail","6":"product_brand-siglent","7":"product_cat-accessories","8":"product_cat-calibration-kits","9":"pa_connector-35mm","11":"first","12":"instock","13":"taxable","14":"shipping-taxable","15":"purchasable","16":"product-type-simple"},"acf":[],"_links":{"self":[{"href":"https:\/\/yotavis.ch\/de\/wp-json\/wp\/v2\/product\/3800","targetHints":{"allow":["GET"]}}],"collection":[{"href":"https:\/\/yotavis.ch\/de\/wp-json\/wp\/v2\/product"}],"about":[{"href":"https:\/\/yotavis.ch\/de\/wp-json\/wp\/v2\/types\/product"}],"replies":[{"embeddable":true,"href":"https:\/\/yotavis.ch\/de\/wp-json\/wp\/v2\/comments?post=3800"}],"wp:featuredmedia":[{"embeddable":true,"href":"https:\/\/yotavis.ch\/de\/wp-json\/wp\/v2\/media\/6874"}],"wp:attachment":[{"href":"https:\/\/yotavis.ch\/de\/wp-json\/wp\/v2\/media?parent=3800"}],"wp:term":[{"taxonomy":"product_brand","embeddable":true,"href":"https:\/\/yotavis.ch\/de\/wp-json\/wp\/v2\/product_brand?post=3800"},{"taxonomy":"product_cat","embeddable":true,"href":"https:\/\/yotavis.ch\/de\/wp-json\/wp\/v2\/product_cat?post=3800"},{"taxonomy":"product_tag","embeddable":true,"href":"https:\/\/yotavis.ch\/de\/wp-json\/wp\/v2\/product_tag?post=3800"}],"curies":[{"name":"wp","href":"https:\/\/api.w.org\/{rel}","templated":true}]}}