{"id":3801,"date":"2025-10-09T00:00:00","date_gmt":"2025-10-08T22:00:00","guid":{"rendered":"https:\/\/yotavis.ch\/product\/y504ms\/"},"modified":"2026-04-24T13:30:17","modified_gmt":"2026-04-24T11:30:17","slug":"y504ms","status":"publish","type":"product","link":"https:\/\/yotavis.ch\/de\/produkt\/y504ms\/","title":{"rendered":"Y504MS"},"content":{"rendered":"<p>Das Y504MS ist ein integrierter mechanischer Kalibriersatz f\u00fcr die OSLT-Kalibrierung, der Frequenzen von DC bis 9 GHz abdeckt. Es verf\u00fcgt \u00fcber einen N-Male-Steckertyp, der die Kompatibilit\u00e4t mit einer Reihe von Testger\u00e4ten gew\u00e4hrleistet. Dieses von Siglent hergestellte Kalibrierungs-Kit dient der pr\u00e4zisen mechanischen Kalibrierung f\u00fcr verschiedene Messanwendungen. Das Kit unterst\u00fctzt Kalibrierungsprozesse, die genaue und zuverl\u00e4ssige Standards \u00fcber einen breiten Frequenzbereich erfordern. Sein Design erleichtert die Verwendung in Labor- und Feldumgebungen, in denen die Integrit\u00e4t der Kalibrierung entscheidend ist. Das Y504MS eignet sich f\u00fcr Ger\u00e4te, die innerhalb des angegebenen Frequenzbereichs arbeiten, und ist somit ein vielseitiges Werkzeug f\u00fcr Kalibrierungsaufgaben. Dieses Produkt ist Teil der Siglent-Produktpalette an Kalibrierungszubeh\u00f6r, das auf die Aufrechterhaltung der Messgenauigkeit ausgerichtet ist.<\/p>","protected":false},"excerpt":{"rendered":"<p>Integrated Mechanical Calibration Kit: OSLT, DC &#8211; 9 GHz, N-Male<\/p>","protected":false},"featured_media":6876,"comment_status":"closed","ping_status":"closed","template":"","meta":{"_acf_changed":false,"slim_seo":{"title":"Y504MS - YOTAVIS AG","description":"Integrierter mechanischer Kalibriersatz: OSLT, DC - 9 GHz, N-Stecker"}},"product_brand":[506],"product_cat":[526,528],"product_tag":[],"class_list":{"0":"post-3801","1":"product","2":"type-product","3":"status-publish","4":"has-post-thumbnail","6":"product_brand-siglent","7":"product_cat-accessories","8":"product_cat-calibration-kits","9":"pa_connector-type-n","11":"first","12":"instock","13":"taxable","14":"shipping-taxable","15":"purchasable","16":"product-type-simple"},"acf":[],"_links":{"self":[{"href":"https:\/\/yotavis.ch\/de\/wp-json\/wp\/v2\/product\/3801","targetHints":{"allow":["GET"]}}],"collection":[{"href":"https:\/\/yotavis.ch\/de\/wp-json\/wp\/v2\/product"}],"about":[{"href":"https:\/\/yotavis.ch\/de\/wp-json\/wp\/v2\/types\/product"}],"replies":[{"embeddable":true,"href":"https:\/\/yotavis.ch\/de\/wp-json\/wp\/v2\/comments?post=3801"}],"wp:featuredmedia":[{"embeddable":true,"href":"https:\/\/yotavis.ch\/de\/wp-json\/wp\/v2\/media\/6876"}],"wp:attachment":[{"href":"https:\/\/yotavis.ch\/de\/wp-json\/wp\/v2\/media?parent=3801"}],"wp:term":[{"taxonomy":"product_brand","embeddable":true,"href":"https:\/\/yotavis.ch\/de\/wp-json\/wp\/v2\/product_brand?post=3801"},{"taxonomy":"product_cat","embeddable":true,"href":"https:\/\/yotavis.ch\/de\/wp-json\/wp\/v2\/product_cat?post=3801"},{"taxonomy":"product_tag","embeddable":true,"href":"https:\/\/yotavis.ch\/de\/wp-json\/wp\/v2\/product_tag?post=3801"}],"curies":[{"name":"wp","href":"https:\/\/api.w.org\/{rel}","templated":true}]}}