{"id":3802,"date":"2025-10-09T00:00:00","date_gmt":"2025-10-08T22:00:00","guid":{"rendered":"https:\/\/yotavis.ch\/product\/y504fs\/"},"modified":"2026-04-24T13:30:18","modified_gmt":"2026-04-24T11:30:18","slug":"y504fs","status":"publish","type":"product","link":"https:\/\/yotavis.ch\/de\/produkt\/y504fs\/","title":{"rendered":"Y504FS"},"content":{"rendered":"<p>Das Y504FS ist ein integriertes mechanisches Kalibrierungs-Kit, das f\u00fcr die OSLT-Kalibrierung f\u00fcr Frequenzen von DC bis 9 GHz entwickelt wurde. Es verf\u00fcgt \u00fcber eine N-Buchse, die die Kompatibilit\u00e4t mit verschiedenen Testaufbauten gew\u00e4hrleistet. Dieses von Siglent hergestellte Kalibrierungs-Kit dient der pr\u00e4zisen mechanischen Kalibrierung von Messger\u00e4ten innerhalb des angegebenen Frequenzbereichs. Das Kit unterst\u00fctzt Kalibrierungsaufgaben, die genaue Referenzstandards f\u00fcr Leerlauf-, Kurzschluss-, Last- und Durchgangsmessungen erfordern. Sein Design erleichtert zuverl\u00e4ssige und wiederholbare Kalibrierungsprozesse, die f\u00fcr die Aufrechterhaltung der Messgenauigkeit in HF- und Mikrowellen-Testumgebungen unerl\u00e4sslich sind. Durch die Frequenzabdeckung bis zu 9 GHz eignet es sich f\u00fcr eine Vielzahl von Anwendungen in der Elektronikpr\u00fcfung und -entwicklung. Die integrierte Bauweise des Kits vereint mehrere Kalibrierstandards in einer einzigen Einheit, was den Kalibrierungsablauf rationalisiert und den Bedarf an mehreren separaten Komponenten reduziert.<\/p>","protected":false},"excerpt":{"rendered":"<p>Integrated Mechanical Calibration Kit: OSLT, DC &#8211; 9 GHz, N-Female<\/p>","protected":false},"featured_media":6877,"comment_status":"closed","ping_status":"closed","template":"","meta":{"_acf_changed":false,"slim_seo":{"title":"Y504FS - YOTAVIS AG","description":"Integrierter mechanischer Kalibriersatz: OSLT, DC - 9 GHz, N-Buchse"}},"product_brand":[506],"product_cat":[526,528],"product_tag":[],"class_list":{"0":"post-3802","1":"product","2":"type-product","3":"status-publish","4":"has-post-thumbnail","6":"product_brand-siglent","7":"product_cat-accessories","8":"product_cat-calibration-kits","9":"pa_connector-type-n","11":"first","12":"instock","13":"taxable","14":"shipping-taxable","15":"purchasable","16":"product-type-simple"},"acf":[],"_links":{"self":[{"href":"https:\/\/yotavis.ch\/de\/wp-json\/wp\/v2\/product\/3802","targetHints":{"allow":["GET"]}}],"collection":[{"href":"https:\/\/yotavis.ch\/de\/wp-json\/wp\/v2\/product"}],"about":[{"href":"https:\/\/yotavis.ch\/de\/wp-json\/wp\/v2\/types\/product"}],"replies":[{"embeddable":true,"href":"https:\/\/yotavis.ch\/de\/wp-json\/wp\/v2\/comments?post=3802"}],"wp:featuredmedia":[{"embeddable":true,"href":"https:\/\/yotavis.ch\/de\/wp-json\/wp\/v2\/media\/6877"}],"wp:attachment":[{"href":"https:\/\/yotavis.ch\/de\/wp-json\/wp\/v2\/media?parent=3802"}],"wp:term":[{"taxonomy":"product_brand","embeddable":true,"href":"https:\/\/yotavis.ch\/de\/wp-json\/wp\/v2\/product_brand?post=3802"},{"taxonomy":"product_cat","embeddable":true,"href":"https:\/\/yotavis.ch\/de\/wp-json\/wp\/v2\/product_cat?post=3802"},{"taxonomy":"product_tag","embeddable":true,"href":"https:\/\/yotavis.ch\/de\/wp-json\/wp\/v2\/product_tag?post=3802"}],"curies":[{"name":"wp","href":"https:\/\/api.w.org\/{rel}","templated":true}]}}