{"id":3803,"date":"2025-10-09T00:00:00","date_gmt":"2025-10-08T22:00:00","guid":{"rendered":"https:\/\/yotavis.ch\/product\/kwr42a\/"},"modified":"2026-04-24T13:30:18","modified_gmt":"2026-04-24T11:30:18","slug":"kwr42a","status":"publish","type":"product","link":"https:\/\/yotavis.ch\/de\/produkt\/kwr42a\/","title":{"rendered":"KWR42A"},"content":{"rendered":"<p>Das KWR42A ist ein Hohlleiterkalibrierungsset f\u00fcr den Frequenzbereich von 18 bis 26,5 GHz. Das von Siglent hergestellte Produkt verf\u00fcgt \u00fcber einen Hohlleiteranschluss, der die Kompatibilit\u00e4t mit einschl\u00e4gigen Hochfrequenzmessger\u00e4ten gew\u00e4hrleistet. Das Kit ist f\u00fcr pr\u00e4zise Kalibrierungsaufgaben innerhalb seines spezifizierten Frequenzbereichs vorgesehen. Es enth\u00e4lt keine zus\u00e4tzlichen Spezifikationen wie Leistung, Spannung, Strom oder Speicherdetails. Das Design konzentriert sich auf die Erleichterung einer pr\u00e4zisen Hohlleiterkalibrierung, ohne Funktionen wie Fernsteuerung oder digitale Kan\u00e4le einzubeziehen. Dieses Kalibrierungs-Kit eignet sich f\u00fcr den Einsatz in Umgebungen, in denen Hohlleitermessungen kritisch sind, und bietet ein zuverl\u00e4ssiges Werkzeug zur Aufrechterhaltung der Messgenauigkeit im Bereich von 18 bis 26,5 GHz.<\/p>","protected":false},"excerpt":{"rendered":"<p>18~26,5 GHz Hohlleiter-Kit<\/p>","protected":false},"featured_media":6880,"comment_status":"closed","ping_status":"closed","template":"","meta":{"_acf_changed":false,"slim_seo":{"title":"KWR42A - YOTAVIS AG","description":"18~26,5 GHz Hohlleiter-Kit"}},"product_brand":[506],"product_cat":[526,528],"product_tag":[],"class_list":{"0":"post-3803","1":"product","2":"type-product","3":"status-publish","4":"has-post-thumbnail","6":"product_brand-siglent","7":"product_cat-accessories","8":"product_cat-calibration-kits","9":"pa_connector-waveguide","11":"first","12":"instock","13":"taxable","14":"shipping-taxable","15":"purchasable","16":"product-type-simple"},"acf":[],"_links":{"self":[{"href":"https:\/\/yotavis.ch\/de\/wp-json\/wp\/v2\/product\/3803","targetHints":{"allow":["GET"]}}],"collection":[{"href":"https:\/\/yotavis.ch\/de\/wp-json\/wp\/v2\/product"}],"about":[{"href":"https:\/\/yotavis.ch\/de\/wp-json\/wp\/v2\/types\/product"}],"replies":[{"embeddable":true,"href":"https:\/\/yotavis.ch\/de\/wp-json\/wp\/v2\/comments?post=3803"}],"wp:featuredmedia":[{"embeddable":true,"href":"https:\/\/yotavis.ch\/de\/wp-json\/wp\/v2\/media\/6880"}],"wp:attachment":[{"href":"https:\/\/yotavis.ch\/de\/wp-json\/wp\/v2\/media?parent=3803"}],"wp:term":[{"taxonomy":"product_brand","embeddable":true,"href":"https:\/\/yotavis.ch\/de\/wp-json\/wp\/v2\/product_brand?post=3803"},{"taxonomy":"product_cat","embeddable":true,"href":"https:\/\/yotavis.ch\/de\/wp-json\/wp\/v2\/product_cat?post=3803"},{"taxonomy":"product_tag","embeddable":true,"href":"https:\/\/yotavis.ch\/de\/wp-json\/wp\/v2\/product_tag?post=3803"}],"curies":[{"name":"wp","href":"https:\/\/api.w.org\/{rel}","templated":true}]}}