{"id":3804,"date":"2025-10-09T00:00:00","date_gmt":"2025-10-08T22:00:00","guid":{"rendered":"https:\/\/yotavis.ch\/product\/sem5002a\/"},"modified":"2026-04-24T13:30:18","modified_gmt":"2026-04-24T11:30:18","slug":"sem5002a","status":"publish","type":"product","link":"https:\/\/yotavis.ch\/de\/produkt\/sem5002a\/","title":{"rendered":"SEM5002A"},"content":{"rendered":"<p>Der SEM5002A von Siglent verf\u00fcgt \u00fcber zwei Anschl\u00fcsse und arbeitet in einem Frequenzbereich von 9 kHz bis 4,5 GHz. Es ist mit SMA-Buchsen ausgestattet, die die Kompatibilit\u00e4t mit einer Vielzahl von HF-Testaufbauten gew\u00e4hrleisten. Dieses Ger\u00e4t ist f\u00fcr die Verarbeitung von Signalen in einem breiten Spektrum ausgelegt und eignet sich daher f\u00fcr verschiedene Anwendungen, die pr\u00e4zise Frequenzmessungen erfordern. Die zwei Anschl\u00fcsse erm\u00f6glichen flexible Pr\u00fcfkonfigurationen und Signalf\u00fchrung. Der Frequenzbereich reicht von 9 kHz bis zu 4,5 GHz und deckt damit sowohl nieder- als auch hochfrequente Signale ab. Die SMA-Buchsen bieten eine sichere und zuverl\u00e4ssige Verbindung f\u00fcr HF-Signale. Dieses Produkt ist auf Benutzer zugeschnitten, die eine genaue und stabile Frequenzverarbeitung innerhalb des angegebenen Bereichs ben\u00f6tigen.<\/p>","protected":false},"excerpt":{"rendered":"<p>2 Anschl\u00fcsse, 9 kHz~4,5 GHz, SMA-Buchse<\/p>","protected":false},"featured_media":6894,"comment_status":"closed","ping_status":"closed","template":"","meta":{"_acf_changed":false,"slim_seo":{"title":"SEM5002A - YOTAVIS AG","description":"2 Anschl\u00fcsse, 9 kHz~4,5 GHz, SMA-Buchse"}},"product_brand":[506],"product_cat":[526,528],"product_tag":[],"class_list":{"0":"post-3804","1":"product","2":"type-product","3":"status-publish","4":"has-post-thumbnail","6":"product_brand-siglent","7":"product_cat-accessories","8":"product_cat-calibration-kits","9":"pa_connector-sma","11":"first","12":"instock","13":"taxable","14":"shipping-taxable","15":"purchasable","16":"product-type-simple"},"acf":[],"_links":{"self":[{"href":"https:\/\/yotavis.ch\/de\/wp-json\/wp\/v2\/product\/3804","targetHints":{"allow":["GET"]}}],"collection":[{"href":"https:\/\/yotavis.ch\/de\/wp-json\/wp\/v2\/product"}],"about":[{"href":"https:\/\/yotavis.ch\/de\/wp-json\/wp\/v2\/types\/product"}],"replies":[{"embeddable":true,"href":"https:\/\/yotavis.ch\/de\/wp-json\/wp\/v2\/comments?post=3804"}],"wp:featuredmedia":[{"embeddable":true,"href":"https:\/\/yotavis.ch\/de\/wp-json\/wp\/v2\/media\/6894"}],"wp:attachment":[{"href":"https:\/\/yotavis.ch\/de\/wp-json\/wp\/v2\/media?parent=3804"}],"wp:term":[{"taxonomy":"product_brand","embeddable":true,"href":"https:\/\/yotavis.ch\/de\/wp-json\/wp\/v2\/product_brand?post=3804"},{"taxonomy":"product_cat","embeddable":true,"href":"https:\/\/yotavis.ch\/de\/wp-json\/wp\/v2\/product_cat?post=3804"},{"taxonomy":"product_tag","embeddable":true,"href":"https:\/\/yotavis.ch\/de\/wp-json\/wp\/v2\/product_tag?post=3804"}],"curies":[{"name":"wp","href":"https:\/\/api.w.org\/{rel}","templated":true}]}}