{"id":3806,"date":"2025-10-09T00:00:00","date_gmt":"2025-10-08T22:00:00","guid":{"rendered":"https:\/\/yotavis.ch\/product\/sem5022a\/"},"modified":"2026-04-24T13:30:19","modified_gmt":"2026-04-24T11:30:19","slug":"sem5022a","status":"publish","type":"product","link":"https:\/\/yotavis.ch\/de\/produkt\/sem5022a\/","title":{"rendered":"SEM5022A"},"content":{"rendered":"<p>Das Siglent SEM5022A verf\u00fcgt \u00fcber zwei Anschl\u00fcsse und arbeitet in einem Frequenzbereich von 100 kHz bis 13,5 GHz. Es ist mit 3,5-mm-Buchsen ausgestattet, die eine zuverl\u00e4ssige und sichere Verbindung erm\u00f6glichen. Dieses Produkt ist f\u00fcr ein breites Spektrum von Signalen ausgelegt und eignet sich daher f\u00fcr verschiedene Pr\u00fcf- und Messanwendungen. Die Frequenzf\u00e4higkeiten des Ger\u00e4ts reichen vom niedrigen Kilohertzbereich bis hin zum Mikrowellenbereich und bieten somit eine gro\u00dfe Vielseitigkeit bei der Signalanalyse. Die Konfiguration mit zwei Anschl\u00fcssen erm\u00f6glicht gleichzeitige Messungen oder Vergleiche zwischen zwei Signalen. Die 3,5-mm-Buchsen sind in HF-Pr\u00fcfger\u00e4ten Standard und gew\u00e4hrleisten die Kompatibilit\u00e4t mit einer breiten Palette von Kabeln und Zubeh\u00f6r. Insgesamt bietet das SEM5022A einen umfassenden Frequenzbereich und einen Steckertyp, der f\u00fcr pr\u00e4zise und flexible Signalpr\u00fcfungen geeignet ist.<\/p>","protected":false},"excerpt":{"rendered":"<p>2 Anschl\u00fcsse, 100 kHz~13,5 GHz, 3,5 mm Buchse<\/p>","protected":false},"featured_media":6898,"comment_status":"closed","ping_status":"closed","template":"","meta":{"_acf_changed":false,"slim_seo":{"title":"SEM5022A - YOTAVIS AG","description":"2 Anschl\u00fcsse, 100 kHz~13,5 GHz, 3,5 mm Buchse"}},"product_brand":[506],"product_cat":[526,528],"product_tag":[],"class_list":{"0":"post-3806","1":"product","2":"type-product","3":"status-publish","4":"has-post-thumbnail","6":"product_brand-siglent","7":"product_cat-accessories","8":"product_cat-calibration-kits","9":"pa_connector-35mm","11":"first","12":"instock","13":"taxable","14":"shipping-taxable","15":"purchasable","16":"product-type-simple"},"acf":[],"_links":{"self":[{"href":"https:\/\/yotavis.ch\/de\/wp-json\/wp\/v2\/product\/3806","targetHints":{"allow":["GET"]}}],"collection":[{"href":"https:\/\/yotavis.ch\/de\/wp-json\/wp\/v2\/product"}],"about":[{"href":"https:\/\/yotavis.ch\/de\/wp-json\/wp\/v2\/types\/product"}],"replies":[{"embeddable":true,"href":"https:\/\/yotavis.ch\/de\/wp-json\/wp\/v2\/comments?post=3806"}],"wp:featuredmedia":[{"embeddable":true,"href":"https:\/\/yotavis.ch\/de\/wp-json\/wp\/v2\/media\/6898"}],"wp:attachment":[{"href":"https:\/\/yotavis.ch\/de\/wp-json\/wp\/v2\/media?parent=3806"}],"wp:term":[{"taxonomy":"product_brand","embeddable":true,"href":"https:\/\/yotavis.ch\/de\/wp-json\/wp\/v2\/product_brand?post=3806"},{"taxonomy":"product_cat","embeddable":true,"href":"https:\/\/yotavis.ch\/de\/wp-json\/wp\/v2\/product_cat?post=3806"},{"taxonomy":"product_tag","embeddable":true,"href":"https:\/\/yotavis.ch\/de\/wp-json\/wp\/v2\/product_tag?post=3806"}],"curies":[{"name":"wp","href":"https:\/\/api.w.org\/{rel}","templated":true}]}}