{"id":3809,"date":"2025-10-09T00:00:00","date_gmt":"2025-10-08T22:00:00","guid":{"rendered":"https:\/\/yotavis.ch\/product\/sem5014a\/"},"modified":"2026-04-24T13:30:22","modified_gmt":"2026-04-24T11:30:22","slug":"sem5014a","status":"publish","type":"product","link":"https:\/\/yotavis.ch\/de\/produkt\/sem5014a\/","title":{"rendered":"SEM5014A"},"content":{"rendered":"<p>Der Siglent SEM5014A verf\u00fcgt \u00fcber vier Anschl\u00fcsse und arbeitet in einem Frequenzbereich von 9 kHz bis 9 GHz. Es ist mit SMA-Buchsen ausgestattet, die die Kompatibilit\u00e4t mit einer Vielzahl von HF-Ger\u00e4ten gew\u00e4hrleisten. Dieses Modell ist f\u00fcr die Verarbeitung von Signalen in einem breiten Spektrum ausgelegt und eignet sich daher f\u00fcr verschiedene Test- und Messanwendungen. Die Konstruktion und die Spezifikationen des Ger\u00e4ts konzentrieren sich auf eine zuverl\u00e4ssige Konnektivit\u00e4t und Frequenzabdeckung. Die Konfiguration mit vier Anschl\u00fcssen erm\u00f6glicht mehrere gleichzeitige Messungen oder Optionen f\u00fcr die Signalweiterleitung. Der SEM5014A ist Teil der Produktpalette von Siglent, die f\u00fcr Pr\u00e4zision und technische Leistung bei elektronischen Pr\u00fcfger\u00e4ten bekannt ist.<\/p>","protected":false},"excerpt":{"rendered":"<p>4 Anschl\u00fcsse, 9 kHz~9 GHz, SMA-Buchse<\/p>","protected":false},"featured_media":6904,"comment_status":"closed","ping_status":"closed","template":"","meta":{"_acf_changed":false,"slim_seo":{"title":"SEM5014A - YOTAVIS AG","description":"4 Anschl\u00fcsse, 9 kHz~9 GHz, SMA-Buchse"}},"product_brand":[506],"product_cat":[526,528],"product_tag":[],"class_list":{"0":"post-3809","1":"product","2":"type-product","3":"status-publish","4":"has-post-thumbnail","6":"product_brand-siglent","7":"product_cat-accessories","8":"product_cat-calibration-kits","9":"pa_connector-sma","11":"first","12":"instock","13":"taxable","14":"shipping-taxable","15":"purchasable","16":"product-type-simple"},"acf":[],"_links":{"self":[{"href":"https:\/\/yotavis.ch\/de\/wp-json\/wp\/v2\/product\/3809","targetHints":{"allow":["GET"]}}],"collection":[{"href":"https:\/\/yotavis.ch\/de\/wp-json\/wp\/v2\/product"}],"about":[{"href":"https:\/\/yotavis.ch\/de\/wp-json\/wp\/v2\/types\/product"}],"replies":[{"embeddable":true,"href":"https:\/\/yotavis.ch\/de\/wp-json\/wp\/v2\/comments?post=3809"}],"wp:featuredmedia":[{"embeddable":true,"href":"https:\/\/yotavis.ch\/de\/wp-json\/wp\/v2\/media\/6904"}],"wp:attachment":[{"href":"https:\/\/yotavis.ch\/de\/wp-json\/wp\/v2\/media?parent=3809"}],"wp:term":[{"taxonomy":"product_brand","embeddable":true,"href":"https:\/\/yotavis.ch\/de\/wp-json\/wp\/v2\/product_brand?post=3809"},{"taxonomy":"product_cat","embeddable":true,"href":"https:\/\/yotavis.ch\/de\/wp-json\/wp\/v2\/product_cat?post=3809"},{"taxonomy":"product_tag","embeddable":true,"href":"https:\/\/yotavis.ch\/de\/wp-json\/wp\/v2\/product_tag?post=3809"}],"curies":[{"name":"wp","href":"https:\/\/api.w.org\/{rel}","templated":true}]}}