{"id":3811,"date":"2025-10-09T00:00:00","date_gmt":"2025-10-08T22:00:00","guid":{"rendered":"https:\/\/yotavis.ch\/product\/sem5034a\/"},"modified":"2026-04-24T13:30:23","modified_gmt":"2026-04-24T11:30:23","slug":"sem5034a","status":"publish","type":"product","link":"https:\/\/yotavis.ch\/de\/produkt\/sem5034a\/","title":{"rendered":"SEM5034A"},"content":{"rendered":"<p>Das Siglent SEM5034A verf\u00fcgt \u00fcber vier Anschl\u00fcsse und arbeitet in einem Frequenzbereich von 100 kHz bis 26,5 GHz. Es ist mit 3,5-mm-Buchsen ausgestattet, die die Kompatibilit\u00e4t mit einer Vielzahl von HF-Messaufbauten gew\u00e4hrleisten. Dieses Produkt ist f\u00fcr die Verarbeitung von Hochfrequenzsignalen ausgelegt und eignet sich daher f\u00fcr Anwendungen, die eine pr\u00e4zise Signalanalyse \u00fcber ein breites Spektrum hinweg erfordern. Die Einbeziehung mehrerer Anschl\u00fcsse erm\u00f6glicht gleichzeitige Messungen oder Tests mehrerer Signale. Seine Konstruktion und sein Steckertyp unterst\u00fctzen zuverl\u00e4ssige und stabile Verbindungen, die f\u00fcr eine genaue Datenerfassung unerl\u00e4sslich sind. Der von diesem Ger\u00e4t abgedeckte Frequenzbereich reicht von niederfrequenten Signalen ab 100 kHz bis hin zu Mikrowellenfrequenzen von 26,5 GHz, was eine vielseitige Verwendung in Testumgebungen erm\u00f6glicht. Das SEM5034A ist Teil der Produktpalette von Siglent, die f\u00fcr die Herstellung von Ger\u00e4ten bekannt ist, die auf die Bed\u00fcrfnisse von HF- und Mikrowellen-Testspezialisten zugeschnitten sind.<\/p>","protected":false},"excerpt":{"rendered":"<p>4 Anschl\u00fcsse, 100 kHz~26,5 GHz, 3,5 mm Buchse<\/p>","protected":false},"featured_media":6905,"comment_status":"closed","ping_status":"closed","template":"","meta":{"_acf_changed":false,"slim_seo":{"title":"SEM5034A - YOTAVIS AG","description":"4 Anschl\u00fcsse, 100 kHz~26,5 GHz, 3,5 mm Buchse"}},"product_brand":[506],"product_cat":[526,528],"product_tag":[],"class_list":{"0":"post-3811","1":"product","2":"type-product","3":"status-publish","4":"has-post-thumbnail","6":"product_brand-siglent","7":"product_cat-accessories","8":"product_cat-calibration-kits","9":"pa_connector-35mm","11":"first","12":"instock","13":"taxable","14":"shipping-taxable","15":"purchasable","16":"product-type-simple"},"acf":[],"_links":{"self":[{"href":"https:\/\/yotavis.ch\/de\/wp-json\/wp\/v2\/product\/3811","targetHints":{"allow":["GET"]}}],"collection":[{"href":"https:\/\/yotavis.ch\/de\/wp-json\/wp\/v2\/product"}],"about":[{"href":"https:\/\/yotavis.ch\/de\/wp-json\/wp\/v2\/types\/product"}],"replies":[{"embeddable":true,"href":"https:\/\/yotavis.ch\/de\/wp-json\/wp\/v2\/comments?post=3811"}],"wp:featuredmedia":[{"embeddable":true,"href":"https:\/\/yotavis.ch\/de\/wp-json\/wp\/v2\/media\/6905"}],"wp:attachment":[{"href":"https:\/\/yotavis.ch\/de\/wp-json\/wp\/v2\/media?parent=3811"}],"wp:term":[{"taxonomy":"product_brand","embeddable":true,"href":"https:\/\/yotavis.ch\/de\/wp-json\/wp\/v2\/product_brand?post=3811"},{"taxonomy":"product_cat","embeddable":true,"href":"https:\/\/yotavis.ch\/de\/wp-json\/wp\/v2\/product_cat?post=3811"},{"taxonomy":"product_tag","embeddable":true,"href":"https:\/\/yotavis.ch\/de\/wp-json\/wp\/v2\/product_tag?post=3811"}],"curies":[{"name":"wp","href":"https:\/\/api.w.org\/{rel}","templated":true}]}}