{"id":3813,"date":"2025-10-09T00:00:00","date_gmt":"2025-10-08T22:00:00","guid":{"rendered":"https:\/\/yotavis.ch\/product\/sma-sma-18l\/"},"modified":"2026-04-24T13:30:25","modified_gmt":"2026-04-24T11:30:25","slug":"sma-sma-18l","status":"publish","type":"product","link":"https:\/\/yotavis.ch\/de\/produkt\/sma-sma-18l\/","title":{"rendered":"SMA-SMA-18L"},"content":{"rendered":"<p>Das SMA-SMA-18L ist ein Kabel mit SMA-Steckern an beiden Enden, das f\u00fcr den Betrieb bis zu einer Frequenz von 18 GHz ausgelegt ist. Dieses von Siglent hergestellte Kabel ist f\u00fcr Hochfrequenzanwendungen geeignet, die eine zuverl\u00e4ssige Signal\u00fcbertragung erfordern. Die Verwendung von SMA-Steckern gew\u00e4hrleistet eine sichere und stabile Verbindung, die f\u00fcr die Aufrechterhaltung der Signalintegrit\u00e4t bei Mikrowellenfrequenzen unerl\u00e4sslich ist. Die Konstruktion des Kabels unterst\u00fctzt Frequenzen bis zu 18 GHz, wodurch es mit einer Reihe von HF- und Mikrowellenpr\u00fcfger\u00e4ten kompatibel ist. Das Kabel ist so konzipiert, dass es Signale innerhalb dieses Frequenzbereichs ohne nennenswerte Verluste oder St\u00f6rungen verarbeiten kann. Dieses Produkt ist ideal f\u00fcr den Einsatz in Umgebungen, in denen eine pr\u00e4zise und konsistente Signal\u00fcbertragung erforderlich ist. Das SMA-SMA-18L-Kabel ist eine Komponente, die in verschiedene Aufbauten integriert werden kann, die eine Hochfrequenzverbindung erfordern.<\/p>","protected":false},"excerpt":{"rendered":"<p>SMA(M)-SMA(M)-Kabel, 18 GHz<\/p>","protected":false},"featured_media":6910,"comment_status":"closed","ping_status":"closed","template":"","meta":{"_acf_changed":false,"slim_seo":{"title":"SMA-SMA-18L - YOTAVIS AG","description":"SMA(M)-SMA(M)-Kabel, 18 GHz"}},"product_brand":[506],"product_cat":[526,530],"product_tag":[],"class_list":{"0":"post-3813","1":"product","2":"type-product","3":"status-publish","4":"has-post-thumbnail","6":"product_brand-siglent","7":"product_cat-accessories","8":"product_cat-cable","9":"pa_connector-sma","11":"first","12":"instock","13":"taxable","14":"shipping-taxable","15":"purchasable","16":"product-type-simple"},"acf":[],"_links":{"self":[{"href":"https:\/\/yotavis.ch\/de\/wp-json\/wp\/v2\/product\/3813","targetHints":{"allow":["GET"]}}],"collection":[{"href":"https:\/\/yotavis.ch\/de\/wp-json\/wp\/v2\/product"}],"about":[{"href":"https:\/\/yotavis.ch\/de\/wp-json\/wp\/v2\/types\/product"}],"replies":[{"embeddable":true,"href":"https:\/\/yotavis.ch\/de\/wp-json\/wp\/v2\/comments?post=3813"}],"wp:featuredmedia":[{"embeddable":true,"href":"https:\/\/yotavis.ch\/de\/wp-json\/wp\/v2\/media\/6910"}],"wp:attachment":[{"href":"https:\/\/yotavis.ch\/de\/wp-json\/wp\/v2\/media?parent=3813"}],"wp:term":[{"taxonomy":"product_brand","embeddable":true,"href":"https:\/\/yotavis.ch\/de\/wp-json\/wp\/v2\/product_brand?post=3813"},{"taxonomy":"product_cat","embeddable":true,"href":"https:\/\/yotavis.ch\/de\/wp-json\/wp\/v2\/product_cat?post=3813"},{"taxonomy":"product_tag","embeddable":true,"href":"https:\/\/yotavis.ch\/de\/wp-json\/wp\/v2\/product_tag?post=3813"}],"curies":[{"name":"wp","href":"https:\/\/api.w.org\/{rel}","templated":true}]}}