{"id":3816,"date":"2025-10-09T00:00:00","date_gmt":"2025-10-08T22:00:00","guid":{"rendered":"https:\/\/yotavis.ch\/product\/smaf-sma-26l\/"},"modified":"2026-04-24T13:30:26","modified_gmt":"2026-04-24T11:30:26","slug":"smaf-sma-26l","status":"publish","type":"product","link":"https:\/\/yotavis.ch\/de\/produkt\/smaf-sma-26l\/","title":{"rendered":"SMAF-SMA-26L"},"content":{"rendered":"<p>Das SMAF-SMA-26L ist ein Kabel mit SMA-Buchse auf SMA-Stecker, das f\u00fcr Frequenzen bis zu 26 GHz ausgelegt ist. Dieses von Siglent hergestellte Kabel ist f\u00fcr Hochfrequenzanwendungen geeignet, die eine zuverl\u00e4ssige Signal\u00fcbertragung erfordern. Die SMA-Stecker gew\u00e4hrleisten sichere und stabile Verbindungen, die h\u00e4ufig in HF- und Mikrowellensystemen verwendet werden. Seine Konstruktion unterst\u00fctzt die Verarbeitung von Signalen innerhalb des spezifizierten Frequenzbereichs, wodurch es mit verschiedenen Test- und Messger\u00e4ten kompatibel ist. Das Design des Kabels konzentriert sich auf die Aufrechterhaltung der Signalintegrit\u00e4t bei hohen Frequenzen, was in fortschrittlichen elektronischen Aufbauten entscheidend ist. Dieses Produkt ist Teil des Siglent-Sortiments an Komponenten, die auf Pr\u00e4zision und Leistung in elektronischen Testumgebungen zugeschnitten sind.<\/p>","protected":false},"excerpt":{"rendered":"<p>SMA(F)-SMA(M)-Kabel, 26 GHz<\/p>","protected":false},"featured_media":6911,"comment_status":"closed","ping_status":"closed","template":"","meta":{"_acf_changed":false,"slim_seo":{"title":"SMAF-SMA-26L - YOTAVIS AG","description":"SMA(F)-SMA(M)-Kabel, 26 GHz"}},"product_brand":[506],"product_cat":[526,530],"product_tag":[],"class_list":{"0":"post-3816","1":"product","2":"type-product","3":"status-publish","4":"has-post-thumbnail","6":"product_brand-siglent","7":"product_cat-accessories","8":"product_cat-cable","9":"pa_connector-sma","11":"first","12":"instock","13":"taxable","14":"shipping-taxable","15":"purchasable","16":"product-type-simple"},"acf":[],"_links":{"self":[{"href":"https:\/\/yotavis.ch\/de\/wp-json\/wp\/v2\/product\/3816","targetHints":{"allow":["GET"]}}],"collection":[{"href":"https:\/\/yotavis.ch\/de\/wp-json\/wp\/v2\/product"}],"about":[{"href":"https:\/\/yotavis.ch\/de\/wp-json\/wp\/v2\/types\/product"}],"replies":[{"embeddable":true,"href":"https:\/\/yotavis.ch\/de\/wp-json\/wp\/v2\/comments?post=3816"}],"wp:featuredmedia":[{"embeddable":true,"href":"https:\/\/yotavis.ch\/de\/wp-json\/wp\/v2\/media\/6911"}],"wp:attachment":[{"href":"https:\/\/yotavis.ch\/de\/wp-json\/wp\/v2\/media?parent=3816"}],"wp:term":[{"taxonomy":"product_brand","embeddable":true,"href":"https:\/\/yotavis.ch\/de\/wp-json\/wp\/v2\/product_brand?post=3816"},{"taxonomy":"product_cat","embeddable":true,"href":"https:\/\/yotavis.ch\/de\/wp-json\/wp\/v2\/product_cat?post=3816"},{"taxonomy":"product_tag","embeddable":true,"href":"https:\/\/yotavis.ch\/de\/wp-json\/wp\/v2\/product_tag?post=3816"}],"curies":[{"name":"wp","href":"https:\/\/api.w.org\/{rel}","templated":true}]}}