{"id":3818,"date":"2025-10-09T00:00:00","date_gmt":"2025-10-08T22:00:00","guid":{"rendered":"https:\/\/yotavis.ch\/product\/v26-n35fa35f-25in\/"},"modified":"2026-04-24T13:30:27","modified_gmt":"2026-04-24T11:30:27","slug":"v26-n35fa35f-25in","status":"publish","type":"product","link":"https:\/\/yotavis.ch\/de\/produkt\/v26-n35fa35f-25in\/","title":{"rendered":"V26-N35FA35F-25IN"},"content":{"rendered":"<p>Das V26-N35FA35F-25IN von Siglent verf\u00fcgt \u00fcber NMD 3,5 mm-Buchsen auf APC 3,5 mm-Buchsen, die f\u00fcr Anwendungen mit einer Frequenz von 26,5 GHz entwickelt wurden. Dieses Produkt hat eine L\u00e4nge von 25 Zoll, was 635 Millimetern entspricht, und eignet sich damit f\u00fcr Aufbauten, die pr\u00e4zise Kabelabmessungen erfordern. Der Steckertyp ist 3,5 mm, der \u00fcblicherweise bei der \u00dcbertragung von Hochfrequenzsignalen verwendet wird. Das Design unterst\u00fctzt Hochfrequenzleistungen bis zu 26,5 GHz und gew\u00e4hrleistet die Kompatibilit\u00e4t mit modernen Elektronik- und Kommunikationssystemen. Die Kabell\u00e4nge und die Steckerspezifikationen weisen auf den Einsatz in Umgebungen hin, in denen Signalintegrit\u00e4t und minimaler Verlust entscheidend sind. Dieses Produkt ist Teil des Siglent-Sortiments, das f\u00fcr technische Komponenten bekannt ist, die auf spezifische Frequenz- und Steckeranforderungen zugeschnitten sind.<\/p>","protected":false},"excerpt":{"rendered":"<p>NMD 3.5 mm female &#8211; APC 3.5 mm female; 26.5 GHz; length 25&#8221;\/635mm<\/p>","protected":false},"featured_media":6913,"comment_status":"closed","ping_status":"closed","template":"","meta":{"_acf_changed":false,"slim_seo":{"title":"V26-N35FA35F-25IN - YOTAVIS AG","description":"NMD 3,5 mm Buchse - APC 3,5 mm Buchse; 26,5 GHz; L\u00e4nge 25''\/635mm"}},"product_brand":[506],"product_cat":[526,530],"product_tag":[],"class_list":{"0":"post-3818","1":"product","2":"type-product","3":"status-publish","4":"has-post-thumbnail","6":"product_brand-siglent","7":"product_cat-accessories","8":"product_cat-cable","9":"pa_connector-35mm","11":"first","12":"instock","13":"taxable","14":"shipping-taxable","15":"purchasable","16":"product-type-simple"},"acf":[],"_links":{"self":[{"href":"https:\/\/yotavis.ch\/de\/wp-json\/wp\/v2\/product\/3818","targetHints":{"allow":["GET"]}}],"collection":[{"href":"https:\/\/yotavis.ch\/de\/wp-json\/wp\/v2\/product"}],"about":[{"href":"https:\/\/yotavis.ch\/de\/wp-json\/wp\/v2\/types\/product"}],"replies":[{"embeddable":true,"href":"https:\/\/yotavis.ch\/de\/wp-json\/wp\/v2\/comments?post=3818"}],"wp:featuredmedia":[{"embeddable":true,"href":"https:\/\/yotavis.ch\/de\/wp-json\/wp\/v2\/media\/6913"}],"wp:attachment":[{"href":"https:\/\/yotavis.ch\/de\/wp-json\/wp\/v2\/media?parent=3818"}],"wp:term":[{"taxonomy":"product_brand","embeddable":true,"href":"https:\/\/yotavis.ch\/de\/wp-json\/wp\/v2\/product_brand?post=3818"},{"taxonomy":"product_cat","embeddable":true,"href":"https:\/\/yotavis.ch\/de\/wp-json\/wp\/v2\/product_cat?post=3818"},{"taxonomy":"product_tag","embeddable":true,"href":"https:\/\/yotavis.ch\/de\/wp-json\/wp\/v2\/product_tag?post=3818"}],"curies":[{"name":"wp","href":"https:\/\/api.w.org\/{rel}","templated":true}]}}